{"id":708,"date":"2009-08-05T20:12:11","date_gmt":"2009-08-05T18:12:11","guid":{"rendered":"https:\/\/lovelab.berlin\/?page_id=708"},"modified":"2023-08-23T17:01:04","modified_gmt":"2023-08-23T15:01:04","slug":"loveparty-intl","status":"publish","type":"page","link":"https:\/\/lovelab.berlin\/de\/loveparty-intl\/","title":{"rendered":"Loveparty Intl. | Tim Ra"},"content":{"rendered":"<div class=\"wpb-content-wrapper\">\n<div  data-mk-full-width=\"true\" data-mk-full-width-init=\"false\" data-mk-stretch-content=\"true\" class=\"wpb_row vc_row vc_row-fluid jupiter-donut- mk-fullwidth-true  attched-false     js-master-row  mk-full-content-true\">\n\t\t\t\t\n<div class=\"vc_col-sm-12 wpb_column column_container  jupiter-donut- _ jupiter-donut-height-full\">\n\t\t<div class=\" vc_custom_1579271920467\">\n\n<div id=\"text-block-2\" class=\"mk-text-block  jupiter-donut- \">\n\n\t\n\t<p>[iframe id=&#8221;https:\/\/www.youtube.com\/embed\/KeMcm_SiD_E?showinfo=1&amp;modestbranding=1&amp;autoplay=1&amp;controls=0&amp;fs=0&amp;rel=0&#8243; align=&#8221;center&#8221; mode=&#8221;normal&#8221; autoplay=&#8221;yes&#8221; aspect_ratio=&#8221;16:9&#8243; maxwidth=&#8221;4096&#8243; grow=&#8221;yes&#8221;]<\/p>\n\n\t<div class=\"clearboth\"><\/div>\n<\/div>\n\n\t<\/div>\n<\/div>\n\t<\/div>\n<div class=\"vc_row-full-width vc_clearfix\"><\/div>\n<div  data-mk-stretch-content=\"true\" class=\"wpb_row vc_row vc_row-fluid jupiter-donut- mk-fullwidth-false  attched-false     js-master-row  mk-grid\">\n\t\t\t\t\n<div class=\"vc_col-sm-4 wpb_column column_container  jupiter-donut- _ jupiter-donut-height-full\">\n\t<\/div>\n\n<div class=\"vc_col-sm-4 wpb_column column_container  jupiter-donut- _ jupiter-donut-height-full\">\n\t\n<h3  id=\"mk-title-box-5\" class=\"mk-title-box jupiter-donut-clearfix  jupiter-donut-\">\n\t<span>Loveparty International | Tim Ra<\/span>\n<\/h3>\n\n\t<div class=\" vc_custom_1619430863293\">\n\n<div id=\"text-block-6\" class=\"mk-text-block  jupiter-donut- \">\n\n\t\n\t<p>Frauen, die wissen, was sie wollen: Loveparty International. Genuss, Exzess, Verschwendung. Der Bass bounced, die Synthies quietschen, die Beats klatschen feucht, w\u00e4hrend HipHop-Schampus Cristal \u00fcber die Haut flie\u00dft. Dank :tim und seines kongenialen Clip-Regisseur Gregor Marvel ist das Studio 54 in Berlin gelandet.<\/p>\n<p>Loveparty International ist auf dem \u201eJupiter\u201c-Album zu h\u00f6ren: <a href=\"https:\/\/tim-ra.bandcamp.com\/\" target=\"_blank\" rel=\"noopener noreferrer\">https:\/\/tim-ra.bandcamp.com\/<\/a><\/p>\n\n\t<div class=\"clearboth\"><\/div>\n<\/div>\n\n\t<\/div>\n<\/div>\n\n<div class=\"vc_col-sm-4 wpb_column column_container  jupiter-donut- _ jupiter-donut-height-full\">\n\t<\/div>\n\t<\/div>\n\n<\/div>","protected":false},"excerpt":{"rendered":"<p>Diese Frauen wissen, was sie wollen: Loveparty International. Genuss, Exzess, Verschwendung. Dank Clip-Regisseur Gregor Marvel ist das Studio 54 in Berlin gelandet.<\/p>","protected":false},"author":1,"featured_media":709,"parent":0,"menu_order":0,"comment_status":"closed","ping_status":"closed","template":"","meta":{"footnotes":""},"categories":[124],"tags":[],"class_list":["post-708","page","type-page","status-publish","has-post-thumbnail","hentry","category-works"],"aioseo_notices":[],"_links":{"self":[{"href":"https:\/\/lovelab.berlin\/de\/wp-json\/wp\/v2\/pages\/708","targetHints":{"allow":["GET"]}}],"collection":[{"href":"https:\/\/lovelab.berlin\/de\/wp-json\/wp\/v2\/pages"}],"about":[{"href":"https:\/\/lovelab.berlin\/de\/wp-json\/wp\/v2\/types\/page"}],"author":[{"embeddable":true,"href":"https:\/\/lovelab.berlin\/de\/wp-json\/wp\/v2\/users\/1"}],"replies":[{"embeddable":true,"href":"https:\/\/lovelab.berlin\/de\/wp-json\/wp\/v2\/comments?post=708"}],"version-history":[{"count":6,"href":"https:\/\/lovelab.berlin\/de\/wp-json\/wp\/v2\/pages\/708\/revisions"}],"predecessor-version":[{"id":1347,"href":"https:\/\/lovelab.berlin\/de\/wp-json\/wp\/v2\/pages\/708\/revisions\/1347"}],"wp:featuredmedia":[{"embeddable":true,"href":"https:\/\/lovelab.berlin\/de\/wp-json\/wp\/v2\/media\/709"}],"wp:attachment":[{"href":"https:\/\/lovelab.berlin\/de\/wp-json\/wp\/v2\/media?parent=708"}],"wp:term":[{"taxonomy":"category","embeddable":true,"href":"https:\/\/lovelab.berlin\/de\/wp-json\/wp\/v2\/categories?post=708"},{"taxonomy":"post_tag","embeddable":true,"href":"https:\/\/lovelab.berlin\/de\/wp-json\/wp\/v2\/tags?post=708"}],"curies":[{"name":"wp","href":"https:\/\/api.w.org\/{rel}","templated":true}]}}