{"id":628,"date":"2019-07-08T17:33:53","date_gmt":"2019-07-08T15:33:53","guid":{"rendered":"https:\/\/lovelab.berlin\/?page_id=628"},"modified":"2025-02-10T11:43:02","modified_gmt":"2025-02-10T10:43:02","slug":"datenschutz","status":"publish","type":"page","link":"https:\/\/lovelab.berlin\/de\/privacy\/","title":{"rendered":"Datenschutzbestimmungen"},"content":{"rendered":"<p><strong>Datenschutzbestimmungen<\/strong><\/p>\n<p>Die nachfolgende Datenschutzerkl\u00e4rung gilt f\u00fcr die Nutzung unseres Online-Angebots labor-defcon.org (nachfolgend \u201cWebsite\u201d). Wir messen dem Datenschutz gro\u00dfe Bedeutung bei. Die Erhebung und Verarbeitung Ihrer personenbezogenen Daten erfolgt unter Beachtung der geltenden datenschutzrechtlichen Bestimmungen, insbesondere der General Data Protection Regulation (GDPR).<\/p>\n<p><strong>1. Verantwortliche Partei<\/strong><br \/>\nDer Verantwortliche f\u00fcr die Erhebung, Verarbeitung und Nutzung Ihrer personenbezogenen Daten gem\u00e4\u00df Art. 4 Nr. 7 GDPR ist:<\/p>\n<p>Tim Ra Nowacki<br \/>\nPappelallee 25<br \/>\n10437 Berlin<\/p>\n<p>E-Mail: info@lovelab.berlin<\/p>\n<p>Gesch\u00e4ftsf\u00fchrender Direktor: Tim Ra Nowacki<\/p>\n<p>Wenn Sie der Erhebung, Verarbeitung oder Nutzung Ihrer Daten durch uns nach Ma\u00dfgabe dieser Datenschutzerkl\u00e4rung insgesamt oder f\u00fcr einzelne Ma\u00dfnahmen widersprechen wollen, k\u00f6nnen Sie Ihren Widerspruch an den Gesch\u00e4ftsf\u00fchrer richten. Sie k\u00f6nnen diese Datenschutzerkl\u00e4rung jederzeit speichern und ausdrucken.<\/p>\n<p><strong>2. Allgemeine Zwecke der Verarbeitung<\/strong><br \/>\nWir verwenden personenbezogene Daten, um Videoinhalte von YouTube anzubieten und ggf. Feed-Inhalte von Facebook anzuzeigen.<\/p>\n<p><strong>3. Welche Daten wir verwenden und warum<\/strong><br \/>\n<strong>3.1 Hosting<\/strong><br \/>\nDie von uns in Anspruch genommenen Hosting-Leistungen dienen der Zurverf\u00fcgungstellung der folgenden Leistungen: Infrastruktur- und Plattformdienstleistungen, Rechenkapazit\u00e4t, Speicherplatz und Datenbankdienste, Sicherheitsleistungen sowie technische Wartungsleistungen, die wir zum Zwecke des Betriebs der Website einsetzen.<\/p>\n<p>Dabei k\u00f6nnen wir bzw. unser Hostinganbieter Bestandsdaten, Kontaktdaten, Inhaltsdaten, Vertragsdaten, Nutzungsdaten, Meta- und Kommunikationsdaten von Kunden, Interessenten und Besuchern dieser Website auf Grundlage unserer berechtigten Interessen an einer effizienten und sicheren Zurverf\u00fcgungstellung unserer Website gem. 6 Abs. 1 S. 1 f) GDPR i.V.m. Art. 28 GDPR.<\/p>\n<p><strong>3.2 Zugangsdaten<\/strong><br \/>\nWir sammeln so weit wie m\u00f6glich keine Informationen \u00fcber Sie, wenn Sie diese Website nutzen. Es wird weder Google Analytics noch ein anderes Statistik-Tool verwendet. Wir k\u00f6nnen Daten \u00fcber Zugriffe auf unsere Website erheben und speichern (sog. Server-Logfiles). Zu den Zugriffsdaten k\u00f6nnen geh\u00f6ren:<\/p>\n<p>Name und URL der abgerufenen Datei<br \/>\nDatum und Uhrzeit des Abrufs<br \/>\n\u00dcbertragene Datenmenge<br \/>\nMeldung \u00fcber den erfolgreichen Abruf (HTTP-Antwortcode)<br \/>\nBrowsertyp und Browserversion<br \/>\nDas Betriebssystem<br \/>\nReferrer URL (d.h. die zuvor besuchte Seite)<br \/>\nWebsites, auf die das System des Nutzers \u00fcber unsere Website zugreift<br \/>\nDer Internetdienstanbieter des Nutzers<br \/>\nIP-Adresse und den anfragenden Anbieter<\/p>\n<p>Wir verwenden diese Protokolldaten ohne Zuordnung zu Ihrer Person oder sonstiger Profilerstellung f\u00fcr statistische Auswertungen zum Zweck des Betriebs, der Sicherheit und der Optimierung unserer Website. Anhand dieser Informationen k\u00f6nnen wir den Datenverkehr analysieren, Fehler erkennen und beheben, Cyberangriffe erkennen und abwehren sowie unsere Dienste verbessern.<\/p>\n<p>Dies stellt auch unser berechtigtes Interesse gem\u00e4\u00df Art. 6 Abs. 1 S. 1 f. 1 S. 1 f) GDPR.<\/p>\n<p>Wir behalten uns vor, die Protokolldaten nachtr\u00e4glich zu \u00fcberpr\u00fcfen, wenn ein begr\u00fcndeter Verdacht auf eine rechtswidrige Nutzung aufgrund konkreter Anhaltspunkte besteht. Wir speichern IP-Adressen in den Logfiles f\u00fcr einen begrenzten Zeitraum, wenn dies f\u00fcr Sicherheitszwecke oder f\u00fcr die Erbringung von Dienstleistungen erforderlich ist. Wir l\u00f6schen die IP-Adresse, wenn sie f\u00fcr Sicherheitszwecke nicht mehr ben\u00f6tigt wird. Wir speichern IP-Adressen auch, wenn wir einen konkreten Verdacht auf eine Straftat im Zusammenhang mit der Nutzung unserer Website haben.<\/p>\n<p><strong>3.3 Kekse<\/strong><br \/>\nZur Optimierung unserer Website verwenden wir sogenannte Session-Cookies. Ein Session-Cookie ist eine kleine Textdatei, die beim Besuch einer Website von den jeweiligen Servern gesendet und vor\u00fcbergehend auf Ihrer Festplatte gespeichert wird. Diese Datei enth\u00e4lt eine sogenannte Session-ID, mit der verschiedene Anfragen Ihres Browsers der gemeinsamen Sitzung zugeordnet werden k\u00f6nnen. Dadurch kann Ihr Computer wiedererkannt werden, wenn Sie auf unsere Website zur\u00fcckkehren. Diese Cookies werden nach dem Schlie\u00dfen Ihres Browsers wieder gel\u00f6scht.<\/p>\n<p>In begrenztem Umfang k\u00f6nnen wir auch dauerhafte Cookies (ebenfalls kleine Textdateien, die auf Ihrem Ger\u00e4t gespeichert werden) verwenden, die auf Ihrem Ger\u00e4t verbleiben und es uns erm\u00f6glichen, Ihren Browser bei Ihrem n\u00e4chsten Besuch wiederzuerkennen. Diese Cookies werden auf Ihrer Festplatte gespeichert und l\u00f6schen sich nach einer bestimmten Zeit selbst. Ihre Lebensdauer reicht von 1 Monat bis zu 10 Jahren. Dies erm\u00f6glicht es uns, unser Angebot nutzerfreundlicher, effizienter und sicherer zu gestalten und z.B. Informationen auf der Website anzuzeigen, die speziell auf Ihre Interessen zugeschnitten sind.<\/p>\n<p>Unser berechtigtes Interesse an der Verwendung von Cookies gem\u00e4\u00df Art 6 Abs. 1 S. 1 f) GDPR liegt darin, unser Angebot nutzerfreundlich, effektiv und sicher zu gestalten.<\/p>\n<p>Die Cookies speichern Daten und Informationen wie z.B.:<\/p>\n<p>Anmeldeinformationen<br \/>\nSpracheinstellungen<br \/>\nEingegebene Suchbegriffe<br \/>\nInformationen \u00fcber die Anzahl der Besuche auf unserer Website und die Nutzung einzelner Funktionen unseres Online-Angebots.<\/p>\n<p>Wenn das Cookie aktiviert wird, wird ihm eine Identifikationsnummer zugewiesen, und Ihre pers\u00f6nlichen Daten werden nicht mit dieser Identifikationsnummer verkn\u00fcpft. Ihr Name, Ihre IP-Adresse oder \u00e4hnliche Daten, die es erm\u00f6glichen w\u00fcrden, das Cookie mit Ihnen in Verbindung zu bringen, werden nicht im Cookie gespeichert. Wir erhalten durch die Cookie-Technologie nur pseudonymisierte Informationen, z.B. welche Seiten besucht wurden.<br \/>\nSie k\u00f6nnen Ihren Browser so einstellen, dass Sie \u00fcber das Setzen von Cookies vorab informiert werden und von Fall zu Fall entscheiden, ob Sie die Annahme von Cookies f\u00fcr bestimmte F\u00e4lle oder generell ausschlie\u00dfen oder die Annahme von Cookies vollst\u00e4ndig verhindern wollen. Dadurch kann die Funktionalit\u00e4t der Website eingeschr\u00e4nkt werden.<\/p>\n<p><strong>3.4 E-Mail-Kontakt<\/strong><br \/>\nWenn Sie mit uns Kontakt aufnehmen (z. B. per E-Mail), verarbeiten wir Ihre Angaben, um die Anfrage zu bearbeiten und f\u00fcr den Fall, dass Anschlussfragen entstehen.<\/p>\n<p>Erfolgt die Datenverarbeitung zur Durchf\u00fchrung von Ma\u00dfnahmen, die auf Ihren Wunsch hin erfolgen, ist die Rechtsgrundlage f\u00fcr diese Datenverarbeitung Art. 6 Abs.. 1 S. 1 b) GDPR.<\/p>\n<p>Weitere personenbezogene Daten verarbeiten wir nur, wenn Sie Ihre Einwilligung erteilen (Art. 6 Abs. 1 S. 1 a) GDPR) oder wenn wir ein berechtigtes Interesse an der Verarbeitung Ihrer Daten haben (Art. 6 Abs. 1 S. 1 f) GDPR). Ein berechtigtes Interesse ist z.B. die Beantwortung Ihrer E-Mail.<\/p>\n<p><strong>4. Statistische Analyse<\/strong><br \/>\nWir verwenden weder Google Analytics noch andere statistische Instrumente.<\/p>\n<p><strong>5. Dauer der Lagerung<\/strong><br \/>\nSofern nicht ausdr\u00fccklich angegeben, speichern wir personenbezogene Daten nur so lange, wie es zur Erf\u00fcllung der verfolgten Zwecke erforderlich ist.<br \/>\nIn einigen F\u00e4llen sieht der Gesetzgeber eine Aufbewahrung personenbezogener Daten vor, zum Beispiel im Steuer- oder Handelsrecht. In diesen F\u00e4llen werden die Daten von uns nur f\u00fcr diese gesetzlichen Zwecke gespeichert, aber nicht anderweitig verarbeitet und nach Ablauf der gesetzlichen Aufbewahrungsfrist gel\u00f6scht.<\/p>\n<p><strong>6. Ihre Rechte als betroffene Person<\/strong><br \/>\nNach geltendem Recht haben Sie verschiedene Rechte in Bezug auf Ihre personenbezogenen Daten. Wenn Sie diese Rechte geltend machen m\u00f6chten, senden Sie bitte Ihren Antrag per E-Mail oder per Post unter eindeutiger Angabe Ihrer Identit\u00e4t an die in Abschnitt 1 genannte Adresse.<br \/>\nIm Folgenden finden Sie einen \u00dcberblick \u00fcber Ihre Rechte.<\/p>\n<p><strong>6.1 Recht auf Best\u00e4tigung und Information<\/strong><br \/>\nSie haben das Recht auf klare Informationen \u00fcber die Verarbeitung Ihrer personenbezogenen Daten.<\/p>\n<p>Im Detail:<br \/>\nSie haben das Recht, jederzeit von uns eine Best\u00e4tigung dar\u00fcber zu erhalten, ob Sie betreffende personenbezogene Daten verarbeitet werden. Ist dies der Fall, so haben Sie das Recht, von uns unentgeltlich Auskunft \u00fcber die \u00fcber Sie gespeicherten personenbezogenen Daten sowie eine Kopie dieser Daten zu verlangen. Dar\u00fcber hinaus besteht ein Recht auf folgende Informationen:<\/p>\n<p>Die Verarbeitungszwecke;<br \/>\nDie Kategorien der verarbeiteten personenbezogenen Daten;<br \/>\nDie Empf\u00e4nger oder Kategorien von Empf\u00e4ngern, an die die personenbezogenen Daten weitergegeben wurden oder noch werden, insbesondere Empf\u00e4nger in Drittl\u00e4ndern oder internationale Organisationen;<br \/>\nWenn m\u00f6glich, die geplante Dauer der Speicherung der personenbezogenen Daten oder, falls dies nicht m\u00f6glich ist, die Kriterien f\u00fcr die Festlegung dieser Dauer;<br \/>\ndas Bestehen eines Rechts auf Berichtigung oder L\u00f6schung der Sie betreffenden personenbezogenen Daten oder auf Einschr\u00e4nkung der Verarbeitung durch den f\u00fcr die Verarbeitung Verantwortlichen oder eines Widerspruchsrechts gegen eine solche Verarbeitung;<br \/>\nDas Recht, bei einer Aufsichtsbeh\u00f6rde Beschwerde einzulegen;<br \/>\nWenn die personenbezogenen Daten nicht bei Ihnen erhoben wurden, alle verf\u00fcgbaren Informationen \u00fcber die Herkunft der Daten;<br \/>\nDas Bestehen einer automatisierten Entscheidungsfindung, einschlie\u00dflich Profiling, gem\u00e4\u00df Art. 22 Abs.. 1 und 4 DSGVO und - zumindest in diesen F\u00e4llen - aussagekr\u00e4ftige Informationen \u00fcber die involvierte Logik und den Umfang und die beabsichtigten Auswirkungen einer solchen Verarbeitung f\u00fcr Sie.<\/p>\n<p>Wenn personenbezogene Daten in ein Drittland oder an eine internationale Organisation \u00fcbermittelt werden, haben Sie das Recht, \u00fcber die angemessenen Garantien gem\u00e4\u00df Art. 46 DSGVO im Zusammenhang mit der \u00dcbermittlung zu informieren.<\/p>\n<p><strong>6.2 Recht auf Berichtigung<\/strong><br \/>\nSie haben das Recht, von uns die Berichtigung und gegebenenfalls die Vervollst\u00e4ndigung Ihrer personenbezogenen Daten zu verlangen.<\/p>\n<p>Im Detail:<br \/>\nSie haben das Recht, von uns die unverz\u00fcgliche Berichtigung Sie betreffender unrichtiger personenbezogener Daten zu verlangen. Unter Ber\u00fccksichtigung der Zwecke der Verarbeitung haben Sie das Recht, die Vervollst\u00e4ndigung unvollst\u00e4ndiger personenbezogener Daten - auch mittels einer erg\u00e4nzenden Erkl\u00e4rung - zu verlangen.<\/p>\n<p><strong>6.3 Recht auf L\u00f6schung (\u201cRecht auf Vergessenwerden\u201d)<\/strong><br \/>\nIn einer Reihe von F\u00e4llen sind wir verpflichtet, Ihre personenbezogenen Daten zu l\u00f6schen.<\/p>\n<p>Im Detail:<br \/>\nGem\u00e4ss Art. 17 Abs.. 1 DSGVO haben Sie das Recht, von uns die unverz\u00fcgliche L\u00f6schung der Sie betreffenden personenbezogenen Daten zu verlangen, und wir sind verpflichtet, die personenbezogenen Daten unverz\u00fcglich zu l\u00f6schen, wenn einer der folgenden Gr\u00fcnde vorliegt:<\/p>\n<p>Die personenbezogenen Daten sind f\u00fcr die Zwecke, f\u00fcr die sie erhoben oder anderweitig verarbeitet wurden, nicht mehr erforderlich.<br \/>\nSie widerrufen Ihre Einwilligung, auf die sich die Verarbeitung gem\u00e4\u00df Art. 6 Abs. 1 S. 1 a) GDPR oder Art. 9 Abs. 2 a) DSGVO, und es liegt keine andere Rechtsgrundlage f\u00fcr die Verarbeitung vor.<br \/>\nSie legen Widerspruch gegen die Verarbeitung gem\u00e4\u00df Art. 21 Abs.. 1 DSGVO und es liegen keine vorrangigen berechtigten Gr\u00fcnde f\u00fcr die Verarbeitung vor, oder Sie legen Widerspruch gegen die Verarbeitung gem\u00e4\u00df Art. 21 Abs. 2 GDPR.<br \/>\nDie personenbezogenen Daten sind unrechtm\u00e4\u00dfig verarbeitet worden.<br \/>\nDie L\u00f6schung personenbezogener Daten ist erforderlich, um eine gesetzliche Verpflichtung nach EU-Recht oder dem Recht der Mitgliedstaaten, dem wir unterliegen, zu erf\u00fcllen.<br \/>\nDie personenbezogenen Daten wurden in Bezug auf angebotene Dienste der Informationsgesellschaft gem\u00e4\u00df Art. 8 Abs.. 1 GDPR.<\/p>\n<p>Haben wir die personenbezogenen Daten \u00f6ffentlich gemacht und sind wir verpflichtet, sie gem\u00e4\u00df Art. 17 Abs.. 1 DSGVO zur L\u00f6schung der personenbezogenen Daten verpflichtet sind, werden wir unter Ber\u00fccksichtigung der verf\u00fcgbaren Technologie und der Implementierungskosten angemessene Ma\u00dfnahmen, auch technischer Art, ergreifen, um andere f\u00fcr die Datenverarbeitung Verantwortliche, die die personenbezogenen Daten verarbeiten, dar\u00fcber zu informieren, dass Sie von ihnen die L\u00f6schung aller Links zu diesen personenbezogenen Daten oder von Kopien oder Replikationen dieser personenbezogenen Daten verlangt haben.<\/p>\n<p><strong>6.4 Recht auf Einschr\u00e4nkung der Verarbeitung<\/strong><br \/>\nIn einer Reihe von F\u00e4llen haben Sie das Recht, uns zu bitten, die Verarbeitung Ihrer personenbezogenen Daten einzuschr\u00e4nken.<\/p>\n<p>Im Detail:<br \/>\nSie haben das Recht, von uns die Einschr\u00e4nkung der Verarbeitung zu verlangen, wenn eine der folgenden Bedingungen erf\u00fcllt ist:<\/p>\n<p>Die Richtigkeit der personenbezogenen Daten wird von Ihnen w\u00e4hrend eines Zeitraums bestritten, der es uns erm\u00f6glicht, die Richtigkeit der personenbezogenen Daten zu \u00fcberpr\u00fcfen.<br \/>\nDie Verarbeitung ist unrechtm\u00e4\u00dfig, und Sie haben sich geweigert, die personenbezogenen Daten zu l\u00f6schen, und stattdessen beantragt, die Verwendung der personenbezogenen Daten einzuschr\u00e4nken.<br \/>\nWir ben\u00f6tigen die personenbezogenen Daten nicht mehr f\u00fcr die Zwecke der Verarbeitung, Sie ben\u00f6tigen sie jedoch zur Geltendmachung, Aus\u00fcbung oder Verteidigung von Rechtsanspr\u00fcchen.<br \/>\nSie haben Widerspruch gegen die Verarbeitung gem\u00e4\u00df Art. 21 Abs.. 1 DS-GVO widersprochen, solange noch nicht feststeht, ob unsere berechtigten Gr\u00fcnde die Ihren \u00fcberwiegen.<\/p>\n<p><strong>6.5 Recht auf Daten\u00fcbertragbarkeit<\/strong><br \/>\nSie haben das Recht, Ihre personenbezogenen Daten in maschinenlesbarer Form zu erhalten, zu \u00fcbermitteln oder von uns \u00fcbermitteln zu lassen.<\/p>\n<p>Im Detail:<br \/>\nSie haben das Recht, die Sie betreffenden personenbezogenen Daten, die Sie uns bereitgestellt haben, in einem strukturierten, g\u00e4ngigen und maschinenlesbaren Format zu erhalten, und Sie haben das Recht, diese Daten einem anderen Verantwortlichen ohne Behinderung durch uns zu \u00fcbermitteln, sofern<\/p>\n<p>Die Verarbeitung erfolgt auf Grundlage einer Einwilligung gem\u00e4\u00df Art. 6 Abs. 1 S. 1 a) GDPR oder Art. 9 Abs. 2 a) GDPR oder auf einem Vertrag gem\u00e4\u00df Art. 6 Abs. 1 S. 1 b) GDPR und<br \/>\nDie Verarbeitung erfolgt mit Hilfe automatisierter Verfahren.<\/p>\n<p>Bei der Aus\u00fcbung Ihres Rechts auf Daten\u00fcbertragbarkeit nach Absatz 1 haben Sie das Recht, die personenbezogenen Daten direkt von uns an einen anderen Verantwortlichen zu \u00fcbermitteln, soweit dies technisch machbar ist.<\/p>\n<p><strong>6.6 Recht auf Einspruch<\/strong><br \/>\nSie haben das Recht, der rechtm\u00e4\u00dfigen Verarbeitung Ihrer personenbezogenen Daten durch uns zu widersprechen, wenn dies aufgrund Ihrer besonderen Situation gerechtfertigt ist und wenn unsere Rechte nicht schwerer wiegen als Ihre.<\/p>\n<p>Im Detail:<br \/>\nSie haben das Recht, jederzeit gegen die Verarbeitung der Sie betreffenden personenbezogenen Daten, die aufgrund von Art. 6 Abs.. 1 S. 1 e) oder f) DSGVO aus Gr\u00fcnden, die sich aus Ihrer besonderen Situation ergeben, zu widersprechen; dies gilt auch f\u00fcr ein auf diese Bestimmungen gest\u00fctztes Profiling. Wir werden die personenbezogenen Daten nicht mehr verarbeiten, es sei denn, wir k\u00f6nnen zwingende schutzw\u00fcrdige Gr\u00fcnde f\u00fcr die Verarbeitung nachweisen, die Ihre Interessen, Rechte und Freiheiten \u00fcberwiegen, oder die Verarbeitung dient der Geltendmachung, Aus\u00fcbung oder Verteidigung von Rechtsanspr\u00fcchen.<\/p>\n<p>Werden personenbezogene Daten von uns f\u00fcr Zwecke der Direktwerbung verarbeitet, so haben Sie das Recht, jederzeit Widerspruch gegen die Verarbeitung der Sie betreffenden personenbezogenen Daten zum Zwecke derartiger Werbung einzulegen; dies gilt auch f\u00fcr das Profiling, soweit es mit solcher Direktwerbung in Verbindung steht.<\/p>\n<p>Sie haben das Recht, gegen die Verarbeitung Sie betreffender personenbezogener Daten, die zu wissenschaftlichen oder historischen Forschungszwecken oder zu statistischen Zwecken gem\u00e4\u00df Art. 89 Abs.. 1 DS-GVO aus Gr\u00fcnden, die sich aus Ihrer besonderen Situation ergeben, zu widersprechen, es sei denn, die Verarbeitung ist zur Erf\u00fcllung einer im \u00f6ffentlichen Interesse liegenden Aufgabe erforderlich.<\/p>\n<p><strong>6.7 Automatisierte Entscheidungen einschlie\u00dflich Profiling<\/strong><br \/>\nSie haben das Recht, keiner ausschlie\u00dflich auf einer automatisierten Verarbeitung - einschlie\u00dflich Profiling - beruhenden Entscheidung unterworfen zu werden, die rechtliche Auswirkungen auf Sie hat oder Sie in \u00e4hnlicher Weise erheblich beeintr\u00e4chtigt.<\/p>\n<p>Es findet keine automatisierte Entscheidungsfindung auf der Grundlage der erhobenen personenbezogenen Daten statt.<\/p>\n<p><strong>6.8 Recht auf Widerruf einer datenschutzrechtlichen Einwilligungserkl\u00e4rung<\/strong><br \/>\nSie haben das Recht, Ihre Zustimmung zur Verarbeitung der personenbezogenen Daten jederzeit zu widerrufen.<\/p>\n<p><strong>6.9 Recht auf Beschwerde bei einer Aufsichtsbeh\u00f6rde<\/strong><br \/>\nSie haben das Recht auf Beschwerde bei einer Aufsichtsbeh\u00f6rde, insbesondere in dem Mitgliedstaat Ihres Aufenthaltsorts, Ihres Arbeitsplatzes oder des Orts des mutma\u00dflichen Versto\u00dfes, wenn Sie der Ansicht sind, dass die Verarbeitung der Sie betreffenden personenbezogenen Daten unrechtm\u00e4\u00dfig ist.<\/p>\n<p><strong>7. Datensicherheit<\/strong><br \/>\nWir sind bem\u00fcht, die Sicherheit Ihrer Daten im Rahmen der geltenden Datenschutzgesetze und der technischen M\u00f6glichkeiten zu gew\u00e4hrleisten.<\/p>\n<p>Ihre pers\u00f6nlichen Daten werden verschl\u00fcsselt \u00fcbertragen. Dies gilt f\u00fcr Ihre Bestellungen und auch f\u00fcr das Kundenlogin. Wir verwenden das Verschl\u00fcsselungssystem SSL (Secure Socket Layer), weisen aber darauf hin, dass die Daten\u00fcbertragung im Internet (z.B. bei der Kommunikation per E-Mail) Sicherheitsl\u00fccken aufweisen kann. Ein l\u00fcckenloser Schutz der Daten vor dem Zugriff durch Dritte ist nicht m\u00f6glich.<\/p>\n<p>Zum Schutz Ihrer Daten unterhalten wir technische und organisatorische Sicherheitsma\u00dfnahmen gem\u00e4\u00df Art. 32 DSGVO, die wir kontinuierlich an den Stand der Technik anpassen.<\/p>\n<p>Wir garantieren auch nicht, dass unser Angebot zu bestimmten Zeiten verf\u00fcgbar ist; St\u00f6rungen, Unterbrechungen oder Ausf\u00e4lle k\u00f6nnen nicht ausgeschlossen werden. Die von uns verwendeten Server werden regelm\u00e4\u00dfig sorgf\u00e4ltig gesichert.<\/p>\n<p><strong>8. Daten\u00fcbermittlung an Dritte, keine Daten\u00fcbermittlung an Nicht-EU-L\u00e4nder<\/strong><br \/>\nGrunds\u00e4tzlich verwenden wir Ihre personenbezogenen Daten nur innerhalb unseres Unternehmens.<\/p>\n<p>Wenn und soweit wir Dritte in die Erf\u00fcllung von Vertr\u00e4gen einbeziehen (z.B. Logistikdienstleister), erhalten diese personenbezogene Daten nur in dem Umfang, in dem die \u00dcbermittlung f\u00fcr die entsprechende Dienstleistung erforderlich ist.<\/p>\n<p>F\u00fcr den Fall, dass wir bestimmte Teile der Datenverarbeitung auslagern (\u201cAuftragsverarbeitung\u201d), verpflichten wir die Auftragsverarbeiter vertraglich, personenbezogene Daten nur in \u00dcbereinstimmung mit den Anforderungen der Datenschutzgesetze zu verwenden und den Schutz der Rechte der betroffenen Person zu gew\u00e4hrleisten.<\/p>\n<p>Eine Daten\u00fcbermittlung an Stellen oder Personen au\u00dferhalb der EU au\u00dferhalb der in dieser Erkl\u00e4rung unter Punkt 4 genannten F\u00e4lle findet nicht statt und ist nicht geplant.<\/p>\n<p><strong>9. Datenschutzbeauftragter<\/strong><br \/>\nWenn Sie Fragen oder Bedenken bez\u00fcglich des Datenschutzes haben, wenden Sie sich bitte an unseren Datenschutzbeauftragten:<\/p>\n<p>info@lovelab.berlin<\/p>\n<p><strong>10. \u00c4nderungen der Datenschutzrichtlinie<\/strong><br \/>\nWir behalten uns das Recht vor, unsere Sicherheits- und Datenschutzma\u00dfnahmen zu ver\u00e4ndern, soweit dies wegen der technischen Entwicklung erforderlich wird. In diesen F\u00e4llen werden wir auch unsere Hinweise zum Datenschutz entsprechend anpassen. Bitte beachten Sie daher die jeweils aktuelle Version unserer Datenschutzerkl\u00e4rung.<\/p>\n<p><strong>11. Links<\/strong><br \/>\nSofern Sie externe Links nutzen, die im Rahmen unserer Internetseiten angeboten werden, erstreckt sich diese Datenschutzerkl\u00e4rung nicht auf diese Links. Wenn wir Links anbieten, bem\u00fchen wir uns sicherzustellen, dass auch diese unsere Datenschutz- und Sicherheitsstandards einhalten. Wir haben jedoch keinen Einfluss auf die Einhaltung der Datenschutz- und Sicherheitsbestimmungen durch andere Anbieter. Informieren Sie sich daher bitte auf den Internetseiten der anderen Anbieter auch \u00fcber die dort bereitgestellten Datenschutzerkl\u00e4rungen.<\/p>\n<p><strong>12. Rechte der betroffenen Person<\/strong><br \/>\nWenn Sie personenbezogene Daten verarbeiten, sind Sie eine betroffene Person im Sinne der DSGVO und haben die folgenden Rechte gegen\u00fcber uns als Verantwortlichem:<\/p>\n<p>Recht auf Information<br \/>\nRecht auf Berichtigung oder L\u00f6schung<br \/>\nRecht auf Einschr\u00e4nkung der Verarbeitung<br \/>\nRecht auf Widerspruch gegen die Verarbeitung<br \/>\nRecht auf Daten\u00fcbertragbarkeit<\/p>\n<p>Sie haben auch das Recht, sich bei einer Datenschutzaufsichtsbeh\u00f6rde \u00fcber die Verarbeitung Ihrer personenbezogenen Daten durch uns zu beschweren.<\/p>\n<p><strong>13. Fragen, Anregungen, Beschwerden<\/strong><br \/>\nWenn Sie Fragen zu unserer Datenschutzerkl\u00e4rung oder zum Datenschutz in unserem Unternehmen haben, wenden Sie sich bitte an uns:<\/p>\n<p>info@lovelab.berlin<\/p>\n<p>Wir haben immer ein offenes Ohr f\u00fcr Ihre Fragen und Anregungen. Sie haben auch das Recht, von uns \u00fcber die von uns \u00fcber Sie verarbeiteten Daten informiert zu werden. Sofern Sie es w\u00fcnschen, werden wir Ihre Daten auch berichtigen, sperren oder l\u00f6schen, sofern dies im Rahmen des geltenden Rechts m\u00f6glich ist. Bitte kontaktieren Sie uns schriftlich.<\/p>","protected":false},"excerpt":{"rendered":"<p>Privacy Policy The following privacy policy applies to the use of our online offer labor-defcon.org (hereinafter &#8220;Website&#8221;). We attach great importance to data protection. The collection and processing of your personal data is carried out in compliance with the applicable data protection regulations, especially the General Data Protection Regulation (GDPR). 1. Responsible Party The party [&hellip;]<\/p>\n","protected":false},"author":1,"featured_media":0,"parent":0,"menu_order":0,"comment_status":"closed","ping_status":"closed","template":"","meta":{"footnotes":""},"categories":[],"tags":[],"class_list":["post-628","page","type-page","status-publish","hentry"],"aioseo_notices":[],"_links":{"self":[{"href":"https:\/\/lovelab.berlin\/de\/wp-json\/wp\/v2\/pages\/628","targetHints":{"allow":["GET"]}}],"collection":[{"href":"https:\/\/lovelab.berlin\/de\/wp-json\/wp\/v2\/pages"}],"about":[{"href":"https:\/\/lovelab.berlin\/de\/wp-json\/wp\/v2\/types\/page"}],"author":[{"embeddable":true,"href":"https:\/\/lovelab.berlin\/de\/wp-json\/wp\/v2\/users\/1"}],"replies":[{"embeddable":true,"href":"https:\/\/lovelab.berlin\/de\/wp-json\/wp\/v2\/comments?post=628"}],"version-history":[{"count":5,"href":"https:\/\/lovelab.berlin\/de\/wp-json\/wp\/v2\/pages\/628\/revisions"}],"predecessor-version":[{"id":1856,"href":"https:\/\/lovelab.berlin\/de\/wp-json\/wp\/v2\/pages\/628\/revisions\/1856"}],"wp:attachment":[{"href":"https:\/\/lovelab.berlin\/de\/wp-json\/wp\/v2\/media?parent=628"}],"wp:term":[{"taxonomy":"category","embeddable":true,"href":"https:\/\/lovelab.berlin\/de\/wp-json\/wp\/v2\/categories?post=628"},{"taxonomy":"post_tag","embeddable":true,"href":"https:\/\/lovelab.berlin\/de\/wp-json\/wp\/v2\/tags?post=628"}],"curies":[{"name":"wp","href":"https:\/\/api.w.org\/{rel}","templated":true}]}}