{"id":510,"date":"2019-05-14T16:25:54","date_gmt":"2019-05-14T14:25:54","guid":{"rendered":"https:\/\/lovelab.berlin\/?page_id=510"},"modified":"2020-01-13T13:47:44","modified_gmt":"2020-01-13T12:47:44","slug":"liebende","status":"publish","type":"page","link":"https:\/\/lovelab.berlin\/de\/liebende\/","title":{"rendered":"Liebende"},"content":{"rendered":"<div class=\"wpb-content-wrapper\">\n<div  data-mk-stretch-content=\"true\" class=\"wpb_row vc_row vc_row-fluid jupiter-donut- mk-fullwidth-false  attched-false     js-master-row  mk-grid\">\n\t\t\t\t\n<div class=\"vc_col-sm-12 wpb_column column_container  jupiter-donut- _ jupiter-donut-height-full\">\n\t\n<div class=\"vc_grid-container-wrapper vc_clearfix vc_grid-animation-fadeIn\">\n\t<div class=\"vc_grid-container vc_clearfix wpb_content_element vc_basic_grid\" data-initial-loading-animation=\"fadeIn\" data-vc-grid-settings=\"{&quot;page_id&quot;:510,&quot;style&quot;:&quot;lazy&quot;,&quot;action&quot;:&quot;vc_get_vc_grid_data&quot;,&quot;shortcode_id&quot;:&quot;1578918918452-c31b552d-3625-0&quot;,&quot;items_per_page&quot;:&quot;10&quot;,&quot;tag&quot;:&quot;vc_basic_grid&quot;}\" data-vc-request=\"https:\/\/lovelab.berlin\/wp-admin\/admin-ajax.php\" data-vc-post-id=\"510\" data-vc-public-nonce=\"58fedb9aa2\">\n\t\t<style data-type=\"vc_shortcodes-custom-css\">.vc_custom_1538733333930{background-color: #ffffff !important;}.vc_custom_1538733294618{background-color: #ffffff !important;}.vc_custom_1538733270017{background-color: #ffffff !important;}<\/style><div class=\"vc_grid vc_row vc_grid-gutter-30px vc_pageable-wrapper vc_hook_hover\" data-vc-pageable-content=\"true\"><div class=\"vc_pageable-slide-wrapper vc_clearfix\" data-vc-grid-content=\"true\"><div class=\"vc_grid-item vc_clearfix vc_col-sm-3 vc_grid-item-zone-c-bottom\"><div class=\"vc_grid-item-mini vc_clearfix\"><div class=\"vc_gitem-animated-block\" ><div class=\"vc_gitem-zone vc_gitem-zone-a vc-gitem-zone-height-mode-auto vc-gitem-zone-height-mode-auto-1-1 vc_gitem-is-link\" style=\"background-image: url('https:\/\/lovelab.berlin\/wp-content\/uploads\/2026\/04\/gators-scaled-1024x1024.jpg') !important;\"><a href=\"https:\/\/lovelab.berlin\/de\/seeds\/\" title=\"Dream 05: Seeds\" class=\"vc_gitem-link vc-zone-link\" ><\/a><img decoding=\"async\" class=\"vc_gitem-zone-img\" src=\"https:\/\/lovelab.berlin\/wp-content\/uploads\/2026\/04\/gators-scaled-1024x1024.jpg\" alt=\"W\u00e4hrend autorit\u00e4re Kr\u00e4fte weltweit Demokratie aush\u00f6hlen, Krieg und \u00f6kologische Verw\u00fcstung vorantreiben, entstehen zugleich Bewegungen des Widerstands und der Erneuerung.\" loading=\"lazy\"><div class=\"vc_gitem-zone-mini\"><\/div><\/div><\/div><div class=\"vc_gitem-zone vc_gitem-zone-c vc_custom_1538733333930\"><div class=\"vc_gitem-zone-mini\"><div class=\"vc_gitem_row vc_row vc_gitem-row-position-top\"><div class=\"vc_col-sm-12 vc_gitem-col vc_gitem-col-align-\"><div class=\"vc_custom_heading vc_custom_1538733294618 vc_gitem-post-data vc_gitem-post-data-source-post_title\" ><h4 style=\"text-align: left\" >Dream 05: Seeds<\/h4><\/div><div class=\"vc_custom_heading vc_custom_1538733270017 vc_gitem-post-data vc_gitem-post-data-source-post_excerpt\" ><p style=\"text-align: left\" ><p>W\u00e4hrend autorit\u00e4re Kr\u00e4fte weltweit Demokratie aush\u00f6hlen, Krieg und \u00f6kologische Verw\u00fcstung vorantreiben, entstehen zugleich Bewegungen des Widerstands und der Erneuerung. <\/p>\n<\/p><\/div><div class=\"vc_btn3-container vc_btn3-right\"><a class=\"vc_general vc_btn3 vc_btn3-size-md vc_btn3-shape-square vc_btn3-style-flat vc_btn3-color-grey\" a href=\"https:\/\/lovelab.berlin\/de\/seeds\/\" title=\"Lesen\">Lesen<\/a><\/div><\/div><\/div><\/div><\/div><\/div><div class=\"vc_clearfix\"><\/div><\/div><div class=\"vc_grid-item vc_clearfix vc_col-sm-3 vc_grid-item-zone-c-bottom\"><div class=\"vc_grid-item-mini vc_clearfix\"><div class=\"vc_gitem-animated-block\" ><div class=\"vc_gitem-zone vc_gitem-zone-a vc-gitem-zone-height-mode-auto vc-gitem-zone-height-mode-auto-1-1 vc_gitem-is-link\" style=\"background-image: url('https:\/\/lovelab.berlin\/wp-content\/uploads\/2026\/02\/ra-1024x1024.jpg') !important;\"><a href=\"https:\/\/lovelab.berlin\/de\/timra\/\" title=\"Tim Ra\" class=\"vc_gitem-link vc-zone-link\" ><\/a><img decoding=\"async\" class=\"vc_gitem-zone-img\" src=\"https:\/\/lovelab.berlin\/wp-content\/uploads\/2026\/02\/ra-1024x1024.jpg\" alt=\"Tim Ra ist ein in Berlin lebender K\u00fcnstler, Musiker, Journalist und Autor, der in den Bereichen Klang, bewegtes Bild und r\u00e4umliche Praxis arbeitet.\" loading=\"lazy\"><div class=\"vc_gitem-zone-mini\"><\/div><\/div><\/div><div class=\"vc_gitem-zone vc_gitem-zone-c vc_custom_1538733333930\"><div class=\"vc_gitem-zone-mini\"><div class=\"vc_gitem_row vc_row vc_gitem-row-position-top\"><div class=\"vc_col-sm-12 vc_gitem-col vc_gitem-col-align-\"><div class=\"vc_custom_heading vc_custom_1538733294618 vc_gitem-post-data vc_gitem-post-data-source-post_title\" ><h4 style=\"text-align: left\" >Tim Ra<\/h4><\/div><div class=\"vc_custom_heading vc_custom_1538733270017 vc_gitem-post-data vc_gitem-post-data-source-post_excerpt\" ><p style=\"text-align: left\" ><p>Tim Ra ist ein in Berlin lebender K\u00fcnstler, Musiker, Journalist und Autor, der in den Bereichen Klang, bewegtes Bild und r\u00e4umliche Praxis arbeitet.<\/p>\n<\/p><\/div><div class=\"vc_btn3-container vc_btn3-right\"><a class=\"vc_general vc_btn3 vc_btn3-size-md vc_btn3-shape-square vc_btn3-style-flat vc_btn3-color-grey\" a href=\"https:\/\/lovelab.berlin\/de\/timra\/\" title=\"Lesen\">Lesen<\/a><\/div><\/div><\/div><\/div><\/div><\/div><div class=\"vc_clearfix\"><\/div><\/div><div class=\"vc_grid-item vc_clearfix vc_col-sm-3 vc_grid-item-zone-c-bottom\"><div class=\"vc_grid-item-mini vc_clearfix\"><div class=\"vc_gitem-animated-block\" ><div class=\"vc_gitem-zone vc_gitem-zone-a vc-gitem-zone-height-mode-auto vc-gitem-zone-height-mode-auto-1-1 vc_gitem-is-link\" style=\"background-image: url('https:\/\/lovelab.berlin\/wp-content\/plugins\/js_composer_theme\/assets\/vc\/vc_gitem_image.png') !important;\"><a href=\"https:\/\/lovelab.berlin\/de\/editions\/\" title=\"Editionen\" class=\"vc_gitem-link vc-zone-link\" ><\/a><img decoding=\"async\" class=\"vc_gitem-zone-img\" src=\"https:\/\/lovelab.berlin\/wp-content\/plugins\/js_composer_theme\/assets\/vc\/vc_gitem_image.png\" alt=\"\" loading=\"lazy\"><div class=\"vc_gitem-zone-mini\"><\/div><\/div><\/div><div class=\"vc_gitem-zone vc_gitem-zone-c vc_custom_1538733333930\"><div class=\"vc_gitem-zone-mini\"><div class=\"vc_gitem_row vc_row vc_gitem-row-position-top\"><div class=\"vc_col-sm-12 vc_gitem-col vc_gitem-col-align-\"><div class=\"vc_custom_heading vc_custom_1538733294618 vc_gitem-post-data vc_gitem-post-data-source-post_title\" ><h4 style=\"text-align: left\" >Editionen<\/h4><\/div><div class=\"vc_custom_heading vc_custom_1538733270017 vc_gitem-post-data vc_gitem-post-data-source-post_excerpt\" ><p style=\"text-align: left\" ><p>Lovelab Limitierte Editionen<\/p>\n<\/p><\/div><div class=\"vc_btn3-container vc_btn3-right\"><a class=\"vc_general vc_btn3 vc_btn3-size-md vc_btn3-shape-square vc_btn3-style-flat vc_btn3-color-grey\" a href=\"https:\/\/lovelab.berlin\/de\/editions\/\" title=\"Lesen\">Lesen<\/a><\/div><\/div><\/div><\/div><\/div><\/div><div class=\"vc_clearfix\"><\/div><\/div><div class=\"vc_grid-item vc_clearfix vc_col-sm-3 vc_grid-item-zone-c-bottom\"><div class=\"vc_grid-item-mini vc_clearfix\"><div class=\"vc_gitem-animated-block\" ><div class=\"vc_gitem-zone vc_gitem-zone-a vc-gitem-zone-height-mode-auto vc-gitem-zone-height-mode-auto-1-1 vc_gitem-is-link\" style=\"background-image: url('https:\/\/lovelab.berlin\/wp-content\/uploads\/2024\/09\/free-transform-1200x1200-1-1024x1024.jpg') !important;\"><a href=\"https:\/\/lovelab.berlin\/de\/dreamspace\/\" title=\"Dreamspace\" class=\"vc_gitem-link vc-zone-link\" ><\/a><img decoding=\"async\" class=\"vc_gitem-zone-img\" src=\"https:\/\/lovelab.berlin\/wp-content\/uploads\/2024\/09\/free-transform-1200x1200-1-1024x1024.jpg\" alt=\"Wiederver\u00f6ffentlichung der legend\u00e4ren No Underground-Alben \"free transform\" and \"golden child\".\" loading=\"lazy\"><div class=\"vc_gitem-zone-mini\"><\/div><\/div><\/div><div class=\"vc_gitem-zone vc_gitem-zone-c vc_custom_1538733333930\"><div class=\"vc_gitem-zone-mini\"><div class=\"vc_gitem_row vc_row vc_gitem-row-position-top\"><div class=\"vc_col-sm-12 vc_gitem-col vc_gitem-col-align-\"><div class=\"vc_custom_heading vc_custom_1538733294618 vc_gitem-post-data vc_gitem-post-data-source-post_title\" ><h4 style=\"text-align: left\" >Dreamspace<\/h4><\/div><div class=\"vc_custom_heading vc_custom_1538733270017 vc_gitem-post-data vc_gitem-post-data-source-post_excerpt\" ><p style=\"text-align: left\" ><p>Wiederver\u00f6ffentlichung der legend\u00e4ren No Underground-Alben \u201cFree Transform\u201d und \u201cGolden Child\u201d.<\/p>\n<\/p><\/div><div class=\"vc_btn3-container vc_btn3-right\"><a class=\"vc_general vc_btn3 vc_btn3-size-md vc_btn3-shape-square vc_btn3-style-flat vc_btn3-color-grey\" a href=\"https:\/\/lovelab.berlin\/de\/dreamspace\/\" title=\"Lesen\">Lesen<\/a><\/div><\/div><\/div><\/div><\/div><\/div><div class=\"vc_clearfix\"><\/div><\/div><div class=\"vc_grid-item vc_clearfix vc_col-sm-3 vc_grid-item-zone-c-bottom\"><div class=\"vc_grid-item-mini vc_clearfix\"><div class=\"vc_gitem-animated-block\" ><div class=\"vc_gitem-zone vc_gitem-zone-a vc-gitem-zone-height-mode-auto vc-gitem-zone-height-mode-auto-1-1 vc_gitem-is-link\" style=\"background-image: url('https:\/\/lovelab.berlin\/wp-content\/uploads\/2026\/01\/kosmische-kuriere--1024x1024.jpg') !important;\"><a href=\"https:\/\/lovelab.berlin\/de\/cosmic-couriers\/\" title=\"Kosmische Kuriere | Tim Ra &amp; Jens Str\u00fcver\" class=\"vc_gitem-link vc-zone-link\" ><\/a><img decoding=\"async\" class=\"vc_gitem-zone-img\" src=\"https:\/\/lovelab.berlin\/wp-content\/uploads\/2026\/01\/kosmische-kuriere--1024x1024.jpg\" alt=\"Tim Ra &amp; Jens Plankton bieten ein Gegenbild zu Hass, Spaltung und Zerst\u00f6rung: elegant, hypnotisch, zeitlos - und ein Versprechen, dass eine Welt ohne Mauern nicht nur vorstellbar, sondern auch greifbar ist.\" loading=\"lazy\"><div class=\"vc_gitem-zone-mini\"><\/div><\/div><\/div><div class=\"vc_gitem-zone vc_gitem-zone-c vc_custom_1538733333930\"><div class=\"vc_gitem-zone-mini\"><div class=\"vc_gitem_row vc_row vc_gitem-row-position-top\"><div class=\"vc_col-sm-12 vc_gitem-col vc_gitem-col-align-\"><div class=\"vc_custom_heading vc_custom_1538733294618 vc_gitem-post-data vc_gitem-post-data-source-post_title\" ><h4 style=\"text-align: left\" >Kosmische Kuriere | Tim Ra &amp; Jens Str\u00fcver<\/h4><\/div><div class=\"vc_custom_heading vc_custom_1538733270017 vc_gitem-post-data vc_gitem-post-data-source-post_excerpt\" ><p style=\"text-align: left\" ><p>Tim Ra &amp; Jens Plankton bieten ein Gegenbild zu Hass, Spaltung und Zerst\u00f6rung: elegant, hypnotisch, zeitlos - und ein Versprechen, dass eine Welt ohne Mauern nicht nur vorstellbar, sondern in greifbarer N\u00e4he liegt.<\/p>\n<\/p><\/div><div class=\"vc_btn3-container vc_btn3-right\"><a class=\"vc_general vc_btn3 vc_btn3-size-md vc_btn3-shape-square vc_btn3-style-flat vc_btn3-color-grey\" a href=\"https:\/\/lovelab.berlin\/de\/cosmic-couriers\/\" title=\"Lesen\">Lesen<\/a><\/div><\/div><\/div><\/div><\/div><\/div><div class=\"vc_clearfix\"><\/div><\/div><div class=\"vc_grid-item vc_clearfix vc_col-sm-3 vc_grid-item-zone-c-bottom\"><div class=\"vc_grid-item-mini vc_clearfix\"><div class=\"vc_gitem-animated-block\" ><div class=\"vc_gitem-zone vc_gitem-zone-a vc-gitem-zone-height-mode-auto vc-gitem-zone-height-mode-auto-1-1 vc_gitem-is-link\" style=\"background-image: url('https:\/\/lovelab.berlin\/wp-content\/uploads\/2026\/01\/killers-of-cadiz-2000x2000-1-1024x1024.jpg') !important;\"><a href=\"https:\/\/lovelab.berlin\/de\/killers-of-cadiz\/\" title=\"Killers of Cadiz | Tim Ra\" class=\"vc_gitem-link vc-zone-link\" ><\/a><img decoding=\"async\" class=\"vc_gitem-zone-img\" src=\"https:\/\/lovelab.berlin\/wp-content\/uploads\/2026\/01\/killers-of-cadiz-2000x2000-1-1024x1024.jpg\" alt=\"Mit Killers of C\u00e1diz taucht Tim Ra tief in das Zwielicht des Noir ein und l\u00e4sst sich dabei von der afroamerikanischen und europ\u00e4ischen Jazzmoderne der sp\u00e4ten 1950er Jahre inspirieren. Ausgedehnte orchestrale Texturen legen sich wie Schatten \u00fcber iberische Harmonien, Melodien tauchen auf und verschwinden wieder, w\u00e4hrend eine suchende, eindringliche Trompete als fragile Erz\u00e4hlstimme die sich entfaltenden Szenen leitet.\" loading=\"lazy\"><div class=\"vc_gitem-zone-mini\"><\/div><\/div><\/div><div class=\"vc_gitem-zone vc_gitem-zone-c vc_custom_1538733333930\"><div class=\"vc_gitem-zone-mini\"><div class=\"vc_gitem_row vc_row vc_gitem-row-position-top\"><div class=\"vc_col-sm-12 vc_gitem-col vc_gitem-col-align-\"><div class=\"vc_custom_heading vc_custom_1538733294618 vc_gitem-post-data vc_gitem-post-data-source-post_title\" ><h4 style=\"text-align: left\" >Killers of Cadiz | Tim Ra<\/h4><\/div><div class=\"vc_custom_heading vc_custom_1538733270017 vc_gitem-post-data vc_gitem-post-data-source-post_excerpt\" ><p style=\"text-align: left\" ><p>Mit Killers of C\u00e1diz taucht Tim Ra tief in das Zwielicht des Noir ein und l\u00e4sst sich dabei von der afroamerikanischen und europ\u00e4ischen Jazzmoderne der sp\u00e4ten 1950er Jahre inspirieren. Ausgedehnte orchestrale Texturen legen sich wie Schatten \u00fcber iberische Harmonien, Melodien tauchen auf und verschwinden wieder, w\u00e4hrend eine suchende, eindringliche Trompete als fragile Erz\u00e4hlstimme die sich entfaltenden Szenen leitet.<\/p>\n<\/p><\/div><div class=\"vc_btn3-container vc_btn3-right\"><a class=\"vc_general vc_btn3 vc_btn3-size-md vc_btn3-shape-square vc_btn3-style-flat vc_btn3-color-grey\" a href=\"https:\/\/lovelab.berlin\/de\/killers-of-cadiz\/\" title=\"Lesen\">Lesen<\/a><\/div><\/div><\/div><\/div><\/div><\/div><div class=\"vc_clearfix\"><\/div><\/div><div class=\"vc_grid-item vc_clearfix vc_col-sm-3 vc_grid-item-zone-c-bottom\"><div class=\"vc_grid-item-mini vc_clearfix\"><div class=\"vc_gitem-animated-block\" ><div class=\"vc_gitem-zone vc_gitem-zone-a vc-gitem-zone-height-mode-auto vc-gitem-zone-height-mode-auto-1-1 vc_gitem-is-link\" style=\"background-image: url('https:\/\/lovelab.berlin\/wp-content\/uploads\/2026\/02\/embokazomanga_sq-1024x1024.jpg') !important;\"><a href=\"https:\/\/lovelab.berlin\/de\/embokazomanga\/\" title=\"Live @ Lovelab | Embokazomanga\" class=\"vc_gitem-link vc-zone-link\" ><\/a><img decoding=\"async\" class=\"vc_gitem-zone-img\" src=\"https:\/\/lovelab.berlin\/wp-content\/uploads\/2026\/02\/embokazomanga_sq-1024x1024.jpg\" alt=\"Der Sound von Embokazomanga ist eine Mischung aus gef\u00fchlvollem Gesang, melodischen Gitarrenlinien und einer starken spirituellen Pr\u00e4senz.\" loading=\"lazy\"><div class=\"vc_gitem-zone-mini\"><\/div><\/div><\/div><div class=\"vc_gitem-zone vc_gitem-zone-c vc_custom_1538733333930\"><div class=\"vc_gitem-zone-mini\"><div class=\"vc_gitem_row vc_row vc_gitem-row-position-top\"><div class=\"vc_col-sm-12 vc_gitem-col vc_gitem-col-align-\"><div class=\"vc_custom_heading vc_custom_1538733294618 vc_gitem-post-data vc_gitem-post-data-source-post_title\" ><h4 style=\"text-align: left\" >Live @ Lovelab | Embokazomanga<\/h4><\/div><div class=\"vc_custom_heading vc_custom_1538733270017 vc_gitem-post-data vc_gitem-post-data-source-post_excerpt\" ><p style=\"text-align: left\" ><p>Der Sound von Embokazomanga ist eine Mischung aus gef\u00fchlvollem Gesang, melodischen Gitarrenlinien und einer starken spirituellen Pr\u00e4senz.<\/p>\n<\/p><\/div><div class=\"vc_btn3-container vc_btn3-right\"><a class=\"vc_general vc_btn3 vc_btn3-size-md vc_btn3-shape-square vc_btn3-style-flat vc_btn3-color-grey\" a href=\"https:\/\/lovelab.berlin\/de\/embokazomanga\/\" title=\"Lesen\">Lesen<\/a><\/div><\/div><\/div><\/div><\/div><\/div><div class=\"vc_clearfix\"><\/div><\/div><div class=\"vc_grid-item vc_clearfix vc_col-sm-3 vc_grid-item-zone-c-bottom\"><div class=\"vc_grid-item-mini vc_clearfix\"><div class=\"vc_gitem-animated-block\" ><div class=\"vc_gitem-zone vc_gitem-zone-a vc-gitem-zone-height-mode-auto vc-gitem-zone-height-mode-auto-1-1 vc_gitem-is-link\" style=\"background-image: url('https:\/\/lovelab.berlin\/wp-content\/uploads\/2025\/12\/standbild_10.1.4-scaled-1024x653.jpg') !important;\"><a href=\"https:\/\/lovelab.berlin\/de\/space-funk-nation\/\" title=\"Space Funk Nation | Tim Ra\" class=\"vc_gitem-link vc-zone-link\" ><\/a><img decoding=\"async\" class=\"vc_gitem-zone-img\" src=\"https:\/\/lovelab.berlin\/wp-content\/uploads\/2025\/12\/standbild_10.1.4-scaled-1024x653.jpg\" alt=\"Tim Ra nimmt Sie mit auf eine kosmische Reise, eine Feier der kosmischen Liebe, des universellen Rhythmus und des Widerstands durch Freude.\" loading=\"lazy\"><div class=\"vc_gitem-zone-mini\"><\/div><\/div><\/div><div class=\"vc_gitem-zone vc_gitem-zone-c vc_custom_1538733333930\"><div class=\"vc_gitem-zone-mini\"><div class=\"vc_gitem_row vc_row vc_gitem-row-position-top\"><div class=\"vc_col-sm-12 vc_gitem-col vc_gitem-col-align-\"><div class=\"vc_custom_heading vc_custom_1538733294618 vc_gitem-post-data vc_gitem-post-data-source-post_title\" ><h4 style=\"text-align: left\" >Space Funk Nation | Tim Ra<\/h4><\/div><div class=\"vc_custom_heading vc_custom_1538733270017 vc_gitem-post-data vc_gitem-post-data-source-post_excerpt\" ><p style=\"text-align: left\" ><p>Tim Ra nimmt Sie mit auf eine kosmische Reise, eine Feier der kosmischen Liebe, des universellen Rhythmus und des Widerstands durch Freude.<\/p>\n<\/p><\/div><div class=\"vc_btn3-container vc_btn3-right\"><a class=\"vc_general vc_btn3 vc_btn3-size-md vc_btn3-shape-square vc_btn3-style-flat vc_btn3-color-grey\" a href=\"https:\/\/lovelab.berlin\/de\/space-funk-nation\/\" title=\"Lesen\">Lesen<\/a><\/div><\/div><\/div><\/div><\/div><\/div><div class=\"vc_clearfix\"><\/div><\/div><div class=\"vc_grid-item vc_clearfix vc_col-sm-3 vc_grid-item-zone-c-bottom\"><div class=\"vc_grid-item-mini vc_clearfix\"><div class=\"vc_gitem-animated-block\" ><div class=\"vc_gitem-zone vc_gitem-zone-a vc-gitem-zone-height-mode-auto vc-gitem-zone-height-mode-auto-1-1 vc_gitem-is-link\" style=\"background-image: url('https:\/\/lovelab.berlin\/wp-content\/uploads\/2025\/10\/95gutermensch-v3-1024x1024.jpg') !important;\"><a href=\"https:\/\/lovelab.berlin\/de\/jenseits-des-patriarchats\/\" title=\"Dream 04: Lust jenseits des Patriarchats\" class=\"vc_gitem-link vc-zone-link\" ><\/a><img decoding=\"async\" class=\"vc_gitem-zone-img\" src=\"https:\/\/lovelab.berlin\/wp-content\/uploads\/2025\/10\/95gutermensch-v3-1024x1024.jpg\" alt=\"\u201cLust Beyond the Patriarchy\u201d pr\u00e4sentiert gro\u00dfformatige Drucke und Originalarbeiten aus Ulli Lusts preisgekr\u00f6nten Comics bei Lovelab vom 8. November 2025 - 17. Januar 2026\" loading=\"lazy\"><div class=\"vc_gitem-zone-mini\"><\/div><\/div><\/div><div class=\"vc_gitem-zone vc_gitem-zone-c vc_custom_1538733333930\"><div class=\"vc_gitem-zone-mini\"><div class=\"vc_gitem_row vc_row vc_gitem-row-position-top\"><div class=\"vc_col-sm-12 vc_gitem-col vc_gitem-col-align-\"><div class=\"vc_custom_heading vc_custom_1538733294618 vc_gitem-post-data vc_gitem-post-data-source-post_title\" ><h4 style=\"text-align: left\" >Dream 04: Lust jenseits des Patriarchats<\/h4><\/div><div class=\"vc_custom_heading vc_custom_1538733270017 vc_gitem-post-data vc_gitem-post-data-source-post_excerpt\" ><p style=\"text-align: left\" ><p>\u201eLust jenseits des Patriarchats\u201c pr\u00e4sentiert gro\u00dfformatige Drucke und Originalarbeiten aus Ulli Lusts preisgekr\u00f6nten Comics vom 8. November 2025 - 17. Januar 2026 im Lovelab.<\/p>\n<\/p><\/div><div class=\"vc_btn3-container vc_btn3-right\"><a class=\"vc_general vc_btn3 vc_btn3-size-md vc_btn3-shape-square vc_btn3-style-flat vc_btn3-color-grey\" a href=\"https:\/\/lovelab.berlin\/de\/jenseits-des-patriarchats\/\" title=\"Lesen\">Lesen<\/a><\/div><\/div><\/div><\/div><\/div><\/div><div class=\"vc_clearfix\"><\/div><\/div><div class=\"vc_grid-item vc_clearfix vc_col-sm-3 vc_grid-item-zone-c-bottom\"><div class=\"vc_grid-item-mini vc_clearfix\"><div class=\"vc_gitem-animated-block\" ><div class=\"vc_gitem-zone vc_gitem-zone-a vc-gitem-zone-height-mode-auto vc-gitem-zone-height-mode-auto-1-1 vc_gitem-is-link\" style=\"background-image: url('https:\/\/lovelab.berlin\/wp-content\/uploads\/2025\/12\/maxresdefault-1024x576.jpg') !important;\"><a href=\"https:\/\/lovelab.berlin\/de\/shattered-glass\/\" title=\"Zerbrochenes Glas | Tim Ra\" class=\"vc_gitem-link vc-zone-link\" ><\/a><img decoding=\"async\" class=\"vc_gitem-zone-img\" src=\"https:\/\/lovelab.berlin\/wp-content\/uploads\/2025\/12\/maxresdefault-1024x576.jpg\" alt=\"Democracy on the rocks, eine Spurensuche nach dem Aufstieg des amerikanischen Autoritarismus.\" loading=\"lazy\"><div class=\"vc_gitem-zone-mini\"><\/div><\/div><\/div><div class=\"vc_gitem-zone vc_gitem-zone-c vc_custom_1538733333930\"><div class=\"vc_gitem-zone-mini\"><div class=\"vc_gitem_row vc_row vc_gitem-row-position-top\"><div class=\"vc_col-sm-12 vc_gitem-col vc_gitem-col-align-\"><div class=\"vc_custom_heading vc_custom_1538733294618 vc_gitem-post-data vc_gitem-post-data-source-post_title\" ><h4 style=\"text-align: left\" >Zerbrochenes Glas | Tim Ra<\/h4><\/div><div class=\"vc_custom_heading vc_custom_1538733270017 vc_gitem-post-data vc_gitem-post-data-source-post_excerpt\" ><p style=\"text-align: left\" ><p>Democracy on the rocks, eine Spurensuche nach dem Aufstieg des amerikanischen Autoritarismus. <\/p>\n<\/p><\/div><div class=\"vc_btn3-container vc_btn3-right\"><a class=\"vc_general vc_btn3 vc_btn3-size-md vc_btn3-shape-square vc_btn3-style-flat vc_btn3-color-grey\" a href=\"https:\/\/lovelab.berlin\/de\/shattered-glass\/\" title=\"Lesen\">Lesen<\/a><\/div><\/div><\/div><\/div><\/div><\/div><div class=\"vc_clearfix\"><\/div><\/div><\/div><div data-lazy-loading-btn=\"true\" style=\"display: none;\"><a href=\"https:\/\/lovelab.berlin\/de\/liebende\/\"><\/a><\/div><\/div>\n\t<\/div>\n<\/div><\/div>\n\t<\/div>\n\n<\/div>","protected":false},"excerpt":{"rendered":"<p>Wir kamen. Wir sahen. Wir liebten. <\/p>","protected":false},"author":1,"featured_media":850,"parent":0,"menu_order":0,"comment_status":"closed","ping_status":"closed","template":"","meta":{"footnotes":""},"categories":[],"tags":[],"class_list":["post-510","page","type-page","status-publish","has-post-thumbnail","hentry"],"aioseo_notices":[],"_links":{"self":[{"href":"https:\/\/lovelab.berlin\/de\/wp-json\/wp\/v2\/pages\/510","targetHints":{"allow":["GET"]}}],"collection":[{"href":"https:\/\/lovelab.berlin\/de\/wp-json\/wp\/v2\/pages"}],"about":[{"href":"https:\/\/lovelab.berlin\/de\/wp-json\/wp\/v2\/types\/page"}],"author":[{"embeddable":true,"href":"https:\/\/lovelab.berlin\/de\/wp-json\/wp\/v2\/users\/1"}],"replies":[{"embeddable":true,"href":"https:\/\/lovelab.berlin\/de\/wp-json\/wp\/v2\/comments?post=510"}],"version-history":[{"count":0,"href":"https:\/\/lovelab.berlin\/de\/wp-json\/wp\/v2\/pages\/510\/revisions"}],"wp:featuredmedia":[{"embeddable":true,"href":"https:\/\/lovelab.berlin\/de\/wp-json\/wp\/v2\/media\/850"}],"wp:attachment":[{"href":"https:\/\/lovelab.berlin\/de\/wp-json\/wp\/v2\/media?parent=510"}],"wp:term":[{"taxonomy":"category","embeddable":true,"href":"https:\/\/lovelab.berlin\/de\/wp-json\/wp\/v2\/categories?post=510"},{"taxonomy":"post_tag","embeddable":true,"href":"https:\/\/lovelab.berlin\/de\/wp-json\/wp\/v2\/tags?post=510"}],"curies":[{"name":"wp","href":"https:\/\/api.w.org\/{rel}","templated":true}]}}