{"id":428,"date":"2018-10-05T11:19:56","date_gmt":"2018-10-05T09:19:56","guid":{"rendered":"https:\/\/lovelab.berlin\/?page_id=428"},"modified":"2026-03-03T14:25:54","modified_gmt":"2026-03-03T13:25:54","slug":"veranstaltungen","status":"publish","type":"page","link":"https:\/\/lovelab.berlin\/de\/events\/","title":{"rendered":"Events"},"content":{"rendered":"<div class=\"wpb-content-wrapper\">\n<div  data-mk-stretch-content=\"true\" class=\"wpb_row vc_row vc_row-fluid jupiter-donut- mk-fullwidth-false  attched-false     js-master-row  mk-grid\">\n\t\t\t\t\n<div class=\"vc_col-sm-12 wpb_column column_container  jupiter-donut- _ jupiter-donut-height-full\">\n\t\n<div class=\"vc_grid-container-wrapper vc_clearfix vc_grid-animation-fadeIn\">\n\t<div class=\"vc_grid-container vc_clearfix wpb_content_element vc_basic_grid\" data-initial-loading-animation=\"fadeIn\" data-vc-grid-settings=\"{&quot;page_id&quot;:428,&quot;style&quot;:&quot;lazy&quot;,&quot;action&quot;:&quot;vc_get_vc_grid_data&quot;,&quot;shortcode_id&quot;:&quot;1772544293402-8136c477-4400-5&quot;,&quot;items_per_page&quot;:&quot;10&quot;,&quot;tag&quot;:&quot;vc_basic_grid&quot;}\" data-vc-request=\"https:\/\/lovelab.berlin\/wp-admin\/admin-ajax.php\" data-vc-post-id=\"428\" data-vc-public-nonce=\"94eaddf2ba\">\n\t\t<style data-type=\"vc_shortcodes-custom-css\">.vc_custom_1538733333930{background-color: #ffffff !important;}.vc_custom_1538733294618{background-color: #ffffff !important;}.vc_custom_1538733270017{background-color: #ffffff !important;}<\/style><div class=\"vc_grid vc_row vc_grid-gutter-30px vc_pageable-wrapper vc_hook_hover\" data-vc-pageable-content=\"true\"><div class=\"vc_pageable-slide-wrapper vc_clearfix\" data-vc-grid-content=\"true\"><div class=\"vc_grid-item vc_clearfix vc_col-sm-4 vc_grid-item-zone-c-bottom\"><div class=\"vc_grid-item-mini vc_clearfix\"><div class=\"vc_gitem-animated-block\" ><div class=\"vc_gitem-zone vc_gitem-zone-a vc-gitem-zone-height-mode-auto vc-gitem-zone-height-mode-auto-1-1 vc_gitem-is-link\" style=\"background-image: url('https:\/\/lovelab.berlin\/wp-content\/uploads\/2026\/03\/seeds-vorn-scaled-1024x1024.jpg') !important;\"><a href=\"https:\/\/lovelab.berlin\/de\/seeds\/\" title=\"Dream 05: Seeds\" class=\"vc_gitem-link vc-zone-link\" ><\/a><img decoding=\"async\" class=\"vc_gitem-zone-img\" src=\"https:\/\/lovelab.berlin\/wp-content\/uploads\/2026\/03\/seeds-vorn-scaled-1024x1024.jpg\" alt=\"W\u00e4hrend autorit\u00e4re Kr\u00e4fte weltweit Demokratie aush\u00f6hlen, Krieg und \u00f6kologische Verw\u00fcstung vorantreiben, entstehen zugleich Bewegungen des Widerstands und der Erneuerung.\" loading=\"lazy\"><div class=\"vc_gitem-zone-mini\"><\/div><\/div><\/div><div class=\"vc_gitem-zone vc_gitem-zone-c vc_custom_1538733333930\"><div class=\"vc_gitem-zone-mini\"><div class=\"vc_gitem_row vc_row vc_gitem-row-position-top\"><div class=\"vc_col-sm-12 vc_gitem-col vc_gitem-col-align-\"><div class=\"vc_custom_heading vc_custom_1538733294618 vc_gitem-post-data vc_gitem-post-data-source-post_title\" ><h4 style=\"text-align: left\" >Dream 05: Seeds<\/h4><\/div><div class=\"vc_custom_heading vc_custom_1538733270017 vc_gitem-post-data vc_gitem-post-data-source-post_excerpt\" ><p style=\"text-align: left\" ><p>W\u00e4hrend autorit\u00e4re Kr\u00e4fte weltweit Demokratie aush\u00f6hlen, Krieg und \u00f6kologische Verw\u00fcstung vorantreiben, entstehen zugleich Bewegungen des Widerstands und der Erneuerung. <\/p>\n<\/p><\/div><div class=\"vc_btn3-container vc_btn3-right\"><a class=\"vc_general vc_btn3 vc_btn3-size-md vc_btn3-shape-square vc_btn3-style-flat vc_btn3-color-grey\" a href=\"https:\/\/lovelab.berlin\/de\/seeds\/\" title=\"Lesen\">Lesen<\/a><\/div><\/div><\/div><\/div><\/div><\/div><div class=\"vc_clearfix\"><\/div><\/div><div class=\"vc_grid-item vc_clearfix vc_col-sm-4 vc_grid-item-zone-c-bottom\"><div class=\"vc_grid-item-mini vc_clearfix\"><div class=\"vc_gitem-animated-block\" ><div class=\"vc_gitem-zone vc_gitem-zone-a vc-gitem-zone-height-mode-auto vc-gitem-zone-height-mode-auto-1-1 vc_gitem-is-link\" style=\"background-image: url('https:\/\/lovelab.berlin\/wp-content\/uploads\/2025\/10\/95gutermensch-v3-1024x1024.jpg') !important;\"><a href=\"https:\/\/lovelab.berlin\/de\/jenseits-des-patriarchats\/\" title=\"Dream 04: Lust jenseits des Patriarchats\" class=\"vc_gitem-link vc-zone-link\" ><\/a><img decoding=\"async\" class=\"vc_gitem-zone-img\" src=\"https:\/\/lovelab.berlin\/wp-content\/uploads\/2025\/10\/95gutermensch-v3-1024x1024.jpg\" alt=\"\u201cLust Beyond the Patriarchy\u201d pr\u00e4sentiert gro\u00dfformatige Drucke und Originalarbeiten aus Ulli Lusts preisgekr\u00f6nten Comics bei Lovelab vom 8. November 2025 - 17. Januar 2026\" loading=\"lazy\"><div class=\"vc_gitem-zone-mini\"><\/div><\/div><\/div><div class=\"vc_gitem-zone vc_gitem-zone-c vc_custom_1538733333930\"><div class=\"vc_gitem-zone-mini\"><div class=\"vc_gitem_row vc_row vc_gitem-row-position-top\"><div class=\"vc_col-sm-12 vc_gitem-col vc_gitem-col-align-\"><div class=\"vc_custom_heading vc_custom_1538733294618 vc_gitem-post-data vc_gitem-post-data-source-post_title\" ><h4 style=\"text-align: left\" >Dream 04: Lust jenseits des Patriarchats<\/h4><\/div><div class=\"vc_custom_heading vc_custom_1538733270017 vc_gitem-post-data vc_gitem-post-data-source-post_excerpt\" ><p style=\"text-align: left\" ><p>\u201eLust jenseits des Patriarchats\u201c pr\u00e4sentiert gro\u00dfformatige Drucke und Originalarbeiten aus Ulli Lusts preisgekr\u00f6nten Comics vom 8. November 2025 - 17. Januar 2026 im Lovelab.<\/p>\n<\/p><\/div><div class=\"vc_btn3-container vc_btn3-right\"><a class=\"vc_general vc_btn3 vc_btn3-size-md vc_btn3-shape-square vc_btn3-style-flat vc_btn3-color-grey\" a href=\"https:\/\/lovelab.berlin\/de\/jenseits-des-patriarchats\/\" title=\"Lesen\">Lesen<\/a><\/div><\/div><\/div><\/div><\/div><\/div><div class=\"vc_clearfix\"><\/div><\/div><div class=\"vc_grid-item vc_clearfix vc_col-sm-4 vc_grid-item-zone-c-bottom\"><div class=\"vc_grid-item-mini vc_clearfix\"><div class=\"vc_gitem-animated-block\" ><div class=\"vc_gitem-zone vc_gitem-zone-a vc-gitem-zone-height-mode-auto vc-gitem-zone-height-mode-auto-1-1 vc_gitem-is-link\" style=\"background-image: url('https:\/\/lovelab.berlin\/wp-content\/uploads\/2025\/05\/butterfly-square-1024x1024.jpg') !important;\"><a href=\"https:\/\/lovelab.berlin\/de\/colectivo-jatibina\/\" title=\"Dream 03: Colectivo Jatibina\" class=\"vc_gitem-link vc-zone-link\" ><\/a><img decoding=\"async\" class=\"vc_gitem-zone-img\" src=\"https:\/\/lovelab.berlin\/wp-content\/uploads\/2025\/05\/butterfly-square-1024x1024.jpg\" alt=\"Colectivo Jatibina: Wo Natur, Kunst und Gemeinschaft - neben psychedelischen Visionen, Heilung und Verantwortung f\u00fcr die Erde - untrennbar miteinander verwoben sind. Shipibo Gruppenausstellung. Psychedelische Kunst aus dem Amazonas.\" loading=\"lazy\"><div class=\"vc_gitem-zone-mini\"><\/div><\/div><\/div><div class=\"vc_gitem-zone vc_gitem-zone-c vc_custom_1538733333930\"><div class=\"vc_gitem-zone-mini\"><div class=\"vc_gitem_row vc_row vc_gitem-row-position-top\"><div class=\"vc_col-sm-12 vc_gitem-col vc_gitem-col-align-\"><div class=\"vc_custom_heading vc_custom_1538733294618 vc_gitem-post-data vc_gitem-post-data-source-post_title\" ><h4 style=\"text-align: left\" >Dream 03: Colectivo Jatibina<\/h4><\/div><div class=\"vc_custom_heading vc_custom_1538733270017 vc_gitem-post-data vc_gitem-post-data-source-post_excerpt\" ><p style=\"text-align: left\" ><p>Colectivo Jatibina: Wo Natur, Kunst und Gemeinschaft - mitsamt psychedelischen Visionen, Heilung und Verantwortung f\u00fcr die Erde - untrennbar miteinander verwoben sind. Shipibo Gruppenausstellung. Psychedelische Kunst aus dem Amazonas. <\/p>\n<\/p><\/div><div class=\"vc_btn3-container vc_btn3-right\"><a class=\"vc_general vc_btn3 vc_btn3-size-md vc_btn3-shape-square vc_btn3-style-flat vc_btn3-color-grey\" a href=\"https:\/\/lovelab.berlin\/de\/colectivo-jatibina\/\" title=\"Lesen\">Lesen<\/a><\/div><\/div><\/div><\/div><\/div><\/div><div class=\"vc_clearfix\"><\/div><\/div><div class=\"vc_grid-item vc_clearfix vc_col-sm-4 vc_grid-item-zone-c-bottom\"><div class=\"vc_grid-item-mini vc_clearfix\"><div class=\"vc_gitem-animated-block\" ><div class=\"vc_gitem-zone vc_gitem-zone-a vc-gitem-zone-height-mode-auto vc-gitem-zone-height-mode-auto-1-1 vc_gitem-is-link\" style=\"background-image: url('https:\/\/lovelab.berlin\/wp-content\/uploads\/2025\/05\/ki-flyer-square-1024x1024.jpg') !important;\"><a href=\"https:\/\/lovelab.berlin\/de\/ki-salon\/\" title=\"Dream 02: Das KI-Manifest\" class=\"vc_gitem-link vc-zone-link\" ><\/a><img decoding=\"async\" class=\"vc_gitem-zone-img\" src=\"https:\/\/lovelab.berlin\/wp-content\/uploads\/2025\/05\/ki-flyer-square-1024x1024.jpg\" alt=\"Wir st\u00fcrmen die Server - nicht um sie zu zerst\u00f6ren, sondern um sie zur\u00fcckzuerobern. Um KI von einem Werkzeug privatisierter Kontrolle in ein Gemeingut kollektiver Vorstellungskraft zu verwandeln.\" loading=\"lazy\"><div class=\"vc_gitem-zone-mini\"><\/div><\/div><\/div><div class=\"vc_gitem-zone vc_gitem-zone-c vc_custom_1538733333930\"><div class=\"vc_gitem-zone-mini\"><div class=\"vc_gitem_row vc_row vc_gitem-row-position-top\"><div class=\"vc_col-sm-12 vc_gitem-col vc_gitem-col-align-\"><div class=\"vc_custom_heading vc_custom_1538733294618 vc_gitem-post-data vc_gitem-post-data-source-post_title\" ><h4 style=\"text-align: left\" >Dream 02: Das KI-Manifest<\/h4><\/div><div class=\"vc_custom_heading vc_custom_1538733270017 vc_gitem-post-data vc_gitem-post-data-source-post_excerpt\" ><p style=\"text-align: left\" ><p>Wir st\u00fcrmen die Server - nicht um sie zu zerst\u00f6ren, sondern um sie zur\u00fcckzuerobern. Um KI von einem Werkzeug privatisierter Kontrolle in ein Gemeingut kollektiver Vorstellungskraft zu verwandeln.<\/p>\n<\/p><\/div><div class=\"vc_btn3-container vc_btn3-right\"><a class=\"vc_general vc_btn3 vc_btn3-size-md vc_btn3-shape-square vc_btn3-style-flat vc_btn3-color-grey\" a href=\"https:\/\/lovelab.berlin\/de\/ki-salon\/\" title=\"Lesen\">Lesen<\/a><\/div><\/div><\/div><\/div><\/div><\/div><div class=\"vc_clearfix\"><\/div><\/div><div class=\"vc_grid-item vc_clearfix vc_col-sm-4 vc_grid-item-zone-c-bottom\"><div class=\"vc_grid-item-mini vc_clearfix\"><div class=\"vc_gitem-animated-block\" ><div class=\"vc_gitem-zone vc_gitem-zone-a vc-gitem-zone-height-mode-auto vc-gitem-zone-height-mode-auto-1-1 vc_gitem-is-link\" style=\"background-image: url('https:\/\/lovelab.berlin\/wp-content\/uploads\/2025\/05\/genesis-flyer-vorne-1024x1024.jpg') !important;\"><a href=\"https:\/\/lovelab.berlin\/de\/genesis-exhibition\/\" title=\"Dream 01: Genesis-Ausstellung\" class=\"vc_gitem-link vc-zone-link\" ><\/a><img decoding=\"async\" class=\"vc_gitem-zone-img\" src=\"https:\/\/lovelab.berlin\/wp-content\/uploads\/2025\/05\/genesis-flyer-vorne-1024x1024.jpg\" alt=\"Ist der Kosmos ein unbarmherziger, kalter Ort - chaotisch, gleichg\u00fcltig, tot? Ist er ein lebendiges Netz von Beziehungen, durchdrungen von Energie, Sch\u00f6nheit und Geist? Ist er ein Ort der Gewalt oder der Liebe?\" loading=\"lazy\"><div class=\"vc_gitem-zone-mini\"><\/div><\/div><\/div><div class=\"vc_gitem-zone vc_gitem-zone-c vc_custom_1538733333930\"><div class=\"vc_gitem-zone-mini\"><div class=\"vc_gitem_row vc_row vc_gitem-row-position-top\"><div class=\"vc_col-sm-12 vc_gitem-col vc_gitem-col-align-\"><div class=\"vc_custom_heading vc_custom_1538733294618 vc_gitem-post-data vc_gitem-post-data-source-post_title\" ><h4 style=\"text-align: left\" >Dream 01: Genesis-Ausstellung<\/h4><\/div><div class=\"vc_custom_heading vc_custom_1538733270017 vc_gitem-post-data vc_gitem-post-data-source-post_excerpt\" ><p style=\"text-align: left\" ><p>Ist der Kosmos ein unbarmherziger, kalter Ort - chaotisch, gleichg\u00fcltig, tot? Ist er ein lebendiges Netz von Beziehungen, durchdrungen von Energie, Sch\u00f6nheit und Geist? Ist er ein Ort der Gewalt oder der Liebe?<\/p>\n<\/p><\/div><div class=\"vc_btn3-container vc_btn3-right\"><a class=\"vc_general vc_btn3 vc_btn3-size-md vc_btn3-shape-square vc_btn3-style-flat vc_btn3-color-grey\" a href=\"https:\/\/lovelab.berlin\/de\/genesis-exhibition\/\" title=\"Lesen\">Lesen<\/a><\/div><\/div><\/div><\/div><\/div><\/div><div class=\"vc_clearfix\"><\/div><\/div><div class=\"vc_grid-item vc_clearfix vc_col-sm-4 vc_grid-item-zone-c-bottom\"><div class=\"vc_grid-item-mini vc_clearfix\"><div class=\"vc_gitem-animated-block\" ><div class=\"vc_gitem-zone vc_gitem-zone-a vc-gitem-zone-height-mode-auto vc-gitem-zone-height-mode-auto-1-1 vc_gitem-is-link\" style=\"background-image: url('https:\/\/lovelab.berlin\/wp-content\/uploads\/2023\/10\/lastgensq-1024x1024.png') !important;\"><a href=\"https:\/\/lovelab.berlin\/de\/ai-experiment-365\/\" title=\"Dream 00: KI-Experiment\" class=\"vc_gitem-link vc-zone-link\" ><\/a><img decoding=\"async\" class=\"vc_gitem-zone-img\" src=\"https:\/\/lovelab.berlin\/wp-content\/uploads\/2023\/10\/lastgensq-1024x1024.png\" alt=\"In den vergangenen 365 Tagen hat sich Tim Ra auf eine fantastische Reise in die k\u00fcnstliche Intelligenz begeben, um das \u00e4sthetische, kulturelle und soziale Gef\u00fcge der KI-Kunst zu erforschen und Millionen von Menschen in den sozialen Medien mit herausfordernden und ermutigenden Botschaften zu erreichen.\" loading=\"lazy\"><div class=\"vc_gitem-zone-mini\"><\/div><\/div><\/div><div class=\"vc_gitem-zone vc_gitem-zone-c vc_custom_1538733333930\"><div class=\"vc_gitem-zone-mini\"><div class=\"vc_gitem_row vc_row vc_gitem-row-position-top\"><div class=\"vc_col-sm-12 vc_gitem-col vc_gitem-col-align-\"><div class=\"vc_custom_heading vc_custom_1538733294618 vc_gitem-post-data vc_gitem-post-data-source-post_title\" ><h4 style=\"text-align: left\" >Dream 00: KI-Experiment<\/h4><\/div><div class=\"vc_custom_heading vc_custom_1538733270017 vc_gitem-post-data vc_gitem-post-data-source-post_excerpt\" ><p style=\"text-align: left\" ><p>In den vergangenen 365 Tagen hat sich Tim Ra auf eine fantastische Reise in die k\u00fcnstliche Intelligenz begeben, um das \u00e4sthetische, kulturelle und soziale Gef\u00fcge der KI-Kunst zu erforschen und Millionen von Menschen in den sozialen Medien mit herausfordernden und ermutigenden Botschaften zu erreichen.<\/p>\n<\/p><\/div><div class=\"vc_btn3-container vc_btn3-right\"><a class=\"vc_general vc_btn3 vc_btn3-size-md vc_btn3-shape-square vc_btn3-style-flat vc_btn3-color-grey\" a href=\"https:\/\/lovelab.berlin\/de\/ai-experiment-365\/\" title=\"Lesen\">Lesen<\/a><\/div><\/div><\/div><\/div><\/div><\/div><div class=\"vc_clearfix\"><\/div><\/div><\/div><div data-lazy-loading-btn=\"true\" style=\"display: none;\"><a href=\"https:\/\/lovelab.berlin\/de\/events\/\"><\/a><\/div><\/div>\n\t<\/div>\n<\/div><\/div>\n\t<\/div>\n\n<\/div>","protected":false},"excerpt":{"rendered":"<p>Veranstaltungen im lovelab.berlin<\/p>","protected":false},"author":1,"featured_media":0,"parent":0,"menu_order":0,"comment_status":"closed","ping_status":"closed","template":"","meta":{"footnotes":""},"categories":[],"tags":[],"class_list":["post-428","page","type-page","status-publish","hentry"],"aioseo_notices":[],"_links":{"self":[{"href":"https:\/\/lovelab.berlin\/de\/wp-json\/wp\/v2\/pages\/428","targetHints":{"allow":["GET"]}}],"collection":[{"href":"https:\/\/lovelab.berlin\/de\/wp-json\/wp\/v2\/pages"}],"about":[{"href":"https:\/\/lovelab.berlin\/de\/wp-json\/wp\/v2\/types\/page"}],"author":[{"embeddable":true,"href":"https:\/\/lovelab.berlin\/de\/wp-json\/wp\/v2\/users\/1"}],"replies":[{"embeddable":true,"href":"https:\/\/lovelab.berlin\/de\/wp-json\/wp\/v2\/comments?post=428"}],"version-history":[{"count":5,"href":"https:\/\/lovelab.berlin\/de\/wp-json\/wp\/v2\/pages\/428\/revisions"}],"predecessor-version":[{"id":2335,"href":"https:\/\/lovelab.berlin\/de\/wp-json\/wp\/v2\/pages\/428\/revisions\/2335"}],"wp:attachment":[{"href":"https:\/\/lovelab.berlin\/de\/wp-json\/wp\/v2\/media?parent=428"}],"wp:term":[{"taxonomy":"category","embeddable":true,"href":"https:\/\/lovelab.berlin\/de\/wp-json\/wp\/v2\/categories?post=428"},{"taxonomy":"post_tag","embeddable":true,"href":"https:\/\/lovelab.berlin\/de\/wp-json\/wp\/v2\/tags?post=428"}],"curies":[{"name":"wp","href":"https:\/\/api.w.org\/{rel}","templated":true}]}}