{"id":2387,"date":"2026-04-27T13:08:51","date_gmt":"2026-04-27T11:08:51","guid":{"rendered":"https:\/\/lovelab.berlin\/?page_id=2387"},"modified":"2026-04-28T20:52:17","modified_gmt":"2026-04-28T18:52:17","slug":"kosmische-ausgabe","status":"publish","type":"page","link":"https:\/\/lovelab.berlin\/de\/kosmische-edition\/","title":{"rendered":"Kosmische Kuriere | Limitierte Auflage #2"},"content":{"rendered":"<div class=\"wpb-content-wrapper\">\n<div  data-mk-full-width=\"true\" data-mk-full-width-init=\"false\" data-mk-stretch-content=\"true\" class=\"wpb_row vc_row vc_row-fluid jupiter-donut- mk-fullwidth-true  attched-false     js-master-row  mk-full-content-true\">\n\t\t\t\t\n<div class=\"vc_col-sm-4 wpb_column column_container  jupiter-donut- _ jupiter-donut-height-full\">\n\t<div class=\"wpb_video_widget  jupiter-donut-\">\n\t<div class=\"wpb_wrapper\">\n\t\t\t\t<div id=\"video-container-2\" class=\"video-container\" data-id=\"2\" data-source=\"social_hosted\" data-autoplay=\"0\" data-loop=\"0\" data-target=\"lightbox\" itemprop=\"video\" itemtype=\"https:\/\/schema.org\/VideoObject\" >\n\t\t\t<div id=\"video-player-2\" class=\"video-player\">\n\t\t\t<div class=\"BorlabsCookie\"><div class=\"_brlbs-content-blocker\"> <div class=\"_brlbs-embed _brlbs-video-youtube\"> <img decoding=\"async\" class=\"_brlbs-thumbnail\" src=\"https:\/\/lovelab.berlin\/wp-content\/plugins\/borlabs-cookie\/images\/cb-no-thumbnail.png\" alt=\"YouTube\"> <div class=\"_brlbs-caption\"> <p>Durch das Laden des Videos erkl\u00e4ren Sie sich mit den Datenschutzbestimmungen von YouTube einverstanden.<br><a href=\"https:\/\/policies.google.com\/privacy?hl=en&amp;gl=en\" target=\"_blank\" rel=\"nofollow noopener noreferrer\">Mehr erfahren<\/a><\/p> <p><a class=\"_brlbs-btn _brlbs-icon-play-white\" href=\"#\" data-borlabs-cookie-unblock role=\"button\">Video laden<\/a><\/p> <p><label><input type=\"checkbox\" name=\"unblockAll\" value=\"1\" checked> <small>YouTube immer entsperren<\/small><\/label><\/p> <\/div> <\/div> <\/div><div class=\"borlabs-hide\" data-borlabs-cookie-type=\"content-blocker\" data-borlabs-cookie-id=\"youtube\"><script type=\"text\/template\">PGlmcmFtZSB0aXRsZT0iV2Fzc2VyIGRlcyBMZWJlbnMgfCBUaW0gUmEgwrcgSmVucyBTdHLDvHZlciIgd2lkdGg9IjExNDAiIGhlaWdodD0iNjQxIiBzcmM9Imh0dHBzOi8vd3d3LnlvdXR1YmUtbm9jb29raWUuY29tL2VtYmVkL0ZqdWdVRnJCS1pZP2ZlYXR1cmU9b2VtYmVkIiBmcmFtZWJvcmRlcj0iMCIgYWxsb3c9ImFjY2VsZXJvbWV0ZXI7IGF1dG9wbGF5OyBjbGlwYm9hcmQtd3JpdGU7IGVuY3J5cHRlZC1tZWRpYTsgZ3lyb3Njb3BlOyBwaWN0dXJlLWluLXBpY3R1cmU7IHdlYi1zaGFyZSIgcmVmZXJyZXJwb2xpY3k9InN0cmljdC1vcmlnaW4td2hlbi1jcm9zcy1vcmlnaW4iIGFsbG93ZnVsbHNjcmVlbj48L2lmcmFtZT4=<\/script><\/div><\/div>\t\t\t<\/div>\n\t\t\t\t\t<\/div>\n\t<\/div>\n<\/div>\n<\/div>\n\n<div class=\"vc_col-sm-4 wpb_column column_container  jupiter-donut- _ jupiter-donut-height-full\">\n\t<style>#mk-title-box-4 {font-family: \"Roboto\"}<\/style>\n<h3  id=\"mk-title-box-4\" class=\"mk-title-box jupiter-donut-clearfix  jupiter-donut-\">\n\t<span><strong>Kosmische Kuriere | Ausgabe | Tim Ra \u00b7 Jens Str\u00fcver<\/strong><\/span>\n<\/h3>\n\n\t<div class=\"vc_custom_1777402333056\">\n\n<div id=\"text-block-5\" class=\"mk-text-block  jupiter-donut-\">\n\n\t\n\t<p><em>Kosmische Kuriere<\/em> is released as a strictly limited signed vinyl edition \u2014 only seven copies worldwide. Each record stands as a physical artifact: analog, irreplaceable, and charged with the quiet intensity of something meant to endure.<\/p>\n<p>Die internationale Presse hat auf das Album mit bemerkenswerter Begeisterung reagiert. Michael R\u00e4del beschreibt es als \u201eelegant, hypnotisch, von zeitloser Gelassenheit\" \u2014 und erkennt darin eine \u201e\u00e4sthetische Gegenrede zu Hass, Spaltung und Zerst\u00f6rung\", getragen von der Idee, dass eine andere Welt bereits in greifbarer N\u00e4he liegt.<\/p>\n<p>Olivier Lehoux feiert es in Sol\u00e9nopole als \u201eretro-futuristische Odyssee\", als \u201epoetisch, immersiv und beseelt\" \u2014 und schreibt: \u201eMit Kosmische Kuriere erfinden Tim Ra und Jens Str\u00fcver eine neue Art, die Erde vom Kosmos aus zu bewohnen. Visionen sind hier keine Verzierungen. Sie sind Werkzeuge der Realit\u00e4t.\"<\/p>\n<p><em>Kosmische Kuriere<\/em> ist mehr als eine Schallplatte \u2013 sie ist eine physische Botschaft, geborgen aus den Ruinen einer imaginierten Zukunft, bestimmt f\u00fcr diejenigen, die noch zuh\u00f6ren. Exklusiv erh\u00e4ltlich bei lovelab.berlin f\u00fcr begrenzte Zeit f\u00fcr nur 400\u20ac.<\/p>\n\n\t<div class=\"clearboth\"><\/div>\n<\/div>\n\n\t<\/div>\n<\/div>\n\n<div class=\"vc_col-sm-4 wpb_column column_container  jupiter-donut- _ jupiter-donut-height-full\">\n\t\n<div class=\"mk-slideshow mk-flexslider mk-slider js-el  mk-swipe-slideshow-lazyload\"\n\tstyle=\"max-width:1380px; margin-top:0px; margin-bottom:0px;\"\n\tdata-mk-component='SwipeSlideshow'\n\tdata-swipeslideshow-config='{\t\t\"effect\" : \"slide\",\t\t\"displayTime\" : \"3000\",\t\t\"transitionTime\" : \"700\",\t\t\"nav\" : \"#flex-direction-nav-7\",\t\t\"hasNav\" : \"true\",\t\t\"pauseOnHover\" : true,\t\t\"fluidHeight\" :  true}' >\n\n\t<div class=\"mk-swiper-wrapper mk-slider-holder\">\n\n\t\t\t\t\t<div class=\"mk-slider-slide\">\n\t\t\t\t<img decoding=\"async\" class=\"swiper-slide-image\" src=\"https:\/\/lovelab.berlin\/wp-content\/uploads\/bfi_thumb\/dummy-transparent-rjkt18apvqdybsn4rav0hla25i6o4yn978vcz956rk.png\"\n\t\t\t\tdata-mk-image-src-set='{\"default\":\"https:\/\/lovelab.berlin\/wp-content\/uploads\/bfi_thumb\/Bildschirmfoto-2026-04-28-um-19.56.17-rmonjgf1mvsltgjiw29wceaqzz9ab7vg81szlu2hds.jpg\",\"2x\":\"https:\/\/lovelab.berlin\/wp-content\/uploads\/bfi_thumb\/Bildschirmfoto-2026-04-28-um-19.56.17-rmonjgfig31048b1ljrpofu3p3w4gpxei61fyr99ts.jpg\",\"mobile\":\"https:\/\/lovelab.berlin\/wp-content\/uploads\/bfi_thumb\/Bildschirmfoto-2026-04-28-um-19.56.17-rmonjgetsgf358dvrdb6nks49up11g8xtq88rszbb4.jpg\",\"responsive\":\"true\"}'\t\t\t\talt=\"\" \/>\n\t\t\t<\/div>\n\n\t\t\t\t\t<div class=\"mk-slider-slide\">\n\t\t\t\t<img decoding=\"async\" class=\"swiper-slide-image\" src=\"https:\/\/lovelab.berlin\/wp-content\/uploads\/bfi_thumb\/dummy-transparent-rjkt18apvqdybsn4rav0hla25i6o4yn978vcz956rk.png\"\n\t\t\t\tdata-mk-image-src-set='{\"default\":\"https:\/\/lovelab.berlin\/wp-content\/uploads\/bfi_thumb\/Bildschirmfoto-2026-04-28-um-19.52.18-1-rmonmpwvd69g4psutz29i2nd95661dtwc7colf89s0.jpg\",\"2x\":\"https:\/\/lovelab.berlin\/wp-content\/uploads\/bfi_thumb\/Bildschirmfoto-2026-04-28-um-19.52.18-1-rmonmpxc6dhufhkdjgk2u46py9t06vvumbl4ycf280.jpg\",\"mobile\":\"https:\/\/lovelab.berlin\/wp-content\/uploads\/bfi_thumb\/Bildschirmfoto-2026-04-28-um-19.52.18-1-rmonmpwniqvxghn7pa3jt94qj0lwrm7dxvrxre53pc.jpg\",\"responsive\":\"true\"}'\t\t\t\talt=\"\" \/>\n\t\t\t<\/div>\n\n\t\t\n\t\t<!-- empty PNG to stretch slider and make it responsive outside of js as the slider adjusts height and width to container sizes  -->\n\t\t<img decoding=\"async\" src=\"https:\/\/lovelab.berlin\/wp-content\/uploads\/bfi_thumb\/dummy-transparent-rjkt18apvqdybsn4rav0hla25i6o4yn978vcz956rk.png\" style=\"visibility: hidden;\" \/>\n\n\t<\/div>\n\n\t\t<ul id=\"flex-direction-nav-7\" class=\"flex-direction-nav\">\n\t\t<li><a class=\"flex-prev\" href=\"#\"  data-direction=\"prev\"><svg  class=\"mk-svg-icon\" data-name=\"mk-jupiter-icon-arrow-left\" data-cacheid=\"icon-69f134008ecdc\" xmlns=\"http:\/\/www.w3.org\/2000\/svg\" viewbox=\"0 0 512 512\"><path d=\"M368 505.6c-8 0-16-3.2-22.4-8l-240-225.6c-6.4-6.4-9.6-14.4-9.6-24 0-8 3.2-16 9.6-22.4l240-224c12.8-11.2 33.6-11.2 44.8 1.6 12.8 12.8 11.2 32-1.6 44.8l-214.4 201.6 216 203.2c12.8 11.2 12.8 32 0 44.8-4.8 4.8-14.4 8-22.4 8z\"\/><\/svg><\/a><\/li>\n\t\t<li><a class=\"flex-next\" href=\"#\"  data-direction=\"next\"><svg  class=\"mk-svg-icon\" data-name=\"mk-jupiter-icon-arrow-right\" data-cacheid=\"icon-69f134008ed22\" xmlns=\"http:\/\/www.w3.org\/2000\/svg\" viewbox=\"0 0 512 512\"><path d=\"M144 505.6c8 0 16-3.2 22.4-8l240-225.6c6.4-6.4 9.6-14.4 9.6-22.4s-3.2-16-9.6-22.4l-240-224c-12.8-12.8-32-12.8-44.8 0s-11.2 32 1.6 44.8l214.4 201.6-216 203.2c-12.8 11.2-12.8 32 0 44.8 6.4 4.8 14.4 8 22.4 8z\"\/><\/svg><\/a><\/li>\n\t<\/ul>\n\t<\/div>\n\n\t<div class=\"vc_custom_1777402137720\">\n\n<div id=\"text-block-8\" class=\"mk-text-block  jupiter-donut-\">\n\n\t\n\t<p><a href=\"mailto:info@lovelab.berlin?subject=Limited%20Edition%20Vinyl%20Inquiry&amp;body=I%20am%20interested%20in%20purchasing%20a%20copy%20of%20the%20limited%20edition%20vinyl%20KOSMISCHE%20KURIERE.\"><em>Erkundigen Sie sich nach dieser limitierten Auflage von sieben St\u00fcck.<\/em><br \/>\n<\/a><\/p>\n\n\t<div class=\"clearboth\"><\/div>\n<\/div>\n\n\t<\/div>\n<\/div>\n\t<\/div>\n<div class=\"vc_row-full-width vc_clearfix\"><\/div>\n<\/div>","protected":false},"excerpt":{"rendered":"<p>Kosmische Kuriere ist mehr als eine Schallplatte \u2013 es ist eine Botschaft in physischer Form, geborgen aus den Ruinen einer imaginierten Zukunft, bestimmt f\u00fcr jene, die noch zuh\u00f6ren.<\/p>","protected":false},"author":1,"featured_media":2072,"parent":0,"menu_order":0,"comment_status":"closed","ping_status":"closed","template":"","meta":{"footnotes":""},"categories":[131],"tags":[],"class_list":["post-2387","page","type-page","status-publish","has-post-thumbnail","hentry","category-editions"],"aioseo_notices":[],"_links":{"self":[{"href":"https:\/\/lovelab.berlin\/de\/wp-json\/wp\/v2\/pages\/2387","targetHints":{"allow":["GET"]}}],"collection":[{"href":"https:\/\/lovelab.berlin\/de\/wp-json\/wp\/v2\/pages"}],"about":[{"href":"https:\/\/lovelab.berlin\/de\/wp-json\/wp\/v2\/types\/page"}],"author":[{"embeddable":true,"href":"https:\/\/lovelab.berlin\/de\/wp-json\/wp\/v2\/users\/1"}],"replies":[{"embeddable":true,"href":"https:\/\/lovelab.berlin\/de\/wp-json\/wp\/v2\/comments?post=2387"}],"version-history":[{"count":10,"href":"https:\/\/lovelab.berlin\/de\/wp-json\/wp\/v2\/pages\/2387\/revisions"}],"predecessor-version":[{"id":2414,"href":"https:\/\/lovelab.berlin\/de\/wp-json\/wp\/v2\/pages\/2387\/revisions\/2414"}],"wp:featuredmedia":[{"embeddable":true,"href":"https:\/\/lovelab.berlin\/de\/wp-json\/wp\/v2\/media\/2072"}],"wp:attachment":[{"href":"https:\/\/lovelab.berlin\/de\/wp-json\/wp\/v2\/media?parent=2387"}],"wp:term":[{"taxonomy":"category","embeddable":true,"href":"https:\/\/lovelab.berlin\/de\/wp-json\/wp\/v2\/categories?post=2387"},{"taxonomy":"post_tag","embeddable":true,"href":"https:\/\/lovelab.berlin\/de\/wp-json\/wp\/v2\/tags?post=2387"}],"curies":[{"name":"wp","href":"https:\/\/api.w.org\/{rel}","templated":true}]}}