{"id":2351,"date":"2026-03-09T11:48:41","date_gmt":"2026-03-09T10:48:41","guid":{"rendered":"https:\/\/lovelab.berlin\/?page_id=2351"},"modified":"2026-03-19T10:20:55","modified_gmt":"2026-03-19T09:20:55","slug":"seeds","status":"publish","type":"page","link":"https:\/\/lovelab.berlin\/de\/seeds\/","title":{"rendered":"Dream 05: Seeds"},"content":{"rendered":"<div class=\"wpb-content-wrapper\">\n<div  data-mk-full-width=\"true\" data-mk-full-width-init=\"false\" data-mk-stretch-content=\"true\" class=\"wpb_row vc_row vc_row-fluid jupiter-donut- mk-fullwidth-true  attched-false     js-master-row  mk-full-content-true\">\n\t\t\t\t\n<div class=\"vc_col-sm-12 wpb_column column_container  jupiter-donut- _ jupiter-donut-height-full\">\n\t<div  class=\"mk-image mk-image-2 jupiter-donut-  mk-image-lazyload align-left simple-frame inside-image\" style=\"margin-bottom:10px\"><div class=\"mk-image-container\" style=\"max-width: 2560px;\"><div  class=\"mk-image-holder\" style=\"max-width: 2560px;\"><div class=\"mk-image-inner\"><img loading=\"lazy\" decoding=\"async\" class=\"lightbox-false\" alt=\"saatgut-vorn-v2\" title=\"saatgut-vorn-v2\" width=\"2560\" height=\"1396\" src=\"https:\/\/lovelab.berlin\/wp-content\/uploads\/2026\/03\/seeds-vorn-v2-scaled.jpg\" \/><\/div><\/div><div class=\"clearboth\"><\/div><\/div><\/div>\n<div id=\"padding-3\" class=\"mk-padding-divider jupiter-donut-  jupiter-donut-clearfix\"><\/div>\n\n<\/div>\n\t<\/div>\n<div class=\"vc_row-full-width vc_clearfix\"><\/div>\n<div  data-mk-stretch-content=\"true\" class=\"wpb_row vc_row vc_row-fluid jupiter-donut- mk-fullwidth-false  attched-false     js-master-row  mk-grid\">\n\t\t\t\t\n<div class=\"vc_col-sm-12 wpb_column column_container  jupiter-donut- _ jupiter-donut-height-full\">\n\t\t<div class=\"vc_custom_1773052604574\">\n\n<div id=\"text-block-5\" class=\"mk-text-block  jupiter-donut-\">\n\n\t\n\t<h1 style=\"text-align: center;\"><strong>Dream 05: Seeds<\/strong><\/h1>\n<h4 style=\"text-align: center;\"><em>\u00a021. M\u00e4rz - 13. Juni 2026<\/em><\/h4>\n\n\t<div class=\"clearboth\"><\/div>\n<\/div>\n\n\t<\/div>\n<\/div>\n\t<\/div>\n\n<div  data-mk-stretch-content=\"true\" class=\"wpb_row vc_row vc_row-fluid jupiter-donut- mk-fullwidth-false  attched-false     js-master-row  mk-grid\">\n\t\t\t\t\n<div class=\"vc_col-sm-4 wpb_column column_container  jupiter-donut- _ jupiter-donut-height-full\">\n\t\n<div id=\"padding-7\" class=\"mk-padding-divider jupiter-donut-  jupiter-donut-clearfix\"><\/div>\n\n<div  class=\"mk-image mk-image-8 jupiter-donut-  mk-image-lazyload align-left simple-frame inside-image\" style=\"margin-bottom:10px\"><div class=\"mk-image-container\" style=\"max-width: 1417px;\"><div  class=\"mk-image-holder\" style=\"max-width: 1417px;\"><div class=\"mk-image-inner\"><img loading=\"lazy\" decoding=\"async\" class=\"lightbox-false\" alt=\"nordamerika-195-x-200-cm\" title=\"nordamerika-195-x-200-cm\" width=\"1417\" height=\"1440\" src=\"https:\/\/lovelab.berlin\/wp-content\/uploads\/2026\/03\/nordamerika-195-x-200-cm.jpg\" \/><\/div><\/div><div class=\"clearboth\"><\/div><\/div><\/div>\t<div class=\"vc_custom_1773053347676\">\n\n<div id=\"text-block-9\" class=\"mk-text-block  jupiter-donut-\">\n\n\t\n\t<p>Reiner Heidorn | Nordamerika<\/p>\n\n\t<div class=\"clearboth\"><\/div>\n<\/div>\n\n\t<\/div>\n<\/div>\n\n<div class=\"vc_col-sm-4 wpb_column column_container  jupiter-donut- _ jupiter-donut-height-full\">\n\t\n<div id=\"padding-11\" class=\"mk-padding-divider jupiter-donut-  jupiter-donut-clearfix\"><\/div>\n\n\t<div class=\"vc_custom_1773053397348\">\n\n<div id=\"text-block-12\" class=\"mk-text-block  jupiter-donut-\">\n\n\t\n\t<p class=\"translation-block\">Mit einem gro\u00dfen Fr\u00fchlingsfest beginnt am 21. M\u00e4rz ab 16 Uhr die neue Gruppenausstellung <strong>\u00bbSeeds\u00ab<\/strong> \u2013 zugleich der f\u00fcnfte im Lovelab inszenierte <strong>\u00bbDream\u00ab<\/strong>, ein fortlaufendes Salonformat, in dem Kunst, Klang und Gespr\u00e4ch zusammenkommen.<\/p>\n<p class=\"translation-block\">W\u00e4hrend autorit\u00e4re Kr\u00e4fte weltweit Demokratie aush\u00f6hlen, Krieg und \u00f6kologische Verw\u00fcstung vorantreiben, entstehen zugleich Bewegungen des Widerstands und der Erneuerung. <strong>\u00bbSeeds\u00ab<\/strong> versammelt k\u00fcnstlerische Positionen, die utopische Potenziale aus der Krise bergen - und pr\u00e4sentiert sie zum Opening im Gespr\u00e4ch mit beteiligten K\u00fcnstlern.<\/p>\n<p>Die international vielfach ausgezeichneten Luftaufnahmen von <strong>J Henry Fair<\/strong> dokumentieren die Realit\u00e4t industrieller Umweltzerst\u00f6rung. F\u00fcr <strong>\u00bbSeeds\u00ab<\/strong>zeigt er ein aktuelles Projekt zum Schutz des <strong>Okefenokee-Sumpf<\/strong> - ein Kampf um Land, Leben und Zukunft.<\/p>\n<p class=\"translation-block\"><strong>Reiner Heidorn<\/strong> pr\u00e4sentiert eine exklusiv f\u00fcr die Ausstellung entstandene, \u00fcbermalte Nordamerika-Karte aus seinem Projekt Overpainting History \u2013 ein malerischer Kommentar zur Geschichte des kolonialen Siedlerprojekts und seiner gegenw\u00e4rtigen Wiederkehr in den Weltbeherrschungsfantasien des US-amerikanischen Faschismus.<\/p>\n<p class=\"translation-block\"><strong>Sasperella La Sir\u00e8ne<\/strong> bringt aus der indigenen Arbeit zum Erhalt des Amazonas-Regenwalds eine Vision mit \u2013 und verwandelt diese in ein dichtes musikalisches Trance-Gewebe aus Stimmen, Erinnerungen und Widerstand.<\/p>\n<p class=\"translation-block\">Auf den Spuren seiner indigenen Vorfahren wird auch <strong>In\u00f6<\/strong> neue Musik aus Lateinamerika pr\u00e4sentieren \u2013 Kl\u00e4nge aus Kulturen, deren Wissen \u00fcber Gemeinschaft und Natur in Zeiten der planetaren Krise neue Bedeutung gewinnt.<\/p>\n<p class=\"translation-block\"><strong>Tim Ra<\/strong>  zeigt neue Video- und Klangarbeiten, die die Tiefenschichten unserer dystopischen Gegenwart ausloten und zugleich psychedelische und futuristische Perspektiven er\u00f6ffnen \u2013 als klangliche Sonden in m\u00f6gliche Zuk\u00fcnfte.<\/p>\n<p class=\"translation-block\">Einen symbolischen Dreh- und Angelpunkt der Ausstellung bildet das Planetensystem aus konservierten L\u00f6wenzahn-Samenst\u00e4nden von <strong>Lavanya Honeyseeda<\/strong>. Aus den schwebenden Samen entsteht ein kosmisches Mobile aus M\u00f6glichkeit und Dissemination  \u2013 ein Bild f\u00fcr Neubeginn, Zukunft und die Kraft von Samen, aus denen neue Welten wachsen k\u00f6nnen.<\/p>\n<p class=\"translation-block\">F\u00fcr Fr\u00fchlingsstimmung sorgt <strong>Jens Str\u00fcver<\/strong> mit einem erlesenen utopischen DJ-Programm, eingerahmt von Live-Musik mit Lavanya Honeyseeda, Tim Ra, In\u00f6 und Sasperella.<\/p>\n<hr \/>\n<p><strong>SEEDS | DREAM 05<\/strong><br \/>\n21. M\u00e4rz 2026 | 16:00<\/p>\n<p><strong>Eintrittskarten<\/strong><br \/>\n8 \u20ac VVK<br \/>\n12 \u20ac Tageskasse<\/p>\n<p><strong>Reservierungen<\/strong><br \/>\n<a href=\"mailto:info@lovelab.berlin\">info@lovelab.berlin<\/a><\/p>\n\n\t<div class=\"clearboth\"><\/div>\n<\/div>\n\n\t<\/div>\n\n<div id=\"padding-13\" class=\"mk-padding-divider jupiter-donut-  jupiter-donut-clearfix\"><\/div>\n\n<\/div>\n\n<div class=\"vc_col-sm-4 wpb_column column_container  jupiter-donut- _ jupiter-donut-height-full\">\n\t<\/div>\n\t<\/div>\n\n<\/div>","protected":false},"excerpt":{"rendered":"<p>W\u00e4hrend autorit\u00e4re Kr\u00e4fte weltweit Demokratie aush\u00f6hlen, Krieg und \u00f6kologische Verw\u00fcstung vorantreiben, entstehen zugleich Bewegungen des Widerstands und der Erneuerung. <\/p>","protected":false},"author":1,"featured_media":2352,"parent":0,"menu_order":0,"comment_status":"closed","ping_status":"closed","template":"","meta":{"footnotes":""},"categories":[92],"tags":[],"class_list":["post-2351","page","type-page","status-publish","has-post-thumbnail","hentry","category-events"],"aioseo_notices":[],"_links":{"self":[{"href":"https:\/\/lovelab.berlin\/de\/wp-json\/wp\/v2\/pages\/2351","targetHints":{"allow":["GET"]}}],"collection":[{"href":"https:\/\/lovelab.berlin\/de\/wp-json\/wp\/v2\/pages"}],"about":[{"href":"https:\/\/lovelab.berlin\/de\/wp-json\/wp\/v2\/types\/page"}],"author":[{"embeddable":true,"href":"https:\/\/lovelab.berlin\/de\/wp-json\/wp\/v2\/users\/1"}],"replies":[{"embeddable":true,"href":"https:\/\/lovelab.berlin\/de\/wp-json\/wp\/v2\/comments?post=2351"}],"version-history":[{"count":5,"href":"https:\/\/lovelab.berlin\/de\/wp-json\/wp\/v2\/pages\/2351\/revisions"}],"predecessor-version":[{"id":2360,"href":"https:\/\/lovelab.berlin\/de\/wp-json\/wp\/v2\/pages\/2351\/revisions\/2360"}],"wp:featuredmedia":[{"embeddable":true,"href":"https:\/\/lovelab.berlin\/de\/wp-json\/wp\/v2\/media\/2352"}],"wp:attachment":[{"href":"https:\/\/lovelab.berlin\/de\/wp-json\/wp\/v2\/media?parent=2351"}],"wp:term":[{"taxonomy":"category","embeddable":true,"href":"https:\/\/lovelab.berlin\/de\/wp-json\/wp\/v2\/categories?post=2351"},{"taxonomy":"post_tag","embeddable":true,"href":"https:\/\/lovelab.berlin\/de\/wp-json\/wp\/v2\/tags?post=2351"}],"curies":[{"name":"wp","href":"https:\/\/api.w.org\/{rel}","templated":true}]}}