{"id":2260,"date":"2026-02-21T15:06:29","date_gmt":"2026-02-21T14:06:29","guid":{"rendered":"https:\/\/lovelab.berlin\/?page_id=2260"},"modified":"2026-03-05T12:01:10","modified_gmt":"2026-03-05T11:01:10","slug":"timra","status":"publish","type":"page","link":"https:\/\/lovelab.berlin\/de\/timra\/","title":{"rendered":"Tim Ra"},"content":{"rendered":"<div class=\"wpb-content-wrapper\">\n<div  data-mk-stretch-content=\"true\" class=\"wpb_row vc_row vc_row-fluid jupiter-donut- mk-fullwidth-false  attched-false     js-master-row  mk-grid\">\n\t\t\t\t\n<div class=\"vc_col-sm-6 wpb_column column_container  jupiter-donut- _ jupiter-donut-height-full\">\n\t\n\t<div  class=\"wpb_single_image wpb_content_element vc_align_center wpb_content_element\">\n\t\t\n\t\t<figure class=\"wpb_wrapper vc_figure\">\n\t\t\t<div class=\"vc_single_image-wrapper   vc_box_border_grey\"><img loading=\"lazy\" decoding=\"async\" width=\"2560\" height=\"1708\" src=\"https:\/\/lovelab.berlin\/wp-content\/uploads\/2026\/02\/timra-2026-v4-scaled.jpg\" class=\"vc_single_image-img attachment-full\" alt=\"\" title=\"timra-2026-v4\" srcset=\"https:\/\/lovelab.berlin\/wp-content\/uploads\/2026\/02\/timra-2026-v4-scaled.jpg 2560w, https:\/\/lovelab.berlin\/wp-content\/uploads\/2026\/02\/timra-2026-v4-768x512.jpg 768w, https:\/\/lovelab.berlin\/wp-content\/uploads\/2026\/02\/timra-2026-v4-18x12.jpg 18w, https:\/\/lovelab.berlin\/wp-content\/uploads\/2026\/02\/timra-2026-v4-scaled-600x400.jpg 600w\" sizes=\"auto, (max-width: 2560px) 100vw, 2560px\" itemprop=\"image\" \/><\/div>\n\t\t<\/figure>\n\t<\/div>\n<\/div>\n\n<div class=\"vc_col-sm-6 wpb_column column_container  jupiter-donut- _ jupiter-donut-height-full\">\n\t\t<div class=\"vc_custom_1772708416984\">\n\n<div id=\"text-block-3\" class=\"mk-text-block  jupiter-donut-\">\n\n\t\n\t<p><em>Tim Ra<\/em> (alias Robert Defcon) ist ein in Berlin lebender K\u00fcnstler, Musiker, Autor und Kurator, der in den Bereichen Sound, Bewegtbild und r\u00e4umliche Praxis arbeitet. Seine Arbeit erforscht das transdimensionale Ph\u00e4nomen zwischen Wachbewusstsein und Traumzust\u00e4nden - ein Feld, das er als \u201cDreamspace\u201d bezeichnet.<\/p>\n<p>Ra entwickelt Musikwerke, die von Noir Jazz \u00fcber Hip Hop bis hin zu zeitgen\u00f6ssischer elektronischer Musik reichen. Diese Ver\u00f6ffentlichungen \u2013 oft begleitet von Videoclips \u2013 werden im Lovelab Dreamspace als immersive H\u00f6r- und Seherlebnisse pr\u00e4sentiert.<\/p>\n<p>Neben seiner k\u00fcnstlerischen Praxis arbeitet Tim Ra als Journalist und Buchautor, schreibt \u00fcber Kultur, Technologie und zeitgen\u00f6ssische k\u00fcnstlerische Produktion und hat zahlreiche m\u00fcndliche \u00dcberlieferungen ver\u00f6ffentlicht. In den letzten Jahren konzentrierte sich seine Forschung und \u00f6ffentliche Arbeit auf k\u00fcnstliche Intelligenz in der Kunst und untersuchte ihre \u00e4sthetischen, philosophischen und ethischen Auswirkungen.<\/p>\n<p>Als Gr\u00fcnder und Kurator des Lovelab Dreamspace verbindet Ra k\u00fcnstlerische Produktion, Schreiben und kuratorische Gestaltung zu einem Salonformat. Jede Ausstellung und Veranstaltung entfaltet sich als ein nummerierter Dream, der Teil der fortlaufenden k\u00fcnstlerischen Untersuchung des Dreamspace als Bereich des Tr\u00e4umens ist und ihn in einen gemeinsamen kulturellen Raum \u00fcbersetzt.<\/p>\n<p><a href=\"https:\/\/www.facebook.com\/tim.amun.re\/\">Tim Ra auf Facebook<\/a> | <a href=\"https:\/\/www.instagram.com\/_lovelab.dreamspace\/\">Tim Ra auf Instagram<\/a><\/p>\n\n\t<div class=\"clearboth\"><\/div>\n<\/div>\n\n\t<\/div>\n<\/div>\n\t<\/div>\n\n<\/div>","protected":false},"excerpt":{"rendered":"<p>Tim Ra ist ein in Berlin lebender K\u00fcnstler, Musiker, Journalist und Autor, der in den Bereichen Klang, bewegtes Bild und r\u00e4umliche Praxis arbeitet.<\/p>","protected":false},"author":1,"featured_media":2261,"parent":0,"menu_order":0,"comment_status":"closed","ping_status":"closed","template":"","meta":{"footnotes":""},"categories":[],"tags":[],"class_list":["post-2260","page","type-page","status-publish","has-post-thumbnail","hentry"],"aioseo_notices":[],"_links":{"self":[{"href":"https:\/\/lovelab.berlin\/de\/wp-json\/wp\/v2\/pages\/2260","targetHints":{"allow":["GET"]}}],"collection":[{"href":"https:\/\/lovelab.berlin\/de\/wp-json\/wp\/v2\/pages"}],"about":[{"href":"https:\/\/lovelab.berlin\/de\/wp-json\/wp\/v2\/types\/page"}],"author":[{"embeddable":true,"href":"https:\/\/lovelab.berlin\/de\/wp-json\/wp\/v2\/users\/1"}],"replies":[{"embeddable":true,"href":"https:\/\/lovelab.berlin\/de\/wp-json\/wp\/v2\/comments?post=2260"}],"version-history":[{"count":10,"href":"https:\/\/lovelab.berlin\/de\/wp-json\/wp\/v2\/pages\/2260\/revisions"}],"predecessor-version":[{"id":2350,"href":"https:\/\/lovelab.berlin\/de\/wp-json\/wp\/v2\/pages\/2260\/revisions\/2350"}],"wp:featuredmedia":[{"embeddable":true,"href":"https:\/\/lovelab.berlin\/de\/wp-json\/wp\/v2\/media\/2261"}],"wp:attachment":[{"href":"https:\/\/lovelab.berlin\/de\/wp-json\/wp\/v2\/media?parent=2260"}],"wp:term":[{"taxonomy":"category","embeddable":true,"href":"https:\/\/lovelab.berlin\/de\/wp-json\/wp\/v2\/categories?post=2260"},{"taxonomy":"post_tag","embeddable":true,"href":"https:\/\/lovelab.berlin\/de\/wp-json\/wp\/v2\/tags?post=2260"}],"curies":[{"name":"wp","href":"https:\/\/api.w.org\/{rel}","templated":true}]}}