{"id":2215,"date":"2026-02-21T13:08:18","date_gmt":"2026-02-21T12:08:18","guid":{"rendered":"https:\/\/lovelab.berlin\/?page_id=2215"},"modified":"2026-03-05T10:20:54","modified_gmt":"2026-03-05T09:20:54","slug":"traumraum","status":"publish","type":"page","link":"https:\/\/lovelab.berlin\/de\/dreamspace\/","title":{"rendered":"Dreamspace"},"content":{"rendered":"<div class=\"wpb-content-wrapper\">\n<div  data-mk-stretch-content=\"true\" class=\"wpb_row vc_row vc_row-fluid jupiter-donut- mk-fullwidth-false  attched-false     js-master-row  mk-grid\">\n\t\t\t\t\n<div class=\"vc_col-sm-6 wpb_column column_container  jupiter-donut- _ jupiter-donut-height-full\">\n\t\t<div class=\"vc_custom_1771963228222\">\n\n<div id=\"text-block-2\" class=\"mk-text-block  jupiter-donut-\">\n\n\t\n\t<h2 style=\"text-align: right;\"><em>\u201cDer Dreamspace ist der Raum, den wir betreten, wenn wir schlafen - ein Bereich zwischen den Welten. Er verbindet uns mit Dimensionen der Erinnerung, der Vorstellungskraft und der Intuition und erm\u00f6glicht Einblicke jenseits unserer unmittelbaren Realit\u00e4t. Ein Raum, in dem die Wahrnehmung weich wird und andere Dimensionen der Erkenntnis zug\u00e4nglich werden. Er l\u00e4dt ein zu Reflexion, Gnosis und Begegnungen jenseits des rein Sichtbaren.<\/em><\/h2>\n\n\t<div class=\"clearboth\"><\/div>\n<\/div>\n\n\t<\/div>\n<\/div>\n\n<div class=\"vc_col-sm-6 wpb_column column_container  jupiter-donut- _ jupiter-donut-height-full\">\n\t<div  class=\"mk-image mk-image-4 jupiter-donut-  mk-image-lazyload align-left simple-frame inside-image\" style=\"margin-bottom:10px\"><div class=\"mk-image-container\" style=\"max-width: 2560px;\"><div  class=\"mk-image-holder\" style=\"max-width: 2560px;\"><div class=\"mk-image-inner\"><img loading=\"lazy\" decoding=\"async\" class=\"lightbox-false\" alt=\"Traumraum-t\" title=\"Traumraum-t\" width=\"2560\" height=\"1708\" src=\"https:\/\/lovelab.berlin\/wp-content\/uploads\/2026\/02\/dreamspace-t-scaled.jpg\" \/><\/div><\/div><div class=\"clearboth\"><\/div><\/div><\/div><\/div>\n\t<\/div>\n\n<div  data-mk-stretch-content=\"true\" class=\"wpb_row vc_row vc_row-fluid jupiter-donut- mk-fullwidth-false  attched-false     js-master-row  mk-grid\">\n\t\t\t\t\n<div class=\"vc_col-sm-12 wpb_column column_container  jupiter-donut- _ jupiter-donut-height-full\">\n\t\n<div id=\"padding-6\" class=\"mk-padding-divider jupiter-donut-  jupiter-donut-clearfix\"><\/div>\n\n<\/div>\n\t<\/div>\n\n<div  data-mk-stretch-content=\"true\" class=\"wpb_row vc_row vc_row-fluid jupiter-donut- mk-fullwidth-false  attched-false     js-master-row  mk-grid\">\n\t\t\t\t\n<div class=\"vc_col-sm-6 wpb_column column_container  jupiter-donut- _ jupiter-donut-height-full\">\n\t<div  class=\"mk-image mk-image-8 jupiter-donut-  mk-image-lazyload align-left simple-frame inside-image\" style=\"margin-bottom:10px\"><div class=\"mk-image-container\" style=\"max-width: 2560px;\"><div  class=\"mk-image-holder\" style=\"max-width: 2560px;\"><div class=\"mk-image-inner\"><img loading=\"lazy\" decoding=\"async\" class=\"lightbox-false\" alt=\"Wir wollen\" title=\"Wir wollen\" width=\"2560\" height=\"1708\" src=\"https:\/\/lovelab.berlin\/wp-content\/uploads\/2026\/02\/wewillrest-scaled.jpg\" \/><\/div><\/div><div class=\"clearboth\"><\/div><\/div><\/div><\/div>\n\n<div class=\"vc_col-sm-6 wpb_column column_container  jupiter-donut- _ jupiter-donut-height-full\">\n\t\t<div class=\"vc_custom_1772702401095\">\n\n<div id=\"text-block-10\" class=\"mk-text-block  jupiter-donut-\">\n\n\t\n\t<h3><em>\u201cLovelab Dreamspace versteht sich als Ort der Ruhe, der Wahrnehmung, des H\u00f6rens und vertiefter Aufmerksamkeit. <\/em><em>Ein Ort f\u00fcr ausgew\u00e4hlte, kuratierte Veranstaltungen \u2013 die sogenannten Dreams: Ausstellungen, Begegnungen, rituelle Reisen und Gespr\u00e4che. <\/em><em>Zeremonieller Kakao und griechischer Bergtee begleiten die Veranstaltungen. <\/em><em>Die Zeit verlangsamt sich.<\/em><\/h3>\n\n\t<div class=\"clearboth\"><\/div>\n<\/div>\n\n\t<\/div>\n<\/div>\n\t<\/div>\n\n<div  data-mk-stretch-content=\"true\" class=\"wpb_row vc_row vc_row-fluid jupiter-donut- mk-fullwidth-false  attched-false     js-master-row  mk-grid\">\n\t\t\t\t\n<div class=\"vc_col-sm-12 wpb_column column_container  jupiter-donut- _ jupiter-donut-height-full\">\n\t\n<div id=\"padding-12\" class=\"mk-padding-divider jupiter-donut-  jupiter-donut-clearfix\"><\/div>\n\n<\/div>\n\t<\/div>\n\n<div  data-mk-stretch-content=\"true\" class=\"wpb_row vc_row vc_row-fluid jupiter-donut- mk-fullwidth-false  attched-false     js-master-row  mk-grid\">\n\t\t\t\t\n<div class=\"vc_col-sm-6 wpb_column column_container  jupiter-donut- _ jupiter-donut-height-full\">\n\t\t<div class=\"vc_custom_1771681350607\">\n\n<div id=\"text-block-14\" class=\"mk-text-block  jupiter-donut-\">\n\n\t\n\t<h3><em>Den Raum mieten<\/em><\/h3>\n<p>Der Lovelab Dreamspace steht f\u00fcr ausgew\u00e4hlte kulturelle Zusammenk\u00fcnfte, Pr\u00e4sentationen und private Veranstaltungen zur Verf\u00fcgung.<\/p>\n<p>Der Raum kann stunden- oder tageweise f\u00fcr Gruppen von bis zu 20 Personen gemietet werden. Neben seiner besonderen Atmosph\u00e4re bietet das Lovelab einen hohen technischen Standard bei der Audio- und Videowiedergabe und eignet sich daher besonders f\u00fcr H\u00f6r-Sessions, Film-Vorf\u00fchrungen, Lesungen, Vortr\u00e4ge, Workshops und kleine Performances.<\/p>\n<p>Wenn du interessiert bist, eine Veranstaltung auszurichten, nimm bitte Kontakt mit uns auf und teile eine kurze Beschreibung des geplanten Projekts, den gew\u00fcnschten Termin und die erwartete Anzahl der G\u00e4ste mit.<br \/>\n<a href=\"mailto:info@lovelab.berlin?subject=Space%20Rental%20Inquiry%20%E2%80%93%20Lovelab%20Dreamspace&amp;body=I%20am%20interested%20in%20renting%20Lovelab%20Dreamspace%20for%20an%20event.%0A%0AEvent%20description:%0APreferred%20date(s):%0ANumber%20of%20guests%20(max.%2020):%0A%0APlease%20let%20me%20know%20about%20availability%20and%20conditions.\"><br \/>\n<em>Anfrage ans Lovelab senden (hier klicken).<\/em><br \/>\n<\/a><\/p>\n\n\t<div class=\"clearboth\"><\/div>\n<\/div>\n\n\t<\/div>\n<\/div>\n\n<div class=\"vc_col-sm-6 wpb_column column_container  jupiter-donut- _ jupiter-donut-height-full\">\n\t<div  class=\"mk-image mk-image-16 jupiter-donut-  mk-image-lazyload align-left simple-frame inside-image\" style=\"margin-bottom:10px\"><div class=\"mk-image-container\" style=\"max-width: 2560px;\"><div  class=\"mk-image-holder\" style=\"max-width: 2560px;\"><div class=\"mk-image-inner\"><img loading=\"lazy\" decoding=\"async\" class=\"lightbox-false\" alt=\"lovelab-open\" title=\"lovelab-open\" width=\"2560\" height=\"1708\" src=\"https:\/\/lovelab.berlin\/wp-content\/uploads\/2026\/02\/lovelab-open-scaled.jpg\" \/><\/div><\/div><div class=\"clearboth\"><\/div><\/div><\/div><\/div>\n\t<\/div>\n\n<\/div>","protected":false},"excerpt":{"rendered":"<p>Wiederver\u00f6ffentlichung der legend\u00e4ren No Underground-Alben \u201cFree Transform\u201d und \u201cGolden Child\u201d.<\/p>","protected":false},"author":1,"featured_media":1807,"parent":0,"menu_order":0,"comment_status":"closed","ping_status":"closed","template":"","meta":{"footnotes":""},"categories":[],"tags":[],"class_list":["post-2215","page","type-page","status-publish","has-post-thumbnail","hentry"],"aioseo_notices":[],"_links":{"self":[{"href":"https:\/\/lovelab.berlin\/de\/wp-json\/wp\/v2\/pages\/2215","targetHints":{"allow":["GET"]}}],"collection":[{"href":"https:\/\/lovelab.berlin\/de\/wp-json\/wp\/v2\/pages"}],"about":[{"href":"https:\/\/lovelab.berlin\/de\/wp-json\/wp\/v2\/types\/page"}],"author":[{"embeddable":true,"href":"https:\/\/lovelab.berlin\/de\/wp-json\/wp\/v2\/users\/1"}],"replies":[{"embeddable":true,"href":"https:\/\/lovelab.berlin\/de\/wp-json\/wp\/v2\/comments?post=2215"}],"version-history":[{"count":11,"href":"https:\/\/lovelab.berlin\/de\/wp-json\/wp\/v2\/pages\/2215\/revisions"}],"predecessor-version":[{"id":2348,"href":"https:\/\/lovelab.berlin\/de\/wp-json\/wp\/v2\/pages\/2215\/revisions\/2348"}],"wp:featuredmedia":[{"embeddable":true,"href":"https:\/\/lovelab.berlin\/de\/wp-json\/wp\/v2\/media\/1807"}],"wp:attachment":[{"href":"https:\/\/lovelab.berlin\/de\/wp-json\/wp\/v2\/media?parent=2215"}],"wp:term":[{"taxonomy":"category","embeddable":true,"href":"https:\/\/lovelab.berlin\/de\/wp-json\/wp\/v2\/categories?post=2215"},{"taxonomy":"post_tag","embeddable":true,"href":"https:\/\/lovelab.berlin\/de\/wp-json\/wp\/v2\/tags?post=2215"}],"curies":[{"name":"wp","href":"https:\/\/api.w.org\/{rel}","templated":true}]}}