{"id":2213,"date":"2025-07-21T12:51:22","date_gmt":"2025-07-21T10:51:22","guid":{"rendered":"https:\/\/lovelab.berlin\/?page_id=2213"},"modified":"2026-02-21T12:52:30","modified_gmt":"2026-02-21T11:52:30","slug":"bima-inuma","status":"publish","type":"page","link":"https:\/\/lovelab.berlin\/de\/bima-inuma\/","title":{"rendered":"Live @ Lovelab | Bima Inuma"},"content":{"rendered":"<div class=\"wpb-content-wrapper\">\n<div  data-mk-stretch-content=\"true\" class=\"wpb_row vc_row vc_row-fluid jupiter-donut- mk-fullwidth-false  attched-false     js-master-row  mk-grid\">\n\t\t\t\t\n<div class=\"vc_col-sm-8 wpb_column column_container  jupiter-donut- _ jupiter-donut-height-full\">\n\t<div class=\"wpb_video_widget  jupiter-donut-\">\n\t<div class=\"wpb_wrapper\">\n\t\t\t\t<div id=\"video-container-2\" class=\"video-container\" data-id=\"2\" data-source=\"social_hosted\" data-autoplay=\"0\" data-loop=\"0\" data-target=\"lightbox\" itemprop=\"video\" itemtype=\"https:\/\/schema.org\/VideoObject\" >\n\t\t\t<div id=\"video-player-2\" class=\"video-player\">\n\t\t\t<div class=\"BorlabsCookie\"><div class=\"_brlbs-content-blocker\"> <div class=\"_brlbs-embed _brlbs-video-youtube\"> <img decoding=\"async\" class=\"_brlbs-thumbnail\" src=\"https:\/\/lovelab.berlin\/wp-content\/plugins\/borlabs-cookie\/images\/cb-no-thumbnail.png\" alt=\"YouTube\"> <div class=\"_brlbs-caption\"> <p>Durch das Laden des Videos erkl\u00e4ren Sie sich mit den Datenschutzbestimmungen von YouTube einverstanden.<br><a href=\"https:\/\/policies.google.com\/privacy?hl=en&amp;gl=en\" target=\"_blank\" rel=\"nofollow noopener noreferrer\">Mehr erfahren<\/a><\/p> <p><a class=\"_brlbs-btn _brlbs-icon-play-white\" href=\"#\" data-borlabs-cookie-unblock role=\"button\">Video laden<\/a><\/p> <p><label><input type=\"checkbox\" name=\"unblockAll\" value=\"1\" checked> <small>YouTube immer entsperren<\/small><\/label><\/p> <\/div> <\/div> <\/div><div class=\"borlabs-hide\" data-borlabs-cookie-type=\"content-blocker\" data-borlabs-cookie-id=\"youtube\"><script type=\"text\/template\">PGlmcmFtZSB0aXRsZT0iQmltYSBJbnVtYSB8IExpdmUgQCBMb3ZlbGFiIERyZWFtc3BhY2UgSnVseSAxOXRoLCAyMDI1IiB3aWR0aD0iMTE0MCIgaGVpZ2h0PSI2NDEiIHNyYz0iaHR0cHM6Ly93d3cueW91dHViZS1ub2Nvb2tpZS5jb20vZW1iZWQvRHNUQzI5NHRnRmM\/ZmVhdHVyZT1vZW1iZWQiIGZyYW1lYm9yZGVyPSIwIiBhbGxvdz0iYWNjZWxlcm9tZXRlcjsgYXV0b3BsYXk7IGNsaXBib2FyZC13cml0ZTsgZW5jcnlwdGVkLW1lZGlhOyBneXJvc2NvcGU7IHBpY3R1cmUtaW4tcGljdHVyZTsgd2ViLXNoYXJlIiByZWZlcnJlcnBvbGljeT0ic3RyaWN0LW9yaWdpbi13aGVuLWNyb3NzLW9yaWdpbiIgYWxsb3dmdWxsc2NyZWVuPjwvaWZyYW1lPg==<\/script><\/div><\/div>\t\t\t<\/div>\n\t\t\t\t\t<\/div>\n\t<\/div>\n<\/div>\n<\/div>\n\n<div class=\"vc_col-sm-4 wpb_column column_container  jupiter-donut- _ jupiter-donut-height-full\">\n\t\n<h3  id=\"mk-title-box-4\" class=\"mk-title-box jupiter-donut-clearfix  jupiter-donut-\">\n\t<span>Bima Inuma | Live @ Lovelab | 19. Juli 2025<\/span>\n<\/h3>\n\n\t<div class=\"vc_custom_1771674639158\">\n\n<div id=\"text-block-5\" class=\"mk-text-block  jupiter-donut-\">\n\n\t\n\t<p>Bima Inuma ist ein Shipibo Curandero und vision\u00e4rer K\u00fcnstler, dessen musikalische Arbeit in den lebendigen Traditionen des Shipibo-Konibo-Volkes verwurzelt ist. Hier tr\u00e4gt er ein Lied vor, das er von seinem Gro\u00dfvater geschenkt bekommen hat.<\/p>\n<p>Mit seiner Gruppe von K\u00fcnstlern und Musikern pr\u00e4sentiert er die traditionelle Musik der Shipibo bei der j\u00e4hrlichen JATIVINA-Feier in San Francisco, Ucayali, und l\u00e4sst Besucher aus der ganzen Welt an ihrer Kultur und ihren Zeremonien teilhaben.<\/p>\n<p>Als kraftvolle Kulturbotschafterin des peruanischen Amazonasgebiets bringt Bima Inuma Musik, Gemeinschaft und das Wissen der Vorfahren in Auff\u00fchrungen zusammen, die das Shipibo-Erbe lebendig halten.<\/p>\n\n\t<div class=\"clearboth\"><\/div>\n<\/div>\n\n\t<\/div>\n<\/div>\n\t<\/div>\n\n<\/div>","protected":false},"excerpt":{"rendered":"<p>Der Shipibo-Schamane Bima Inuma tr\u00e4gt ein Lied vor, das er von seinem Gro\u00dfvater geschenkt bekommen hat.<\/p>","protected":false},"author":1,"featured_media":1920,"parent":0,"menu_order":0,"comment_status":"closed","ping_status":"closed","template":"","meta":{"footnotes":""},"categories":[130],"tags":[],"class_list":["post-2213","page","type-page","status-publish","has-post-thumbnail","hentry","category-label"],"aioseo_notices":[],"_links":{"self":[{"href":"https:\/\/lovelab.berlin\/de\/wp-json\/wp\/v2\/pages\/2213","targetHints":{"allow":["GET"]}}],"collection":[{"href":"https:\/\/lovelab.berlin\/de\/wp-json\/wp\/v2\/pages"}],"about":[{"href":"https:\/\/lovelab.berlin\/de\/wp-json\/wp\/v2\/types\/page"}],"author":[{"embeddable":true,"href":"https:\/\/lovelab.berlin\/de\/wp-json\/wp\/v2\/users\/1"}],"replies":[{"embeddable":true,"href":"https:\/\/lovelab.berlin\/de\/wp-json\/wp\/v2\/comments?post=2213"}],"version-history":[{"count":1,"href":"https:\/\/lovelab.berlin\/de\/wp-json\/wp\/v2\/pages\/2213\/revisions"}],"predecessor-version":[{"id":2214,"href":"https:\/\/lovelab.berlin\/de\/wp-json\/wp\/v2\/pages\/2213\/revisions\/2214"}],"wp:featuredmedia":[{"embeddable":true,"href":"https:\/\/lovelab.berlin\/de\/wp-json\/wp\/v2\/media\/1920"}],"wp:attachment":[{"href":"https:\/\/lovelab.berlin\/de\/wp-json\/wp\/v2\/media?parent=2213"}],"wp:term":[{"taxonomy":"category","embeddable":true,"href":"https:\/\/lovelab.berlin\/de\/wp-json\/wp\/v2\/categories?post=2213"},{"taxonomy":"post_tag","embeddable":true,"href":"https:\/\/lovelab.berlin\/de\/wp-json\/wp\/v2\/tags?post=2213"}],"curies":[{"name":"wp","href":"https:\/\/api.w.org\/{rel}","templated":true}]}}