{"id":2206,"date":"2025-12-18T12:17:55","date_gmt":"2025-12-18T11:17:55","guid":{"rendered":"https:\/\/lovelab.berlin\/?page_id=2206"},"modified":"2026-03-30T13:40:55","modified_gmt":"2026-03-30T11:40:55","slug":"embokazomanga","status":"publish","type":"page","link":"https:\/\/lovelab.berlin\/de\/embokazomanga\/","title":{"rendered":"Live @ Lovelab | Embokazomanga"},"content":{"rendered":"<div class=\"wpb-content-wrapper\">\n<div  data-mk-stretch-content=\"true\" class=\"wpb_row vc_row vc_row-fluid jupiter-donut- mk-fullwidth-false  attched-false     js-master-row  mk-grid\">\n\t\t\t\t\n<div class=\"vc_col-sm-8 wpb_column column_container  jupiter-donut- _ jupiter-donut-height-full\">\n\t<div class=\"wpb_video_widget  jupiter-donut-\">\n\t<div class=\"wpb_wrapper\">\n\t\t\t\t<div id=\"video-container-2\" class=\"video-container\" data-id=\"2\" data-source=\"social_hosted\" data-autoplay=\"0\" data-loop=\"0\" data-target=\"lightbox\" itemprop=\"video\" itemtype=\"https:\/\/schema.org\/VideoObject\" >\n\t\t\t<div id=\"video-player-2\" class=\"video-player\">\n\t\t\t<div class=\"BorlabsCookie\"><div class=\"_brlbs-content-blocker\"> <div class=\"_brlbs-embed _brlbs-video-youtube\"> <img decoding=\"async\" class=\"_brlbs-thumbnail\" src=\"https:\/\/lovelab.berlin\/wp-content\/plugins\/borlabs-cookie\/images\/cb-no-thumbnail.png\" alt=\"YouTube\"> <div class=\"_brlbs-caption\"> <p>Durch das Laden des Videos erkl\u00e4ren Sie sich mit den Datenschutzbestimmungen von YouTube einverstanden.<br><a href=\"https:\/\/policies.google.com\/privacy?hl=en&amp;gl=en\" target=\"_blank\" rel=\"nofollow noopener noreferrer\">Mehr erfahren<\/a><\/p> <p><a class=\"_brlbs-btn _brlbs-icon-play-white\" href=\"#\" data-borlabs-cookie-unblock role=\"button\">Video laden<\/a><\/p> <p><label><input type=\"checkbox\" name=\"unblockAll\" value=\"1\" checked> <small>YouTube immer entsperren<\/small><\/label><\/p> <\/div> <\/div> <\/div><div class=\"borlabs-hide\" data-borlabs-cookie-type=\"content-blocker\" data-borlabs-cookie-id=\"youtube\"><script type=\"text\/template\">PGlmcmFtZSB0aXRsZT0iWmF2b25hIHwgRW1ib2them9tYW5nYSB8IExpdmUgQCBMb3ZlbGFiIERyZWFtc3BhY2UgfCBTZWVkcyB8IERyZWFtIDA1IiB3aWR0aD0iMTE0MCIgaGVpZ2h0PSI2NDEiIHNyYz0iaHR0cHM6Ly93d3cueW91dHViZS1ub2Nvb2tpZS5jb20vZW1iZWQvOUlBcERmV2I4ZU0\/ZmVhdHVyZT1vZW1iZWQiIGZyYW1lYm9yZGVyPSIwIiBhbGxvdz0iYWNjZWxlcm9tZXRlcjsgYXV0b3BsYXk7IGNsaXBib2FyZC13cml0ZTsgZW5jcnlwdGVkLW1lZGlhOyBneXJvc2NvcGU7IHBpY3R1cmUtaW4tcGljdHVyZTsgd2ViLXNoYXJlIiByZWZlcnJlcnBvbGljeT0ic3RyaWN0LW9yaWdpbi13aGVuLWNyb3NzLW9yaWdpbiIgYWxsb3dmdWxsc2NyZWVuPjwvaWZyYW1lPg==<\/script><\/div><\/div>\t\t\t<\/div>\n\t\t\t\t\t<\/div>\n\t<\/div>\n<\/div>\n<\/div>\n\n<div class=\"vc_col-sm-4 wpb_column column_container  jupiter-donut- _ jupiter-donut-height-full\">\n\t\n<h3  id=\"mk-title-box-4\" class=\"mk-title-box jupiter-donut-clearfix  jupiter-donut-\">\n\t<span>Embokazomanga | Live @ Lovelab<\/span>\n<\/h3>\n\n\t<div class=\"vc_custom_1774863624884\">\n\n<div id=\"text-block-5\" class=\"mk-text-block  jupiter-donut-\">\n\n\t\n\t<p>Einer der sch\u00f6nsten Songs ist \u201eZavona\u201c von Embokazomanga. Sonntag spielte er ihn im Lovelab.<\/p>\n<p>Es war ein Nebel zwischen uns.<br \/>\nEs schwebten Wolken.<br \/>\nDa war wieder ein Fl\u00fcstern, das in den Bl\u00e4ttern raschelte.<br \/>\nAus dem Herzen des dichten Waldes ert\u00f6nt ein Rauschen.<\/p>\n<p>Nisy zavona nanelanelana \u00f4.<br \/>\nNisy rahona nanembatsemabana e.<br \/>\nNisy tsioka indray nanintsan-dravina e.<br \/>\nMisy bitsik'am-pon'ny ala mikitroka e.<\/p>\n<p>Embokazomanga ist ein Musiker und Philosoph aus Madagaskar, dessen Musik sich zwischen meditativem Songwriting und rhythmisch-melodischem Gitarrenspiel entfaltet. Verwurzelt in den musikalischen und m\u00fcndlichen Traditionen seiner Heimat und zugleich offen f\u00fcr globale Einfl\u00fcsse, verbindet sein Sound gef\u00fchlvollen Gesang, eindringliche melodische Gitarrenlinien und eine starke spirituelle Kraft.<\/p>\n<p>Reservierung: <a href=\"mailto:info@lovelab.berlin\">info@lovelab.berlin<\/a><\/p>\n\n\t<div class=\"clearboth\"><\/div>\n<\/div>\n\n\t<\/div>\n<\/div>\n\t<\/div>\n\n<\/div>","protected":false},"excerpt":{"rendered":"<p>Der Sound von Embokazomanga ist eine Mischung aus gef\u00fchlvollem Gesang, melodischen Gitarrenlinien und einer starken spirituellen Pr\u00e4senz.<\/p>","protected":false},"author":1,"featured_media":2208,"parent":0,"menu_order":0,"comment_status":"closed","ping_status":"closed","template":"","meta":{"footnotes":""},"categories":[130],"tags":[],"class_list":["post-2206","page","type-page","status-publish","has-post-thumbnail","hentry","category-label"],"aioseo_notices":[],"_links":{"self":[{"href":"https:\/\/lovelab.berlin\/de\/wp-json\/wp\/v2\/pages\/2206","targetHints":{"allow":["GET"]}}],"collection":[{"href":"https:\/\/lovelab.berlin\/de\/wp-json\/wp\/v2\/pages"}],"about":[{"href":"https:\/\/lovelab.berlin\/de\/wp-json\/wp\/v2\/types\/page"}],"author":[{"embeddable":true,"href":"https:\/\/lovelab.berlin\/de\/wp-json\/wp\/v2\/users\/1"}],"replies":[{"embeddable":true,"href":"https:\/\/lovelab.berlin\/de\/wp-json\/wp\/v2\/comments?post=2206"}],"version-history":[{"count":5,"href":"https:\/\/lovelab.berlin\/de\/wp-json\/wp\/v2\/pages\/2206\/revisions"}],"predecessor-version":[{"id":2364,"href":"https:\/\/lovelab.berlin\/de\/wp-json\/wp\/v2\/pages\/2206\/revisions\/2364"}],"wp:featuredmedia":[{"embeddable":true,"href":"https:\/\/lovelab.berlin\/de\/wp-json\/wp\/v2\/media\/2208"}],"wp:attachment":[{"href":"https:\/\/lovelab.berlin\/de\/wp-json\/wp\/v2\/media?parent=2206"}],"wp:term":[{"taxonomy":"category","embeddable":true,"href":"https:\/\/lovelab.berlin\/de\/wp-json\/wp\/v2\/categories?post=2206"},{"taxonomy":"post_tag","embeddable":true,"href":"https:\/\/lovelab.berlin\/de\/wp-json\/wp\/v2\/tags?post=2206"}],"curies":[{"name":"wp","href":"https:\/\/api.w.org\/{rel}","templated":true}]}}