{"id":1978,"date":"2025-10-24T12:16:03","date_gmt":"2025-10-24T10:16:03","guid":{"rendered":"https:\/\/lovelab.berlin\/?page_id=1978"},"modified":"2026-03-03T14:30:19","modified_gmt":"2026-03-03T13:30:19","slug":"jenseits-des-patriarchats","status":"publish","type":"page","link":"https:\/\/lovelab.berlin\/de\/jenseits-des-patriarchats\/","title":{"rendered":"Dream 04: Lust jenseits des Patriarchats"},"content":{"rendered":"<div class=\"wpb-content-wrapper\">\n<div  data-mk-stretch-content=\"true\" class=\"wpb_row vc_row vc_row-fluid jupiter-donut- mk-fullwidth-false  attched-false     js-master-row  mk-grid\">\n\t\t\t\t\n<div class=\"vc_col-sm-12 wpb_column column_container  jupiter-donut- _ jupiter-donut-height-full\">\n\t\n<div class=\"mk-slideshow mk-flexslider mk-slider js-el  mk-swipe-slideshow-lazyload\"\n\tstyle=\"max-width:4096px; margin-top:0px; margin-bottom:0px;\"\n\tdata-mk-component='SwipeSlideshow'\n\tdata-swipeslideshow-config='{\t\t\"effect\" : \"fade\",\t\t\"displayTime\" : \"7000\",\t\t\"transitionTime\" : \"700\",\t\t\"nav\" : \"#flex-direction-nav-2\",\t\t\"hasNav\" : \"true\",\t\t\"pauseOnHover\" : false,\t\t\"fluidHeight\" :  true}' >\n\n\t<div class=\"mk-swiper-wrapper mk-slider-holder\">\n\n\t\t\t\t\t<div class=\"mk-slider-slide\">\n\t\t\t\t<img decoding=\"async\" class=\"swiper-slide-image\" src=\"https:\/\/lovelab.berlin\/wp-content\/uploads\/bfi_thumb\/dummy-transparent-rjkt18bmytwf2cr8vhed915ox8vvxp404bqu9nu9s0.png\"\n\t\t\t\tdata-mk-image-src-set='{\"default\":\"https:\/\/lovelab.berlin\/wp-content\/uploads\/bfi_thumb\/95gutermensch-pan-v2-scaled-rdocn1owqf7h9yn3ub4x3o8kbbgqg5q4r1nwb8fwu8.jpg\",\"2x\":false,\"mobile\":\"https:\/\/lovelab.berlin\/wp-content\/uploads\/bfi_thumb\/95gutermensch-pan-v2-scaled-rdocn1nrsw9mr5horwrl2i3v5mvvljjsilzkqoujow.jpg\",\"responsive\":\"true\"}'\t\t\t\talt=\"\" \/>\n\t\t\t<\/div>\n\n\t\t\n\t\t<!-- empty PNG to stretch slider and make it responsive outside of js as the slider adjusts height and width to container sizes  -->\n\t\t<img decoding=\"async\" src=\"https:\/\/lovelab.berlin\/wp-content\/uploads\/bfi_thumb\/dummy-transparent-rjkt18bmytwf2cr8vhed915ox8vvxp404bqu9nu9s0.png\" style=\"visibility: hidden;\" \/>\n\n\t<\/div>\n\n\t\t<ul id=\"flex-direction-nav-2\" class=\"flex-direction-nav\">\n\t\t<li><a class=\"flex-prev\" href=\"#\"  data-direction=\"prev\"><svg  class=\"mk-svg-icon\" data-name=\"mk-jupiter-icon-arrow-left\" data-cacheid=\"icon-69d264d16dfae\" xmlns=\"http:\/\/www.w3.org\/2000\/svg\" viewbox=\"0 0 512 512\"><path d=\"M368 505.6c-8 0-16-3.2-22.4-8l-240-225.6c-6.4-6.4-9.6-14.4-9.6-24 0-8 3.2-16 9.6-22.4l240-224c12.8-11.2 33.6-11.2 44.8 1.6 12.8 12.8 11.2 32-1.6 44.8l-214.4 201.6 216 203.2c12.8 11.2 12.8 32 0 44.8-4.8 4.8-14.4 8-22.4 8z\"\/><\/svg><\/a><\/li>\n\t\t<li><a class=\"flex-next\" href=\"#\"  data-direction=\"next\"><svg  class=\"mk-svg-icon\" data-name=\"mk-jupiter-icon-arrow-right\" data-cacheid=\"icon-69d264d16dff6\" xmlns=\"http:\/\/www.w3.org\/2000\/svg\" viewbox=\"0 0 512 512\"><path d=\"M144 505.6c8 0 16-3.2 22.4-8l240-225.6c6.4-6.4 9.6-14.4 9.6-22.4s-3.2-16-9.6-22.4l-240-224c-12.8-12.8-32-12.8-44.8 0s-11.2 32 1.6 44.8l214.4 201.6-216 203.2c-12.8 11.2-12.8 32 0 44.8 6.4 4.8 14.4 8 22.4 8z\"\/><\/svg><\/a><\/li>\n\t<\/ul>\n\t<\/div>\n\n\n<div id=\"padding-3\" class=\"mk-padding-divider jupiter-donut-  jupiter-donut-clearfix\"><\/div>\n\n\t<div class=\"vc_custom_1772544566624\">\n\n<div id=\"text-block-4\" class=\"mk-text-block  jupiter-donut-\">\n\n\t\n\t<h1 style=\"text-align: center;\"><strong>Dream 04: Lust jenseits des Patriarchats<\/strong><\/h1>\n<h4 style=\"text-align: center;\"><em>Ulli Lust Retrospektive | 8.11.2025 \u2013 17.01.2026<\/em><\/h4>\n\n\t<div class=\"clearboth\"><\/div>\n<\/div>\n\n\t<\/div>\n<\/div>\n\t<\/div>\n\n<div  data-mk-stretch-content=\"true\" class=\"wpb_row vc_row vc_row-fluid jupiter-donut- mk-fullwidth-false  attched-false     js-master-row  mk-grid\">\n\t\t\t\t\n<div class=\"vc_col-sm-4 wpb_column column_container  jupiter-donut- _ jupiter-donut-height-full\">\n\t\n<div id=\"padding-6\" class=\"mk-padding-divider jupiter-donut-  jupiter-donut-clearfix\"><\/div>\n\n<div  class=\"mk-image mk-image-7 jupiter-donut-  mk-image-lazyload align-left simple-frame inside-image\" style=\"margin-bottom:10px\"><div class=\"mk-image-container\" style=\"max-width: 1846px;\"><div  class=\"mk-image-holder\" style=\"max-width: 1846px;\"><div class=\"mk-image-inner\"><img loading=\"lazy\" decoding=\"async\" class=\"lightbox-false\" alt=\"diefraualsmensch1_2a_inside_print_feb18-42\" title=\"diefraualsmensch1_2a_inside_print_feb18-42\" width=\"1846\" height=\"941\" src=\"https:\/\/lovelab.berlin\/wp-content\/uploads\/2025\/10\/diefraualsmensch1_2a_inside_print_feb18-42.jpg\" \/><\/div><\/div><div class=\"clearboth\"><\/div><\/div><\/div><\/div>\n\n<div class=\"vc_col-sm-4 wpb_column column_container  jupiter-donut- _ jupiter-donut-height-full\">\n\t\n<div id=\"padding-9\" class=\"mk-padding-divider jupiter-donut-  jupiter-donut-clearfix\"><\/div>\n\n\t<div class=\"vc_custom_1771966173920\">\n\n<div id=\"text-block-10\" class=\"mk-text-block  jupiter-donut-\">\n\n\t\n\t<p>Als ich 2013 einen Portr\u00e4tbeitrag mit Ulli Lust drehte, hatte sie ihren internationalen Comic-Bestseller \u201eHeute ist der letzte Tag vom Rest deines Lebens\u201c ver\u00f6ffentlicht \u2013 eine lakonische, autobiografische Coming-of-Age-Geschichte. Darin erz\u00e4hlt sie von der Italienreise, die sie als 17-j\u00e4hriger Punk in den 1980er-Jahren mit einer Freundin unternahm. \u201eWir waren auf der Suche nach Abenteuern\u201c, erinnert sich Lust. \u201eLeider kriegten wir daf\u00fcr auch die Rechnung pr\u00e4sentiert \u2013 in Form einer Vergewaltigung.\u201c<\/p>\n<p>Damals arbeitete sie an \u201eWie ich versuchte, ein guter Mensch zu sein\u201c (2017), eine Reflexion \u00fcber eine Dreiecksbeziehung, gepr\u00e4gt von sexueller Obsession, Geschlechterkonflikten und interkulturellen Spannungen. \u201eIch habe mit 22 angefangen, erotische Motive zu zeichnen, und ich habe mich wahnsinnig gesch\u00e4mt. Ich habe die Zeichnungen in den Mistk\u00fcbel geworfen und dann verbrannt. Damit es ja keiner sieht. Damals h\u00e4tte ich mir nicht tr\u00e4umen lassen, dass ich meine ganzen Schweinereien mal vor der \u00d6ffentlichkeit ausbreite\u201c, erz\u00e4hlt Lust. Der fulminante feministische Comic wurde ein weiterer Bestseller.<\/p>\n<p>Mit \u201eDie Frau als Mensch\u201c (2025) legt Ulli Lust einen sorgf\u00e4ltig recherchierten Sachcomic vor, in dem sie die Fr\u00fchgeschichte der Frau neu deutet und g\u00e4ngige patriarchale Mythen widerlegt. Auf Basis arch\u00e4ologischer und anthropologischer Forschung zeigt sie, dass fr\u00fche Gemeinschaften oft egalit\u00e4rer organisiert waren, als es sp\u00e4tere Darstellungen vermuten lassen. Der Comic verbindet dies mit einer starken Bildsprache, die weibliche Figuren und Symbole in den Mittelpunkt stellt. Als erster Comic \u00fcberhaupt wurde das Werk mit dem Deutschen Sachbuchpreis ausgezeichnet. Lust entwirft damit nicht nur ein neues Bild der Vergangenheit, sondern auch eine kraftvolle Vision einer post-patriarchalen Zukunft.<\/p>\n<p>Die Ausstellung \u201eLust jenseits des Patriarchats\u201c zeigt bis zum 17. Januar 2026 im Lovelab Dreamspace handsignierte Drucke, Originale und Unikate aus Ulli Lusts Werken. Die benachbarte Buchhandlung Montag bietet von der K\u00fcnstlerin signierte B\u00fccher an.<\/p>\n<p>Tim Ra<\/p>\n\n\t<div class=\"clearboth\"><\/div>\n<\/div>\n\n\t<\/div>\n\n<div id=\"padding-11\" class=\"mk-padding-divider jupiter-donut-  jupiter-donut-clearfix\"><\/div>\n\n<\/div>\n\n<div class=\"vc_col-sm-4 wpb_column column_container  jupiter-donut- _ jupiter-donut-height-full\">\n\t\n<div id=\"padding-13\" class=\"mk-padding-divider jupiter-donut-  jupiter-donut-clearfix\"><\/div>\n\n<div class=\"wpb_video_widget  jupiter-donut-\">\n\t<div class=\"wpb_wrapper\">\n\t\t\t\t<div id=\"video-container-14\" class=\"video-container\" data-id=\"14\" data-source=\"social_hosted\" data-autoplay=\"0\" data-loop=\"0\" data-target=\"lightbox\" itemprop=\"video\" itemtype=\"https:\/\/schema.org\/VideoObject\" >\n\t\t\t<div id=\"video-player-14\" class=\"video-player\">\n\t\t\t<div class=\"BorlabsCookie\"><div class=\"_brlbs-content-blocker\"> <div class=\"_brlbs-embed _brlbs-video-youtube\"> <img decoding=\"async\" class=\"_brlbs-thumbnail\" src=\"https:\/\/lovelab.berlin\/wp-content\/plugins\/borlabs-cookie\/images\/cb-no-thumbnail.png\" alt=\"YouTube\"> <div class=\"_brlbs-caption\"> <p>Durch das Laden des Videos erkl\u00e4ren Sie sich mit den Datenschutzbestimmungen von YouTube einverstanden.<br><a href=\"https:\/\/policies.google.com\/privacy?hl=en&amp;gl=en\" target=\"_blank\" rel=\"nofollow noopener noreferrer\">Mehr erfahren<\/a><\/p> <p><a class=\"_brlbs-btn _brlbs-icon-play-white\" href=\"#\" data-borlabs-cookie-unblock role=\"button\">Video laden<\/a><\/p> <p><label><input type=\"checkbox\" name=\"unblockAll\" value=\"1\" checked> <small>YouTube immer entsperren<\/small><\/label><\/p> <\/div> <\/div> <\/div><div class=\"borlabs-hide\" data-borlabs-cookie-type=\"content-blocker\" data-borlabs-cookie-id=\"youtube\"><script type=\"text\/template\">PGlmcmFtZSB0aXRsZT0iVWxsaSBMdXN0OiBMaWZlIG9mIHRoZSBCb2hlbWUgLy8gbnVkZSIgd2lkdGg9IjExNDAiIGhlaWdodD0iNjQxIiBzcmM9Imh0dHBzOi8vd3d3LnlvdXR1YmUtbm9jb29raWUuY29tL2VtYmVkL0g5cGJNWGJjcWkwP2ZlYXR1cmU9b2VtYmVkIiBmcmFtZWJvcmRlcj0iMCIgYWxsb3c9ImFjY2VsZXJvbWV0ZXI7IGF1dG9wbGF5OyBjbGlwYm9hcmQtd3JpdGU7IGVuY3J5cHRlZC1tZWRpYTsgZ3lyb3Njb3BlOyBwaWN0dXJlLWluLXBpY3R1cmU7IHdlYi1zaGFyZSIgcmVmZXJyZXJwb2xpY3k9InN0cmljdC1vcmlnaW4td2hlbi1jcm9zcy1vcmlnaW4iIGFsbG93ZnVsbHNjcmVlbj48L2lmcmFtZT4=<\/script><\/div><\/div>\t\t\t<\/div>\n\t\t\t\t\t<\/div>\n\t<\/div>\n<\/div>\n<\/div>\n\t<\/div>\n\n<div  data-mk-full-width=\"true\" data-mk-full-width-init=\"false\" data-mk-stretch-content=\"true\" class=\"wpb_row vc_row vc_row-fluid jupiter-donut- mk-fullwidth-true  attched-false     js-master-row  mk-full-content-true\">\n\t\t\t\t\n<div class=\"vc_col-sm-12 wpb_column column_container  jupiter-donut- _ jupiter-donut-height-full\">\n\t\n<div id=\"padding-16\" class=\"mk-padding-divider jupiter-donut-  jupiter-donut-clearfix\"><\/div>\n\n<\/div>\n\t<\/div>\n<div class=\"vc_row-full-width vc_clearfix\"><\/div>\n<\/div>","protected":false},"excerpt":{"rendered":"<p>\u201eLust jenseits des Patriarchats\u201c pr\u00e4sentiert gro\u00dfformatige Drucke und Originalarbeiten aus Ulli Lusts preisgekr\u00f6nten Comics vom 8. November 2025 - 17. Januar 2026 im Lovelab.<\/p>","protected":false},"author":1,"featured_media":1987,"parent":0,"menu_order":0,"comment_status":"closed","ping_status":"closed","template":"","meta":{"footnotes":""},"categories":[92],"tags":[],"class_list":["post-1978","page","type-page","status-publish","has-post-thumbnail","hentry","category-events"],"aioseo_notices":[],"_links":{"self":[{"href":"https:\/\/lovelab.berlin\/de\/wp-json\/wp\/v2\/pages\/1978","targetHints":{"allow":["GET"]}}],"collection":[{"href":"https:\/\/lovelab.berlin\/de\/wp-json\/wp\/v2\/pages"}],"about":[{"href":"https:\/\/lovelab.berlin\/de\/wp-json\/wp\/v2\/types\/page"}],"author":[{"embeddable":true,"href":"https:\/\/lovelab.berlin\/de\/wp-json\/wp\/v2\/users\/1"}],"replies":[{"embeddable":true,"href":"https:\/\/lovelab.berlin\/de\/wp-json\/wp\/v2\/comments?post=1978"}],"version-history":[{"count":10,"href":"https:\/\/lovelab.berlin\/de\/wp-json\/wp\/v2\/pages\/1978\/revisions"}],"predecessor-version":[{"id":2339,"href":"https:\/\/lovelab.berlin\/de\/wp-json\/wp\/v2\/pages\/1978\/revisions\/2339"}],"wp:featuredmedia":[{"embeddable":true,"href":"https:\/\/lovelab.berlin\/de\/wp-json\/wp\/v2\/media\/1987"}],"wp:attachment":[{"href":"https:\/\/lovelab.berlin\/de\/wp-json\/wp\/v2\/media?parent=1978"}],"wp:term":[{"taxonomy":"category","embeddable":true,"href":"https:\/\/lovelab.berlin\/de\/wp-json\/wp\/v2\/categories?post=1978"},{"taxonomy":"post_tag","embeddable":true,"href":"https:\/\/lovelab.berlin\/de\/wp-json\/wp\/v2\/tags?post=1978"}],"curies":[{"name":"wp","href":"https:\/\/api.w.org\/{rel}","templated":true}]}}