{"id":1916,"date":"2025-05-22T13:06:53","date_gmt":"2025-05-22T11:06:53","guid":{"rendered":"https:\/\/lovelab.berlin\/?page_id=1916"},"modified":"2026-03-03T14:29:35","modified_gmt":"2026-03-03T13:29:35","slug":"colectivo-jatibina","status":"publish","type":"page","link":"https:\/\/lovelab.berlin\/de\/colectivo-jatibina\/","title":{"rendered":"Dream 03: Colectivo Jatibina"},"content":{"rendered":"<div class=\"wpb-content-wrapper\">\n<div  data-mk-full-width=\"true\" data-mk-full-width-init=\"false\" data-mk-stretch-content=\"true\" class=\"wpb_row vc_row vc_row-fluid jupiter-donut- mk-fullwidth-true  attched-false     js-master-row  mk-full-content-true\">\n\t\t\t\t\n<div class=\"vc_col-sm-12 wpb_column column_container  jupiter-donut- _ jupiter-donut-height-full\">\n\t<div  class=\"mk-image mk-image-2 jupiter-donut-  mk-image-lazyload align-left simple-frame inside-image\" style=\"margin-bottom:10px\"><div class=\"mk-image-container\" style=\"max-width: 2560px;\"><div  class=\"mk-image-holder\" style=\"max-width: 2560px;\"><div class=\"mk-image-inner\"><img loading=\"lazy\" decoding=\"async\" class=\"lightbox-false\" alt=\"kollektiv-jatibina\" title=\"kollektiv-jatibina\" width=\"2560\" height=\"1280\" src=\"https:\/\/lovelab.berlin\/wp-content\/uploads\/2025\/05\/colectivo-jatibina-2-scaled.jpg\" \/><\/div><\/div><div class=\"clearboth\"><\/div><\/div><\/div>\n<div id=\"padding-3\" class=\"mk-padding-divider jupiter-donut-  jupiter-donut-clearfix\"><\/div>\n\n<\/div>\n\t<\/div>\n<div class=\"vc_row-full-width vc_clearfix\"><\/div>\n<div  data-mk-stretch-content=\"true\" class=\"wpb_row vc_row vc_row-fluid jupiter-donut- mk-fullwidth-false  attched-false     js-master-row  mk-grid\">\n\t\t\t\t\n<div class=\"vc_col-sm-12 wpb_column column_container  jupiter-donut- _ jupiter-donut-height-full\">\n\t\t<div class=\"vc_custom_1772544523105\">\n\n<div id=\"text-block-5\" class=\"mk-text-block  jupiter-donut-\">\n\n\t\n\t<h1 style=\"text-align: center;\"><strong>Dream 03: Colectivo Jatibina<\/strong><\/h1>\n<h4 style=\"text-align: center;\"><em>\u00a019. Juli - 1. November 2025<\/em><\/h4>\n\n\t<div class=\"clearboth\"><\/div>\n<\/div>\n\n\t<\/div>\n<\/div>\n\t<\/div>\n\n<div  data-mk-stretch-content=\"true\" class=\"wpb_row vc_row vc_row-fluid jupiter-donut- mk-fullwidth-false  attched-false     js-master-row  mk-grid\">\n\t\t\t\t\n<div class=\"vc_col-sm-4 wpb_column column_container  jupiter-donut- _ jupiter-donut-height-full\">\n\t\n<div id=\"padding-7\" class=\"mk-padding-divider jupiter-donut-  jupiter-donut-clearfix\"><\/div>\n\n<div  class=\"mk-image mk-image-8 jupiter-donut-  mk-image-lazyload align-left simple-frame inside-image\" style=\"margin-bottom:10px\"><div class=\"mk-image-container\" style=\"max-width: 2000px;\"><div  class=\"mk-image-holder\" style=\"max-width: 2000px;\"><div class=\"mk-image-inner\"><img loading=\"lazy\" decoding=\"async\" class=\"lightbox-false\" alt=\"bima-foto\" title=\"bima-foto\" width=\"2000\" height=\"1013\" src=\"https:\/\/lovelab.berlin\/wp-content\/uploads\/2025\/05\/bima-foto.jpg\" \/><\/div><\/div><div class=\"clearboth\"><\/div><\/div><\/div>\t<div class=\"vc_custom_1748343513871\">\n\n<div id=\"text-block-9\" class=\"mk-text-block  jupiter-donut-\">\n\n\t\n\t<p style=\"text-align: center;\">Bima Inuma<\/p>\n\n\t<div class=\"clearboth\"><\/div>\n<\/div>\n\n\t<\/div>\n\n<div id=\"padding-10\" class=\"mk-padding-divider jupiter-donut-  jupiter-donut-clearfix\"><\/div>\n\n<\/div>\n\n<div class=\"vc_col-sm-4 wpb_column column_container  jupiter-donut- _ jupiter-donut-height-full\">\n\t\n<div id=\"padding-12\" class=\"mk-padding-divider jupiter-donut-  jupiter-donut-clearfix\"><\/div>\n\n\t<div class=\"vc_custom_1761220722162\">\n\n<div id=\"text-block-13\" class=\"mk-text-block  jupiter-donut-\">\n\n\t\n\t<p>Mit Colectivo Jatibina pr\u00e4sentiert die Shipibo-Schamanin Bima Inuma eine pers\u00f6nliche Auswahl k\u00fcnstlerischer Positionen aus dem Amazonasgebiet.<\/p>\n<p>Diese Gruppenausstellung l\u00e4dt die Besucher in eine Welt ein, in der Natur, Kunst und Gemeinschaft - neben psychedelischen Visionen, Heilung und Spiritualit\u00e4t, Pflanzenmedizin und Verantwortung f\u00fcr die Erde - untrennbar miteinander verwoben sind.<\/p>\n<p>Inuma beschw\u00f6rt eine Lebensweise in Harmonie mit den Mustern und Rhythmen der Natur - geleitet von Achtsamkeit, Respekt und einem Bekenntnis zu globaler Gerechtigkeit und Verbundenheit - jenseits der kolonial-kapitalistischen Macht- und Wirtschaftssysteme, die die heutige Zeit beherrschen.<\/p>\n<p>Bima Inuma wird bei der Er\u00f6ffnung der Ausstellung anwesend sein. Im Gespr\u00e4ch mit Tim Ra wird er Einblicke in die spirituelle und k\u00fcnstlerische Welt des Shipibo-Volkes geben und anschlie\u00dfend seine schamanischen Heilges\u00e4nge live vortragen.<\/p>\n<p>Die Deutschlandpremiere von Kuruara, People of the River, einem Dokumentarfilm der kanadischen Filmemacherin Stephanie Boyd und des bildenden K\u00fcnstlers Miguel Araoz, wird weitere Zug\u00e4nge zur Philosophie und Lebenswirklichkeit der Amazonasv\u00f6lker er\u00f6ffnen.<\/p>\n<p><strong>Colectivo Jatibina. <\/strong><em>Kuratiert von Bima Inuma. Mit Grover Inuma, Renato Agust\u00edn Pe\u00f1a, Melvin Estrella, Sanken Ino, Jes\u00fas Agust\u00edn Inga, Soi Bita, Lavanya Honeyseeda, Tim Ra &amp; Bima Inuma.<\/em><\/p>\n<p><strong>Vernissage: Samstag, 19. Juli 2025. 11-20h\u00a0<\/strong><\/p>\n<p><strong>Finissage: Samstag, 1. November 2025, 11-18h<\/strong><\/p>\n\n\t<div class=\"clearboth\"><\/div>\n<\/div>\n\n\t<\/div>\n\n<div id=\"padding-14\" class=\"mk-padding-divider jupiter-donut-  jupiter-donut-clearfix\"><\/div>\n\n<\/div>\n\n<div class=\"vc_col-sm-4 wpb_column column_container  jupiter-donut- _ jupiter-donut-height-full\">\n\t\t<div class=\"vc_custom_1747913151964\">\n\n<div id=\"text-block-16\" class=\"mk-text-block  jupiter-donut-\">\n\n\t\n\t<a href=\"https:\/\/lovelab.berlin\/wp-content\/uploads\/2025\/05\/bima-inuma-a4-web.pdf\" class=\"pdfemb-viewer\" style=\"\" data-width=\"max\" data-height=\"max\" data-toolbar=\"bottom\" data-toolbar-fixed=\"off\">bima-inuma-a4-web<\/a>\n\n\t<div class=\"clearboth\"><\/div>\n<\/div>\n\n\t<\/div>\n<\/div>\n\t<\/div>\n\n<\/div>","protected":false},"excerpt":{"rendered":"<p>Colectivo Jatibina: Wo Natur, Kunst und Gemeinschaft - mitsamt psychedelischen Visionen, Heilung und Verantwortung f\u00fcr die Erde - untrennbar miteinander verwoben sind. Shipibo Gruppenausstellung. Psychedelische Kunst aus dem Amazonas. <\/p>","protected":false},"author":1,"featured_media":1922,"parent":0,"menu_order":0,"comment_status":"closed","ping_status":"closed","template":"","meta":{"footnotes":""},"categories":[92],"tags":[],"class_list":["post-1916","page","type-page","status-publish","has-post-thumbnail","hentry","category-events"],"aioseo_notices":[],"_links":{"self":[{"href":"https:\/\/lovelab.berlin\/de\/wp-json\/wp\/v2\/pages\/1916","targetHints":{"allow":["GET"]}}],"collection":[{"href":"https:\/\/lovelab.berlin\/de\/wp-json\/wp\/v2\/pages"}],"about":[{"href":"https:\/\/lovelab.berlin\/de\/wp-json\/wp\/v2\/types\/page"}],"author":[{"embeddable":true,"href":"https:\/\/lovelab.berlin\/de\/wp-json\/wp\/v2\/users\/1"}],"replies":[{"embeddable":true,"href":"https:\/\/lovelab.berlin\/de\/wp-json\/wp\/v2\/comments?post=1916"}],"version-history":[{"count":10,"href":"https:\/\/lovelab.berlin\/de\/wp-json\/wp\/v2\/pages\/1916\/revisions"}],"predecessor-version":[{"id":2338,"href":"https:\/\/lovelab.berlin\/de\/wp-json\/wp\/v2\/pages\/1916\/revisions\/2338"}],"wp:featuredmedia":[{"embeddable":true,"href":"https:\/\/lovelab.berlin\/de\/wp-json\/wp\/v2\/media\/1922"}],"wp:attachment":[{"href":"https:\/\/lovelab.berlin\/de\/wp-json\/wp\/v2\/media?parent=1916"}],"wp:term":[{"taxonomy":"category","embeddable":true,"href":"https:\/\/lovelab.berlin\/de\/wp-json\/wp\/v2\/categories?post=1916"},{"taxonomy":"post_tag","embeddable":true,"href":"https:\/\/lovelab.berlin\/de\/wp-json\/wp\/v2\/tags?post=1916"}],"curies":[{"name":"wp","href":"https:\/\/api.w.org\/{rel}","templated":true}]}}