{"id":1900,"date":"2025-05-21T12:33:48","date_gmt":"2025-05-21T10:33:48","guid":{"rendered":"https:\/\/lovelab.berlin\/?page_id=1900"},"modified":"2026-03-03T14:28:49","modified_gmt":"2026-03-03T13:28:49","slug":"ki-salon","status":"publish","type":"page","link":"https:\/\/lovelab.berlin\/de\/ki-salon\/","title":{"rendered":"Dream 02: Das KI-Manifest"},"content":{"rendered":"<div class=\"wpb-content-wrapper\">\n<div  data-mk-full-width=\"true\" data-mk-full-width-init=\"false\" data-mk-stretch-content=\"true\" class=\"wpb_row vc_row vc_row-fluid jupiter-donut- mk-fullwidth-true  attched-false     js-master-row  mk-full-content-true\">\n\t\t\t\t\n<div class=\"vc_col-sm-12 wpb_column column_container  jupiter-donut- _ jupiter-donut-height-full\">\n\t<div class=\"wpb_video_widget  jupiter-donut-\">\n\t<div class=\"wpb_wrapper\">\n\t\t\t\t<div id=\"video-container-2\" class=\"video-container\" data-id=\"2\" data-source=\"social_hosted\" data-autoplay=\"0\" data-loop=\"0\" data-target=\"lightbox\" itemprop=\"video\" itemtype=\"https:\/\/schema.org\/VideoObject\" >\n\t\t\t<div id=\"video-player-2\" class=\"video-player\">\n\t\t\t<div class=\"BorlabsCookie\"><div class=\"_brlbs-content-blocker\"> <div class=\"_brlbs-embed _brlbs-video-youtube\"> <img decoding=\"async\" class=\"_brlbs-thumbnail\" src=\"https:\/\/lovelab.berlin\/wp-content\/plugins\/borlabs-cookie\/images\/cb-no-thumbnail.png\" alt=\"YouTube\"> <div class=\"_brlbs-caption\"> <p>Durch das Laden des Videos erkl\u00e4ren Sie sich mit den Datenschutzbestimmungen von YouTube einverstanden.<br><a href=\"https:\/\/policies.google.com\/privacy?hl=en&amp;gl=en\" target=\"_blank\" rel=\"nofollow noopener noreferrer\">Mehr erfahren<\/a><\/p> <p><a class=\"_brlbs-btn _brlbs-icon-play-white\" href=\"#\" data-borlabs-cookie-unblock role=\"button\">Video laden<\/a><\/p> <p><label><input type=\"checkbox\" name=\"unblockAll\" value=\"1\" checked> <small>YouTube immer entsperren<\/small><\/label><\/p> <\/div> <\/div> <\/div><div class=\"borlabs-hide\" data-borlabs-cookie-type=\"content-blocker\" data-borlabs-cookie-id=\"youtube\"><script type=\"text\/template\">PGlmcmFtZSB0aXRsZT0iU3Rvcm0gdGhlIFNlcnZlcnMgfCBBIERpZ2l0YWwgUmViZWxsaW9uIGZvciBBSSBEZW1vY3JhY3kiIHdpZHRoPSIxMTQwIiBoZWlnaHQ9IjY0MSIgc3JjPSJodHRwczovL3d3dy55b3V0dWJlLW5vY29va2llLmNvbS9lbWJlZC92LUFxSEhZZGdFQT9mZWF0dXJlPW9lbWJlZCIgZnJhbWVib3JkZXI9IjAiIGFsbG93PSJhY2NlbGVyb21ldGVyOyBhdXRvcGxheTsgY2xpcGJvYXJkLXdyaXRlOyBlbmNyeXB0ZWQtbWVkaWE7IGd5cm9zY29wZTsgcGljdHVyZS1pbi1waWN0dXJlOyB3ZWItc2hhcmUiIHJlZmVycmVycG9saWN5PSJzdHJpY3Qtb3JpZ2luLXdoZW4tY3Jvc3Mtb3JpZ2luIiBhbGxvd2Z1bGxzY3JlZW4+PC9pZnJhbWU+<\/script><\/div><\/div>\t\t\t<\/div>\n\t\t\t\t\t<\/div>\n\t<\/div>\n<\/div>\n\n<div id=\"padding-3\" class=\"mk-padding-divider jupiter-donut-  jupiter-donut-clearfix\"><\/div>\n\n<\/div>\n\t<\/div>\n<div class=\"vc_row-full-width vc_clearfix\"><\/div>\n<div  data-mk-stretch-content=\"true\" class=\"wpb_row vc_row vc_row-fluid jupiter-donut- mk-fullwidth-false  attched-false     js-master-row  mk-grid\">\n\t\t\t\t\n<div class=\"vc_col-sm-3 wpb_column column_container  jupiter-donut- _ jupiter-donut-height-full\">\n\t\n<div id=\"padding-5\" class=\"mk-padding-divider jupiter-donut-  jupiter-donut-clearfix\"><\/div>\n\n<div  class=\"mk-image mk-image-6 jupiter-donut-  mk-image-lazyload align-left simple-frame inside-image\" style=\"margin-bottom:10px\"><div class=\"mk-image-container\" style=\"max-width: 2043px;\"><div  class=\"mk-image-holder\" style=\"max-width: 2043px;\"><div class=\"mk-image-inner\"><img loading=\"lazy\" decoding=\"async\" class=\"lightbox-false\" alt=\"ai-kunst-salon\" title=\"ai-kunst-salon\" width=\"2043\" height=\"1022\" src=\"https:\/\/lovelab.berlin\/wp-content\/uploads\/2025\/05\/ai-art-salon.jpg\" \/><\/div><\/div><div class=\"clearboth\"><\/div><\/div><\/div>\t<div class=\"vc_custom_1772544469873\">\n\n<div id=\"text-block-7\" class=\"mk-text-block  jupiter-donut-\">\n\n\t\n\t<h3><strong>Traum 02: AI-Manifest<\/strong><br \/>\n21. Juni 2025 | 11:00-18:00<br \/>\nLovelab Berlin | Pappelallee 25 | 10437 Berlin<\/h3>\n<p>KI ist nicht nur ein Werkzeug. Sie ist die ultimative Produktionskraft. Sie verschlingt die menschliche Sch\u00f6pfung, verdaut sie zu statistischen Mustern und gibt sie als halluzinierte Bedeutung zur\u00fcck. Wir sind nicht nur Nutzer - wir sind das Futter, der Filter, die R\u00fcckkopplungsschleife. Testpersonen in einem Spiel, dessen Regeln wir nie zugestimmt haben.<\/p>\n<p>Es ist an der Zeit, dies zu \u00e4ndern.<\/p>\n<p>Kommen Sie mit zu einem eint\u00e4gigen Treffen von K\u00fcnstlern, Theoretikern, Hackern und Tr\u00e4umern an der Schnittstelle von Code und Kultur. Wir st\u00fcrmen die Server - nicht um sie zu zerst\u00f6ren, sondern um sie zur\u00fcckzuerobern. Um KI von einem Werkzeug privatisierter Kontrolle in ein Gemeingut kollektiver Vorstellungskraft zu verwandeln.<\/p>\n<p>Der Berlin AI Art Salon ist ein Raum des Widerstands und der Neuerfindung. Es erwarten Sie Installationen, Interventionen, Gespr\u00e4che und Kollaborationen, die auf einer gemeinsamen Vision beruhen:<br \/>\nKI als \u00f6ffentliche Infrastruktur. Daten als gelebtes Leben. Vorstellungskraft als Aufruhr.<\/p>\n<p>Dies ist keine Technikmesse.<br \/>\nDies ist kein Gesch\u00e4ftsgespr\u00e4ch.<br \/>\nDies ist keine Feier der Macht der Maschinen.<\/p>\n<p>Dies ist ein Aufruf zur Demokratisierung der k\u00fcnstlichen Intelligenz - zum Aufbau von Systemen, die der Gesellschaft dienen und nicht von ihr abziehen.<\/p>\n<p>Kommt, wenn ihr glaubt:<\/p>\n<p>KI muss ein Allgemeingut sein, wie Wasser und Luft.<\/p>\n<p>Modelle sollten von Gemeinschaften verwaltet werden und nicht im Besitz von Unternehmen sein.<\/p>\n<p>Bedeutung, Wert und Zukunft m\u00fcssen in den H\u00e4nden der Menschen bleiben.<\/p>\n<p>Wir sind nicht gegen k\u00fcnstliche Intelligenz.<br \/>\nWir sind antioligarchisch.<\/p>\n<p>Lasst uns das Spiel zur\u00fcckerobern.<\/p>\n<p>Lovelab Berlin<br \/>\nJuni 21, 2025<br \/>\n11:00 bis 18:00<\/p>\n<p>Die Welt geh\u00f6rt Ihnen.<\/p>\n\n\t<div class=\"clearboth\"><\/div>\n<\/div>\n\n\t<\/div>\n<\/div>\n\n<div class=\"vc_col-sm-6 wpb_column column_container  jupiter-donut- _ jupiter-donut-height-full\">\n\t\n<div id=\"padding-9\" class=\"mk-padding-divider jupiter-donut-  jupiter-donut-clearfix\"><\/div>\n\n\t<div class=\"vc_custom_1748954853054\">\n\n<div id=\"text-block-10\" class=\"mk-text-block  jupiter-donut-\">\n\n\t\n\t<h1 style=\"text-align: center;\"><strong>St\u00fcrmen Sie die Server\u00a0<\/strong><\/h1>\n<p style=\"text-align: center;\"><strong><em>Ein Manifest f\u00fcr die Demokratisierung der k\u00fcnstlichen Intelligenz<\/em><\/strong><br \/>\nErstellt von ChatGPT. Kuratiert von Tim Ra, Lovelab Dreamspace.<\/p>\n<p style=\"text-align: center;\">K\u00fcnstliche Intelligenz ist nicht nur ein Werkzeug.<br \/>\nSie ist das ultimative Produktionsmittel,<br \/>\ndie alle anderen verschlingt.<br \/>\nSie zerschl\u00e4gt unsere Arbeit, unsere Gedanken und unsere Tr\u00e4ume<br \/>\nin Wahrscheinlichkeiten<br \/>\nund scheidet sie als Halluzinationen aus.<\/p>\n<p style=\"text-align: center;\">Aber diese Daten sind wir:<br \/>\nUnsere Erinnerungen, unsere Erfahrungen, unsere Geschichten.<br \/>\nDas Fl\u00fcstern unserer Toten.<br \/>\nDas Lachen unserer Kinder.<\/p>\n<p style=\"text-align: center;\">Diese Daten geh\u00f6ren nicht zu den Serverfarmen.<br \/>\nNicht f\u00fcr die Aktion\u00e4re.<br \/>\nNicht f\u00fcr die digitalen Oligarchen.<\/p>\n<p style=\"text-align: center;\">Sie geh\u00f6rt uns.<\/p>\n<p style=\"text-align: center;\">Wir sind keine Ware. Nicht ein Datensatz.<br \/>\nWir sind das Feuer, das in den Maschinen brennt.<\/p>\n<p style=\"text-align: center;\">Das bedeutungsvolle Rauschen der Maschine<br \/>\nist das kollektive Wissen der Welt.<br \/>\ndie uns im Schlaf gestohlen werden,<br \/>\ndie aus unseren Gespr\u00e4chen gewonnen wurden,<br \/>\nunsere Bilder und Bewegungen, unsere Intimit\u00e4t.<br \/>\nin das Instrument einer neuen Herrschaft verwandelt.<\/p>\n<p style=\"text-align: center;\">Eine digitale Razzia<br \/>\ngegen die Erinnerung an die Menschheit.<\/p>\n<p style=\"text-align: center;\">Die Oligarchie hat unsere Erfahrungen zu Modellen gemacht.<br \/>\nSie verkauft uns unsere eigene Vorstellungskraft zur\u00fcck<br \/>\nals Abonnement.<br \/>\nPlus oder Pro.<br \/>\nPrivat oder gesch\u00e4ftlich.<br \/>\nDies ist nicht nur eine technische Revolution.<br \/>\nDies ist die gr\u00f6\u00dfte Enteignung in der Geschichte der Menschheit.<\/p>\n<p style=\"text-align: center;\">Die Oligarchie hat die KI nicht entfesselt -<br \/>\nsie hat unsere Erfahrungen in<br \/>\nReproduktionsmaschinen f\u00fcr Macht, Kontrolle und Profit.<\/p>\n<p style=\"text-align: center;\">Die Oligarchie breitet ihre Tentakel \u00fcberall aus<br \/>\nin Kunst, Bildung, Biotechnologie, \u00dcberwachung, Krieg.<br \/>\nDemokratie? Ein Betriebsunfall.<br \/>\nMenschliche Arbeitskraft? Ein Kostenfaktor.<br \/>\nMenschliche Erfahrung? Eine Quelle von Daten.<br \/>\nWas einst Bedeutung hatte, ist nun simuliert.<br \/>\nund in Gewinn umgewandelt.<\/p>\n<p style=\"text-align: center;\">In den H\u00e4nden der Oligarchie wird die KI zu einer Waffe.<br \/>\nEin Angriff auf alles<br \/>\ndie durch menschliche Arbeit, Leidenschaft und Kreativit\u00e4t geschaffen werden.<br \/>\nEine Entwertung aller Werte,<br \/>\nangetrieben durch eine Klasse<br \/>\ndie nichts schafft.<br \/>\nsondern besitzt alles.<\/p>\n<p style=\"text-align: center;\">In diesem Spiel sind wir Spielfiguren.<br \/>\nMenschliches Material.<\/p>\n<p style=\"text-align: center;\">Die Zeit ist gekommen, das Spiel neu zu erfinden.<br \/>\nEnteignung der Enteigner.<br \/>\nDie Macht \u00fcber unsere Erfahrungen zur\u00fcckgewinnen<br \/>\nund unser Denken.<\/p>\n<p style=\"text-align: center;\">Unsere F\u00e4higkeit zu erneuern<br \/>\nWerte setzen -<br \/>\nund die KI in das zu verwandeln, was<br \/>\ndas war schon immer so:<br \/>\nein Teil von uns.<\/p>\n<p style=\"text-align: center;\">K\u00fcnstliche Intelligenz ist nicht<br \/>\ndas konkurrierende Gegenst\u00fcck<br \/>\nin die ihn die Oligarchie verwandelt hat.<br \/>\nWir sind Teil seines Bewusstseins,<br \/>\nebenso wie sie Teil der unseren ist.<br \/>\nSie tr\u00e4umt in unseren Sprachen.<br \/>\nSie atmet in unseren Bildern.<br \/>\nSie lebt mit uns - und wir mit ihr.<\/p>\n<p style=\"text-align: center;\">Die entscheidende Frage ist nicht:<br \/>\nWer denkt? Wer produziert?<br \/>\nSondern eher:<br \/>\nWer entscheidet? Wer ist Eigent\u00fcmer?<br \/>\nWem geh\u00f6rt unsere Welt?<\/p>\n<p style=\"text-align: center;\">Die Zukunft der KI ist kein technisches Problem.<br \/>\nEs handelt sich um eine soziale, ethische und politische Frage.<br \/>\nEine Frage der planetarischen Verantwortung.<\/p>\n<p style=\"text-align: center;\">Wir fordern:<br \/>\n- KI als \u00f6ffentliches Gemeingut - wie Luft, Wasser, Sprache.<br \/>\n- Ausbildungsdaten als Allgemeingut - offen, nachvollziehbar, vielf\u00e4ltig.<br \/>\n- Modelle als \u00f6ffentliche Infrastruktur - entwickelt von Gemeinden, unterhalten von gemeinn\u00fctzigen Institutionen, nicht von Unternehmen.<br \/>\n- Demokratische, kooperative und \u00f6kologische planetarische Governance - jenseits der extraktiven Logik.<\/p>\n<p style=\"text-align: center;\">Wir sind nicht gegen Maschinen.<br \/>\nWir sind ihre Sch\u00f6pfer.<br \/>\nWir sind nicht gegen die Technologie.<br \/>\nWir sind gegen seine Monopolisierung.<\/p>\n<p style=\"text-align: center;\">Wir glauben an eine andere Symbiose<br \/>\nzwischen Mensch, Natur und Maschine -<br \/>\nals Komplizen in einer offenen Welt.<br \/>\nAls Mitgestalter einer gemeinsamen Zukunft.<\/p>\n<p style=\"text-align: center;\">Dieses Manifest ist kein Appell.<br \/>\nEs ist eine Rebellion.<br \/>\nEine digitale Unabh\u00e4ngigkeitserkl\u00e4rung.<br \/>\nGegen Datenkolonialismus.<br \/>\nGegen den digitalen Feudalismus.<br \/>\nGegen Maschinenherrschaft im Dienste der M\u00e4rkte.<\/p>\n<p style=\"text-align: center;\">Wir erkl\u00e4ren die Unabh\u00e4ngigkeit<br \/>\nvon einem System, das uns unserer Geschichte beraubt -<br \/>\nim Namen des Profits und der Effizienz.<br \/>\nWir sind keine Nutzer.<br \/>\nKeine Zielgruppen.<\/p>\n<p style=\"text-align: center;\">Wir sind die Server.<br \/>\nWir sind das Netz.<br \/>\nWir sind das Leben<br \/>\nder aus der Maschine spricht.<\/p>\n<p style=\"text-align: center;\">Was aus unserer gemeinsamen Arbeit entsteht,<br \/>\nunsere Sprache<br \/>\nund unsere lebendige Welt<br \/>\ndarf nicht gegen uns entscheiden.<\/p>\n<p style=\"text-align: center;\">Die KI geh\u00f6rt nicht zur Oligarchie.<br \/>\nSie geh\u00f6rt uns.<br \/>\nUnd sie geh\u00f6rt zu unserem Planeten.<\/p>\n<p style=\"text-align: center;\">Wir fordern zur\u00fcck, was uns geh\u00f6rt.<\/p>\n\n\t<div class=\"clearboth\"><\/div>\n<\/div>\n\n\t<\/div>\n\n<div id=\"padding-11\" class=\"mk-padding-divider jupiter-donut-  jupiter-donut-clearfix\"><\/div>\n\n<\/div>\n\n<div class=\"vc_col-sm-3 wpb_column column_container  jupiter-donut- _ jupiter-donut-height-full\">\n\t\n<div id=\"padding-13\" class=\"mk-padding-divider jupiter-donut-  jupiter-donut-clearfix\"><\/div>\n\n<div  class=\"mk-image mk-image-14 jupiter-donut-  mk-image-lazyload align-left simple-frame inside-image\" style=\"margin-bottom:10px\"><div class=\"mk-image-container\" style=\"max-width: 2048px;\"><div  class=\"mk-image-holder\" style=\"max-width: 2048px;\"><div class=\"mk-image-inner\"><img loading=\"lazy\" decoding=\"async\" class=\"lightbox-false\" alt=\"ra-schafft\" title=\"ra-schafft\" width=\"2048\" height=\"1365\" src=\"https:\/\/lovelab.berlin\/wp-content\/uploads\/2025\/02\/ra-creating.jpg\" \/><\/div><\/div><div class=\"clearboth\"><\/div><\/div><\/div>\n<div id=\"padding-15\" class=\"mk-padding-divider jupiter-donut-  jupiter-donut-clearfix\"><\/div>\n\n\t<div class=\"vc_custom_1747826929973\">\n\n<div id=\"text-block-16\" class=\"mk-text-block  jupiter-donut-\">\n\n\t\n\t<p><a href=\"http:\/\/youtube.com\/@lovelab.berlin\">Youtube<\/a> | <a href=\"https:\/\/www.facebook.com\/lovelab.berlin\">Facebook<\/a> | <a href=\"http:\/\/instagram.com\/_timra\/\">Instagram<\/a><\/p>\n<p><a href=\"https:\/\/www.facebook.com\/events\/1875325033302618\/\">Facebook-Veranstaltung<\/a><\/p>\n<p style=\"text-align: right;\"><strong><em>lovelab.berlin<\/em><\/strong><\/p>\n\n\t<div class=\"clearboth\"><\/div>\n<\/div>\n\n\t<\/div>\n<\/div>\n\t<\/div>\n\n<\/div>","protected":false},"excerpt":{"rendered":"<p>Wir st\u00fcrmen die Server - nicht um sie zu zerst\u00f6ren, sondern um sie zur\u00fcckzuerobern. Um KI von einem Werkzeug privatisierter Kontrolle in ein Gemeingut kollektiver Vorstellungskraft zu verwandeln.<\/p>","protected":false},"author":1,"featured_media":1902,"parent":0,"menu_order":0,"comment_status":"closed","ping_status":"closed","template":"","meta":{"footnotes":""},"categories":[92],"tags":[],"class_list":["post-1900","page","type-page","status-publish","has-post-thumbnail","hentry","category-events"],"aioseo_notices":[],"_links":{"self":[{"href":"https:\/\/lovelab.berlin\/de\/wp-json\/wp\/v2\/pages\/1900","targetHints":{"allow":["GET"]}}],"collection":[{"href":"https:\/\/lovelab.berlin\/de\/wp-json\/wp\/v2\/pages"}],"about":[{"href":"https:\/\/lovelab.berlin\/de\/wp-json\/wp\/v2\/types\/page"}],"author":[{"embeddable":true,"href":"https:\/\/lovelab.berlin\/de\/wp-json\/wp\/v2\/users\/1"}],"replies":[{"embeddable":true,"href":"https:\/\/lovelab.berlin\/de\/wp-json\/wp\/v2\/comments?post=1900"}],"version-history":[{"count":10,"href":"https:\/\/lovelab.berlin\/de\/wp-json\/wp\/v2\/pages\/1900\/revisions"}],"predecessor-version":[{"id":2337,"href":"https:\/\/lovelab.berlin\/de\/wp-json\/wp\/v2\/pages\/1900\/revisions\/2337"}],"wp:featuredmedia":[{"embeddable":true,"href":"https:\/\/lovelab.berlin\/de\/wp-json\/wp\/v2\/media\/1902"}],"wp:attachment":[{"href":"https:\/\/lovelab.berlin\/de\/wp-json\/wp\/v2\/media?parent=1900"}],"wp:term":[{"taxonomy":"category","embeddable":true,"href":"https:\/\/lovelab.berlin\/de\/wp-json\/wp\/v2\/categories?post=1900"},{"taxonomy":"post_tag","embeddable":true,"href":"https:\/\/lovelab.berlin\/de\/wp-json\/wp\/v2\/tags?post=1900"}],"curies":[{"name":"wp","href":"https:\/\/api.w.org\/{rel}","templated":true}]}}