{"id":182,"date":"2016-07-04T20:21:45","date_gmt":"2016-07-04T18:21:45","guid":{"rendered":"https:\/\/lovelab.berlin\/?page_id=182"},"modified":"2018-11-14T17:46:07","modified_gmt":"2018-11-14T16:46:07","slug":"unabhangigkeit","status":"publish","type":"page","link":"https:\/\/lovelab.berlin\/de\/independence\/","title":{"rendered":"Ausstellung | Unabh\u00e4ngigkeit"},"content":{"rendered":"<div class=\"wpb-content-wrapper\">\n<div  data-mk-full-width=\"true\" data-mk-full-width-init=\"false\" data-mk-stretch-content=\"true\" class=\"wpb_row vc_row vc_row-fluid jupiter-donut- mk-fullwidth-true  attched-false     js-master-row  mk-full-content-true\">\n\t\t\t\t\n<div class=\"vc_col-sm-12 wpb_column column_container  jupiter-donut- _ jupiter-donut-height-full\">\n\t\n<div class=\"mk-slideshow mk-flexslider mk-slider js-el  mk-swipe-slideshow-lazyload\"\n\tstyle=\"max-width:4096px; margin-top:0px; margin-bottom:0px;\"\n\tdata-mk-component='SwipeSlideshow'\n\tdata-swipeslideshow-config='{\t\t\"effect\" : \"fade\",\t\t\"displayTime\" : \"3000\",\t\t\"transitionTime\" : \"700\",\t\t\"nav\" : \"#flex-direction-nav-2\",\t\t\"hasNav\" : \"true\",\t\t\"pauseOnHover\" : false,\t\t\"fluidHeight\" :  true}' >\n\n\t<div class=\"mk-swiper-wrapper mk-slider-holder\">\n\n\t\t\t\t\t<div class=\"mk-slider-slide\">\n\t\t\t\t<img decoding=\"async\" class=\"swiper-slide-image\" src=\"https:\/\/lovelab.berlin\/wp-content\/uploads\/bfi_thumb\/dummy-transparent-rjkt18bmyu2vi1r5bospcymm3c2tm6ruf4kmw2sdb4.png\"\n\t\t\t\tdata-mk-image-src-set='{\"default\":\"https:\/\/lovelab.berlin\/wp-content\/uploads\/bfi_thumb\/28-ojng1xnkfxpy8wuk2jbqji0rtwaezdg640bk6117c0.jpg\",\"2x\":false,\"mobile\":\"https:\/\/lovelab.berlin\/wp-content\/uploads\/bfi_thumb\/28-1w6l4ldeb3lht30rir5wiebjidpqhp7mfzf2238z0zl4.jpg\",\"responsive\":\"true\"}'\t\t\t\talt=\"\" \/>\n\t\t\t<\/div>\n\n\t\t\t\t\t<div class=\"mk-slider-slide\">\n\t\t\t\t<img decoding=\"async\" class=\"swiper-slide-image\" src=\"https:\/\/lovelab.berlin\/wp-content\/uploads\/bfi_thumb\/dummy-transparent-rjkt18bmyu2vi1r5bospcymm3c2tm6ruf4kmw2sdb4.png\"\n\t\t\t\tdata-mk-image-src-set='{\"default\":\"https:\/\/lovelab.berlin\/wp-content\/uploads\/bfi_thumb\/27-ojng1tw7olksyh00ohp89iyxgcsy4l18rhpm8x6s0w.jpg\",\"2x\":false,\"mobile\":\"https:\/\/lovelab.berlin\/wp-content\/uploads\/bfi_thumb\/27-1w6l4l2ybnnrie0qow5dzmm6e03lyvoozcnd3vaaigq0.jpg\",\"responsive\":\"true\"}'\t\t\t\talt=\"\" \/>\n\t\t\t<\/div>\n\n\t\t\t\t\t<div class=\"mk-slider-slide\">\n\t\t\t\t<img decoding=\"async\" class=\"swiper-slide-image\" src=\"https:\/\/lovelab.berlin\/wp-content\/uploads\/bfi_thumb\/dummy-transparent-rjkt18bmyu2vi1r5bospcymm3c2tm6ruf4kmw2sdb4.png\"\n\t\t\t\tdata-mk-image-src-set='{\"default\":\"https:\/\/lovelab.berlin\/wp-content\/uploads\/bfi_thumb\/26-ojng1r2p43gxzn444yhck1ojo76uhhq1r3r5t3ayjk.jpg\",\"2x\":false,\"mobile\":\"https:\/\/lovelab.berlin\/wp-content\/uploads\/bfi_thumb\/26-1w6l4kv4c2pgsd9q2hw03ju5jpw0krjhvvkle7ba4kko.jpg\",\"responsive\":\"true\"}'\t\t\t\talt=\"\" \/>\n\t\t\t<\/div>\n\n\t\t\t\t\t<div class=\"mk-slider-slide\">\n\t\t\t\t<img decoding=\"async\" class=\"swiper-slide-image\" src=\"https:\/\/lovelab.berlin\/wp-content\/uploads\/bfi_thumb\/dummy-transparent-rjkt18bmyu2vi1r5bospcymm3c2tm6ruf4kmw2sdb4.png\"\n\t\t\t\tdata-mk-image-src-set='{\"default\":\"https:\/\/lovelab.berlin\/wp-content\/uploads\/bfi_thumb\/24-ojng1khts97xqddo7dmyklcbii39zlzxe76rg5kpr4.jpg\",\"2x\":false,\"mobile\":\"https:\/\/lovelab.berlin\/wp-content\/uploads\/bfi_thumb\/24-1w6l4kcud1tfrniom8m3opcrl22antvdbrq4qbdl85k8.jpg\",\"responsive\":\"true\"}'\t\t\t\talt=\"\" \/>\n\t\t\t<\/div>\n\n\t\t\t\t\t<div class=\"mk-slider-slide\">\n\t\t\t\t<img decoding=\"async\" class=\"swiper-slide-image\" src=\"https:\/\/lovelab.berlin\/wp-content\/uploads\/bfi_thumb\/dummy-transparent-rjkt18bmyu2vi1r5bospcymm3c2tm6ruf4kmw2sdb4.png\"\n\t\t\t\tdata-mk-image-src-set='{\"default\":\"https:\/\/lovelab.berlin\/wp-content\/uploads\/bfi_thumb\/23-ojng1fsmu31i4bkhytltq4j0jkqfx4h9pjxc1rrom8.jpg\",\"2x\":false,\"mobile\":\"https:\/\/lovelab.berlin\/wp-content\/uploads\/bfi_thumb\/23-1w6l4jzsdqw9wa9nkwugj8q26l1n0ayphz9ijjf8kzzc.jpg\",\"responsive\":\"true\"}'\t\t\t\talt=\"\" \/>\n\t\t\t<\/div>\n\n\t\t\t\t\t<div class=\"mk-slider-slide\">\n\t\t\t\t<img decoding=\"async\" class=\"swiper-slide-image\" src=\"https:\/\/lovelab.berlin\/wp-content\/uploads\/bfi_thumb\/dummy-transparent-rjkt18bmyu2vi1r5bospcymm3c2tm6ruf4kmw2sdb4.png\"\n\t\t\t\tdata-mk-image-src-set='{\"default\":\"https:\/\/lovelab.berlin\/wp-content\/uploads\/bfi_thumb\/22-ojng1c1a2qwctvpykrzbg5h6618z2c2cd1be4nx9b4.jpg\",\"2x\":false,\"mobile\":\"https:\/\/lovelab.berlin\/wp-content\/uploads\/bfi_thumb\/22-1w6l4jpceayjll9mr1ty0h0p27fihhfs1chtlbgk2h48.jpg\",\"responsive\":\"true\"}'\t\t\t\talt=\"\" \/>\n\t\t\t<\/div>\n\n\t\t\t\t\t<div class=\"mk-slider-slide\">\n\t\t\t\t<img decoding=\"async\" class=\"swiper-slide-image\" src=\"https:\/\/lovelab.berlin\/wp-content\/uploads\/bfi_thumb\/dummy-transparent-rjkt18bmyu2vi1r5bospcymm3c2tm6ruf4kmw2sdb4.png\"\n\t\t\t\tdata-mk-image-src-set='{\"default\":\"https:\/\/lovelab.berlin\/wp-content\/uploads\/bfi_thumb\/18-ojng0xxp88d1zqafv3vwwr19996guvidb3j3xii5wg.jpg\",\"2x\":false,\"mobile\":\"https:\/\/lovelab.berlin\/wp-content\/uploads\/bfi_thumb\/18-1w6l4im6ge71zhijn2j0k34kusdjiwpsjz3z0zli50dk.jpg\",\"responsive\":\"true\"}'\t\t\t\talt=\"\" \/>\n\t\t\t<\/div>\n\n\t\t\t\t\t<div class=\"mk-slider-slide\">\n\t\t\t\t<img decoding=\"async\" class=\"swiper-slide-image\" src=\"https:\/\/lovelab.berlin\/wp-content\/uploads\/bfi_thumb\/dummy-transparent-rjkt18bmyu2vi1r5bospcymm3c2tm6ruf4kmw2sdb4.png\"\n\t\t\t\tdata-mk-image-src-set='{\"default\":\"https:\/\/lovelab.berlin\/wp-content\/uploads\/bfi_thumb\/16-ojng0rctwe41qgjzxj1ixap13k2wczs8y6ypkkrx40.jpg\",\"2x\":false,\"mobile\":\"https:\/\/lovelab.berlin\/wp-content\/uploads\/bfi_thumb\/16-1w6l4i3whdb0yrri6t9458n6w4jtlz1nzv9id3nt8ld4.jpg\",\"responsive\":\"true\"}'\t\t\t\talt=\"\" \/>\n\t\t\t<\/div>\n\n\t\t\t\t\t<div class=\"mk-slider-slide\">\n\t\t\t\t<img decoding=\"async\" class=\"swiper-slide-image\" src=\"https:\/\/lovelab.berlin\/wp-content\/uploads\/bfi_thumb\/dummy-transparent-rjkt18bmyu2vi1r5bospcymm3c2tm6ruf4kmw2sdb4.png\"\n\t\t\t\tdata-mk-image-src-set='{\"default\":\"https:\/\/lovelab.berlin\/wp-content\/uploads\/bfi_thumb\/13-ojng0g2rmdolv50dre603djhyxmhsmjgwn4vt98n6o.jpg\",\"2x\":false,\"mobile\":\"https:\/\/lovelab.berlin\/wp-content\/uploads\/bfi_thumb\/13-1w6l4h8kj1hu2orfp87kkxj3izpg1igvlyyfifrrp0rs.jpg\",\"responsive\":\"true\"}'\t\t\t\talt=\"\" \/>\n\t\t\t<\/div>\n\n\t\t\t\t\t<div class=\"mk-slider-slide\">\n\t\t\t\t<img decoding=\"async\" class=\"swiper-slide-image\" src=\"https:\/\/lovelab.berlin\/wp-content\/uploads\/bfi_thumb\/dummy-transparent-rjkt18bmyu2vi1r5bospcymm3c2tm6ruf4kmw2sdb4.png\"\n\t\t\t\tdata-mk-image-src-set='{\"default\":\"https:\/\/lovelab.berlin\/wp-content\/uploads\/bfi_thumb\/11-ojng08k23peba9bazawzjfft7unk31pm7lwzz1jskg.jpg\",\"2x\":false,\"mobile\":\"https:\/\/lovelab.berlin\/wp-content\/uploads\/bfi_thumb\/11-1w6l4gnok5mdhare1i6jje4da8h6zvf0opf1lzuenz1k.jpg\",\"responsive\":\"true\"}'\t\t\t\talt=\"\" \/>\n\t\t\t<\/div>\n\n\t\t\t\t\t<div class=\"mk-slider-slide\">\n\t\t\t\t<img decoding=\"async\" class=\"swiper-slide-image\" src=\"https:\/\/lovelab.berlin\/wp-content\/uploads\/bfi_thumb\/dummy-transparent-rjkt18bmyu2vi1r5bospcymm3c2tm6ruf4kmw2sdb4.png\"\n\t\t\t\tdata-mk-image-src-set='{\"default\":\"https:\/\/lovelab.berlin\/wp-content\/uploads\/bfi_thumb\/10-ojng04spcd95ztgrl9ah9gdyub6389aov3b21xpd9c.jpg\",\"2x\":false,\"mobile\":\"https:\/\/lovelab.berlin\/wp-content\/uploads\/bfi_thumb\/10-1w6l4gd8kpon6lrd7n610mf05uv2h1w382ncnrvq5g6g.jpg\",\"responsive\":\"true\"}'\t\t\t\talt=\"\" \/>\n\t\t\t<\/div>\n\n\t\t\t\t\t<div class=\"mk-slider-slide\">\n\t\t\t\t<img decoding=\"async\" class=\"swiper-slide-image\" src=\"https:\/\/lovelab.berlin\/wp-content\/uploads\/bfi_thumb\/dummy-transparent-rjkt18bmyu2vi1r5bospcymm3c2tm6ruf4kmw2sdb4.png\"\n\t\t\t\tdata-mk-image-src-set='{\"default\":\"https:\/\/lovelab.berlin\/wp-content\/uploads\/bfi_thumb\/8-ojnfzwc5muxl3bt1ynmu50ithubsazd3txfoqg1wtc.jpg\",\"2x\":false,\"mobile\":\"https:\/\/lovelab.berlin\/wp-content\/uploads\/bfi_thumb\/8-1w6l4fpqlytr0jibcgdvce2xn08aapghxnf1iryozrqg.jpg\",\"responsive\":\"true\"}'\t\t\t\talt=\"\" \/>\n\t\t\t<\/div>\n\n\t\t\t\t\t<div class=\"mk-slider-slide\">\n\t\t\t\t<img decoding=\"async\" class=\"swiper-slide-image\" src=\"https:\/\/lovelab.berlin\/wp-content\/uploads\/bfi_thumb\/dummy-transparent-rjkt18bmyu2vi1r5bospcymm3c2tm6ruf4kmw2sdb4.png\"\n\t\t\t\tdata-mk-image-src-set='{\"default\":\"https:\/\/lovelab.berlin\/wp-content\/uploads\/bfi_thumb\/5-ojnfzl23cui5809fsirbb3dad7vdqm4bsdluz4imw0.jpg\",\"2x\":false,\"mobile\":\"https:\/\/lovelab.berlin\/wp-content\/uploads\/bfi_thumb\/5-1w6l4euenn0k4gi8uvcbs2yu9vdwq8vpjr3yo42ng754.jpg\",\"responsive\":\"true\"}'\t\t\t\talt=\"\" \/>\n\t\t\t<\/div>\n\n\t\t\t\t\t<div class=\"mk-slider-slide\">\n\t\t\t\t<img decoding=\"async\" class=\"swiper-slide-image\" src=\"https:\/\/lovelab.berlin\/wp-content\/uploads\/bfi_thumb\/dummy-transparent-rjkt18bmyu2vi1r5bospcymm3c2tm6ruf4kmw2sdb4.png\"\n\t\t\t\tdata-mk-image-src-set='{\"default\":\"https:\/\/lovelab.berlin\/wp-content\/uploads\/bfi_thumb\/4-ojnfzhaqliczxkeweh4t14bfzodwvtpefuzx20o7kw.jpg\",\"2x\":false,\"mobile\":\"https:\/\/lovelab.berlin\/wp-content\/uploads\/bfi_thumb\/4-1w6l4ejyo72ttri810bt9b9h5hrs7fcs34c9pw3yxoa0.jpg\",\"responsive\":\"true\"}'\t\t\t\talt=\"\" \/>\n\t\t\t<\/div>\n\n\t\t\t\t\t<div class=\"mk-slider-slide\">\n\t\t\t\t<img decoding=\"async\" class=\"swiper-slide-image\" src=\"https:\/\/lovelab.berlin\/wp-content\/uploads\/bfi_thumb\/dummy-transparent-rjkt18bmyu2vi1r5bospcymm3c2tm6ruf4kmw2sdb4.png\"\n\t\t\t\tdata-mk-image-src-set='{\"default\":\"https:\/\/lovelab.berlin\/wp-content\/uploads\/bfi_thumb\/3-ojnfzdjdu67un4kd0fiar59lm4wg11ah3cdz4wts9s.jpg\",\"2x\":false,\"mobile\":\"https:\/\/lovelab.berlin\/wp-content\/uploads\/bfi_thumb\/3-1w6l4e9ior53j2i775baqjk4145noltumhkkro5af5ew.jpg\",\"responsive\":\"true\"}'\t\t\t\talt=\"\" \/>\n\t\t\t<\/div>\n\n\t\t\t\t\t<div class=\"mk-slider-slide\">\n\t\t\t\t<img decoding=\"async\" class=\"swiper-slide-image\" src=\"https:\/\/lovelab.berlin\/wp-content\/uploads\/bfi_thumb\/dummy-transparent-rjkt18bmyu2vi1r5bospcymm3c2tm6ruf4kmw2sdb4.png\"\n\t\t\t\tdata-mk-image-src-set='{\"default\":\"https:\/\/lovelab.berlin\/wp-content\/uploads\/bfi_thumb\/2-ojnfz9s12u2pcoptmdvsh67r8lez68vjqts17szcyo.jpg\",\"2x\":false,\"mobile\":\"https:\/\/lovelab.berlin\/wp-content\/uploads\/bfi_thumb\/2-1w6l4dz2pb7d8di6daas7ruqwqjj5sax5usvtg6lwmjs.jpg\",\"responsive\":\"true\"}'\t\t\t\talt=\"\" \/>\n\t\t\t<\/div>\n\n\t\t\t\t\t<div class=\"mk-slider-slide\">\n\t\t\t\t<img decoding=\"async\" class=\"swiper-slide-image\" src=\"https:\/\/lovelab.berlin\/wp-content\/uploads\/bfi_thumb\/dummy-transparent-rjkt18bmyu2vi1r5bospcymm3c2tm6ruf4kmw2sdb4.png\"\n\t\t\t\tdata-mk-image-src-set='{\"default\":\"https:\/\/lovelab.berlin\/wp-content\/uploads\/bfi_thumb\/1-ojnfz6yiibyudutx2unwroxdgfsvj5kcqftkrz3jhc.jpg\",\"2x\":false,\"mobile\":\"https:\/\/lovelab.berlin\/wp-content\/uploads\/bfi_thumb\/1-1w6l4dr8pq92icr5qw1ebp2q2gbxro5q2dq43s7liqeg.jpg\",\"responsive\":\"true\"}'\t\t\t\talt=\"\" \/>\n\t\t\t<\/div>\n\n\t\t\n\t\t<!-- empty PNG to stretch slider and make it responsive outside of js as the slider adjusts height and width to container sizes  -->\n\t\t<img decoding=\"async\" src=\"https:\/\/lovelab.berlin\/wp-content\/uploads\/bfi_thumb\/dummy-transparent-rjkt18bmyu2vi1r5bospcymm3c2tm6ruf4kmw2sdb4.png\" style=\"visibility: hidden;\" \/>\n\n\t<\/div>\n\n\t\t<ul id=\"flex-direction-nav-2\" class=\"flex-direction-nav\">\n\t\t<li><a class=\"flex-prev\" href=\"#\"  data-direction=\"prev\"><svg  class=\"mk-svg-icon\" data-name=\"mk-jupiter-icon-arrow-left\" data-cacheid=\"icon-69dfb2256fc13\" xmlns=\"http:\/\/www.w3.org\/2000\/svg\" viewbox=\"0 0 512 512\"><path d=\"M368 505.6c-8 0-16-3.2-22.4-8l-240-225.6c-6.4-6.4-9.6-14.4-9.6-24 0-8 3.2-16 9.6-22.4l240-224c12.8-11.2 33.6-11.2 44.8 1.6 12.8 12.8 11.2 32-1.6 44.8l-214.4 201.6 216 203.2c12.8 11.2 12.8 32 0 44.8-4.8 4.8-14.4 8-22.4 8z\"\/><\/svg><\/a><\/li>\n\t\t<li><a class=\"flex-next\" href=\"#\"  data-direction=\"next\"><svg  class=\"mk-svg-icon\" data-name=\"mk-jupiter-icon-arrow-right\" data-cacheid=\"icon-69dfb2256fc62\" xmlns=\"http:\/\/www.w3.org\/2000\/svg\" viewbox=\"0 0 512 512\"><path d=\"M144 505.6c8 0 16-3.2 22.4-8l240-225.6c6.4-6.4 9.6-14.4 9.6-22.4s-3.2-16-9.6-22.4l-240-224c-12.8-12.8-32-12.8-44.8 0s-11.2 32 1.6 44.8l214.4 201.6-216 203.2c-12.8 11.2-12.8 32 0 44.8 6.4 4.8 14.4 8 22.4 8z\"\/><\/svg><\/a><\/li>\n\t<\/ul>\n\t<\/div>\n\n<\/div>\n\t<\/div>\n<div class=\"vc_row-full-width vc_clearfix\"><\/div>\n<div  data-mk-stretch-content=\"true\" class=\"wpb_row vc_row vc_row-fluid jupiter-donut- mk-fullwidth-false  attched-false     js-master-row  mk-grid\">\n\t\t\t\t\n<div class=\"vc_col-sm-4 wpb_column column_container  jupiter-donut- _ jupiter-donut-height-full\">\n\t<\/div>\n\n<div class=\"vc_col-sm-4 wpb_column column_container  jupiter-donut- _ jupiter-donut-height-full\">\n\t\n<h3  id=\"mk-title-box-5\" class=\"mk-title-box jupiter-donut-clearfix  jupiter-donut-\">\n\t<span>Unabh\u00e4ngigkeit<\/span>\n<\/h3>\n\n\n<div id=\"text-block-6\" class=\"mk-text-block  jupiter-donut-\">\n\n\t\n\t<p><span class=\"_4n-j fsl\">Der Beginn des modernen demokratischen Projekts mit Verabschiedung der amerikanischen Unabh\u00e4ngigkeitserkl\u00e4rung vor 239 Jahren stellte einen elementaren Zusammenhang zwischen staatlicher Unabh\u00e4ngigkeit und B\u00fcrger- und Menschenrechten her: Wenn ein Regime zur Tyrannei verkommt, so sind es die angeborenen Rechte des Menschen auf Leben, Freiheit und das Verfolgen seines Gl\u00fccks, die ihn erm\u00e4chtigen, dieses Regime zu \u00e4ndern oder zu st\u00fcrzen. So wie am Sonntag 11 Millionen Griechen mit einem Nein zur Finanztechnokratie der EU die G\u00fcltigkeit dieses Zusammenhangs wieder herstellen k\u00f6nnen, hat jeder B\u00fcrger der Welt eine Wahl: NEIN zur Tyrannei und JA zum Leben, JA zur Freiheit und JA zum Gl\u00fcck. Die zweite Versuchsreihe im lovelab.berlin widmet sich einer Praxis der Unabh\u00e4ngigkeit.<\/span><\/p>\n\n\t<div class=\"clearboth\"><\/div>\n<\/div>\n\n<\/div>\n\n<div class=\"vc_col-sm-4 wpb_column column_container  jupiter-donut- _ jupiter-donut-height-full\">\n\t<\/div>\n\t<\/div>\n\n<\/div>","protected":false},"excerpt":{"rendered":"<p>Wenn ein Regime zur Tyrannei verkommt, so sind es die angeborenen Rechte des Menschen auf Leben, Freiheit und das Verfolgen seines Gl\u00fccks, die ihn erm\u00e4chtigen, dieses Regime zu \u00e4ndern oder zu st\u00fcrzen. <\/p>","protected":false},"author":1,"featured_media":226,"parent":0,"menu_order":0,"comment_status":"closed","ping_status":"closed","template":"","meta":{"footnotes":""},"categories":[],"tags":[],"class_list":["post-182","page","type-page","status-publish","has-post-thumbnail","hentry"],"aioseo_notices":[],"_links":{"self":[{"href":"https:\/\/lovelab.berlin\/de\/wp-json\/wp\/v2\/pages\/182","targetHints":{"allow":["GET"]}}],"collection":[{"href":"https:\/\/lovelab.berlin\/de\/wp-json\/wp\/v2\/pages"}],"about":[{"href":"https:\/\/lovelab.berlin\/de\/wp-json\/wp\/v2\/types\/page"}],"author":[{"embeddable":true,"href":"https:\/\/lovelab.berlin\/de\/wp-json\/wp\/v2\/users\/1"}],"replies":[{"embeddable":true,"href":"https:\/\/lovelab.berlin\/de\/wp-json\/wp\/v2\/comments?post=182"}],"version-history":[{"count":0,"href":"https:\/\/lovelab.berlin\/de\/wp-json\/wp\/v2\/pages\/182\/revisions"}],"wp:featuredmedia":[{"embeddable":true,"href":"https:\/\/lovelab.berlin\/de\/wp-json\/wp\/v2\/media\/226"}],"wp:attachment":[{"href":"https:\/\/lovelab.berlin\/de\/wp-json\/wp\/v2\/media?parent=182"}],"wp:term":[{"taxonomy":"category","embeddable":true,"href":"https:\/\/lovelab.berlin\/de\/wp-json\/wp\/v2\/categories?post=182"},{"taxonomy":"post_tag","embeddable":true,"href":"https:\/\/lovelab.berlin\/de\/wp-json\/wp\/v2\/tags?post=182"}],"curies":[{"name":"wp","href":"https:\/\/api.w.org\/{rel}","templated":true}]}}