{"id":1816,"date":"2024-09-27T14:24:01","date_gmt":"2024-09-27T12:24:01","guid":{"rendered":"https:\/\/lovelab.berlin\/?page_id=1816"},"modified":"2026-02-21T14:05:07","modified_gmt":"2026-02-21T13:05:07","slug":"die-letzte-generation","status":"publish","type":"page","link":"https:\/\/lovelab.berlin\/de\/the-last-generation\/","title":{"rendered":"Die letzte Generation | Limitierte Edition #1"},"content":{"rendered":"<div class=\"wpb-content-wrapper\">\n<div  data-mk-full-width=\"true\" data-mk-full-width-init=\"false\" data-mk-stretch-content=\"true\" class=\"wpb_row vc_row vc_row-fluid jupiter-donut- mk-fullwidth-true  attched-false     js-master-row  mk-full-content-true\">\n\t\t\t\t\n<div class=\"vc_col-sm-12 wpb_column column_container  jupiter-donut- _ jupiter-donut-height-full\">\n\t\n<div class=\"mk-slideshow mk-flexslider mk-slider js-el  mk-swipe-slideshow-lazyload\"\n\tstyle=\"max-width:4096px; margin-top:0px; margin-bottom:0px;\"\n\tdata-mk-component='SwipeSlideshow'\n\tdata-swipeslideshow-config='{\t\t\"effect\" : \"fade\",\t\t\"displayTime\" : \"3000\",\t\t\"transitionTime\" : \"700\",\t\t\"nav\" : \"#flex-direction-nav-2\",\t\t\"hasNav\" : \"true\",\t\t\"pauseOnHover\" : false,\t\t\"fluidHeight\" :  true}' >\n\n\t<div class=\"mk-swiper-wrapper mk-slider-holder\">\n\n\t\t\t\t\t<div class=\"mk-slider-slide\">\n\t\t\t\t<img decoding=\"async\" class=\"swiper-slide-image\" src=\"https:\/\/lovelab.berlin\/wp-content\/uploads\/bfi_thumb\/dummy-transparent-rjkt18bmyu2vi1r5bospcymm3c2tm6ruf4kmw2sdb4.png\"\n\t\t\t\tdata-mk-image-src-set='{\"default\":\"https:\/\/lovelab.berlin\/wp-content\/uploads\/bfi_thumb\/0147-the-last-generation-image-a-scaled-quq2ftv3y4k4u4fr9qxv0sf7jv7kcnzkg2f41rovhc.jpg\",\"2x\":false,\"mobile\":\"https:\/\/lovelab.berlin\/wp-content\/uploads\/bfi_thumb\/0147-the-last-generation-image-a-scaled-22lceryv9a4hndxuer71yucfm1uqkm4wbswvxbf0s2eg.jpg\",\"responsive\":\"true\"}'\t\t\t\talt=\"\" \/>\n\t\t\t<\/div>\n\n\t\t\t\t\t<div class=\"mk-slider-slide\">\n\t\t\t\t<img decoding=\"async\" class=\"swiper-slide-image\" src=\"https:\/\/lovelab.berlin\/wp-content\/uploads\/bfi_thumb\/dummy-transparent-rjkt18bmyu2vi1r5bospcymm3c2tm6ruf4kmw2sdb4.png\"\n\t\t\t\tdata-mk-image-src-set='{\"default\":\"https:\/\/lovelab.berlin\/wp-content\/uploads\/bfi_thumb\/0147-the-last-generation-detail-a-scaled-quq2gdlpxnb5lxn32hh0z5fw0yi9ub5xis4b4kvluo.jpg\",\"2x\":false,\"mobile\":\"https:\/\/lovelab.berlin\/wp-content\/uploads\/bfi_thumb\/0147-the-last-generation-detail-a-scaled-22lcethp6cskpj6yrj0r7dsli1bwbf5a04g9wz83hbfs.jpg\",\"responsive\":\"true\"}'\t\t\t\talt=\"\" \/>\n\t\t\t<\/div>\n\n\t\t\t\t\t<div class=\"mk-slider-slide\">\n\t\t\t\t<img decoding=\"async\" class=\"swiper-slide-image\" src=\"https:\/\/lovelab.berlin\/wp-content\/uploads\/bfi_thumb\/dummy-transparent-rjkt18bmyu2vi1r5bospcymm3c2tm6ruf4kmw2sdb4.png\"\n\t\t\t\tdata-mk-image-src-set='{\"default\":\"https:\/\/lovelab.berlin\/wp-content\/uploads\/bfi_thumb\/0147-the-last-generation-detail-b-scaled-quq2h7ok0cgbxgfe6uh36xun1ae0omhcawzuhfn0bk.jpg\",\"2x\":false,\"mobile\":\"https:\/\/lovelab.berlin\/wp-content\/uploads\/bfi_thumb\/0147-the-last-generation-detail-b-scaled-22lcevt91waf3375ef4vdjfih28whzcpp6ltiqxjlico.jpg\",\"responsive\":\"true\"}'\t\t\t\talt=\"\" \/>\n\t\t\t<\/div>\n\n\t\t\n\t\t<!-- empty PNG to stretch slider and make it responsive outside of js as the slider adjusts height and width to container sizes  -->\n\t\t<img decoding=\"async\" src=\"https:\/\/lovelab.berlin\/wp-content\/uploads\/bfi_thumb\/dummy-transparent-rjkt18bmyu2vi1r5bospcymm3c2tm6ruf4kmw2sdb4.png\" style=\"visibility: hidden;\" \/>\n\n\t<\/div>\n\n\t\t<ul id=\"flex-direction-nav-2\" class=\"flex-direction-nav\">\n\t\t<li><a class=\"flex-prev\" href=\"#\"  data-direction=\"prev\"><svg  class=\"mk-svg-icon\" data-name=\"mk-jupiter-icon-arrow-left\" data-cacheid=\"icon-69dbc6c0c52b1\" xmlns=\"http:\/\/www.w3.org\/2000\/svg\" viewbox=\"0 0 512 512\"><path d=\"M368 505.6c-8 0-16-3.2-22.4-8l-240-225.6c-6.4-6.4-9.6-14.4-9.6-24 0-8 3.2-16 9.6-22.4l240-224c12.8-11.2 33.6-11.2 44.8 1.6 12.8 12.8 11.2 32-1.6 44.8l-214.4 201.6 216 203.2c12.8 11.2 12.8 32 0 44.8-4.8 4.8-14.4 8-22.4 8z\"\/><\/svg><\/a><\/li>\n\t\t<li><a class=\"flex-next\" href=\"#\"  data-direction=\"next\"><svg  class=\"mk-svg-icon\" data-name=\"mk-jupiter-icon-arrow-right\" data-cacheid=\"icon-69dbc6c0c5301\" xmlns=\"http:\/\/www.w3.org\/2000\/svg\" viewbox=\"0 0 512 512\"><path d=\"M144 505.6c8 0 16-3.2 22.4-8l240-225.6c6.4-6.4 9.6-14.4 9.6-22.4s-3.2-16-9.6-22.4l-240-224c-12.8-12.8-32-12.8-44.8 0s-11.2 32 1.6 44.8l214.4 201.6-216 203.2c-12.8 11.2-12.8 32 0 44.8 6.4 4.8 14.4 8 22.4 8z\"\/><\/svg><\/a><\/li>\n\t<\/ul>\n\t<\/div>\n\n<\/div>\n\t<\/div>\n<div class=\"vc_row-full-width vc_clearfix\"><\/div>\n<div  data-mk-stretch-content=\"true\" class=\"wpb_row vc_row vc_row-fluid jupiter-donut- mk-fullwidth-false  attched-false     js-master-row  mk-grid\">\n\t\t\t\t\n<div class=\"vc_col-sm-4 wpb_column column_container  jupiter-donut- _ jupiter-donut-height-full\">\n\t<\/div>\n\n<div class=\"vc_col-sm-4 wpb_column column_container  jupiter-donut- _ jupiter-donut-height-full\">\n\t<style>#mk-title-box-5 {font-family: \"Roboto\"}<\/style>\n<h3  id=\"mk-title-box-5\" class=\"mk-title-box jupiter-donut-clearfix  jupiter-donut-\">\n\t<span><strong>Die letzte Generation | Tim Ra<br \/>\n<\/strong><\/span>\n<\/h3>\n\n\t<div class=\"vc_custom_1771678869797\">\n\n<div id=\"text-block-6\" class=\"mk-text-block  jupiter-donut-\">\n\n\t\n\t<p>Obwohl fotorealistisch in der Ausf\u00fchrung, erinnert \u201cThe Last Generation\u201d mit seinen fantastischen und allegorischen Elementen an Hieronymus Boschs surreale Darstellungen der moralischen und existenziellen K\u00e4mpfe der Menschheit. Boschs Werk, das f\u00fcr seine lebendigen, chaotischen Szenen von menschlicher Torheit und g\u00f6ttlicher Vergeltung bekannt ist, bietet eine passende Parallele zu den Themen der heutigen Krisen.<\/p>\n<p>Die zunehmende H\u00e4ufigkeit von \u00dcberschwemmungen und anderen klimabedingten Katastrophen ist zwar unbestreitbar katastrophal, ber\u00fchrt aber viel tiefere Schichten. \u00dcberschwemmungen sind archetypische Symbole, die in vielen der \u00e4ltesten Erz\u00e4hlungen der Menschheit zu finden sind, vom Gilgamesch-Epos bis zur Sintflut in der Bibel. Diese Geschichten dienen oft als moralische Gleichnisse, die vor den Gefahren der Hybris, der Dekadenz und der fragilen Beziehung der Menschheit zur Natur warnen.<\/p>\n<p>Interessanterweise wird die Metapher der \u201cFlut\u201d quer durch das politische Spektrum verwendet. Auf der Linken liegt der Schwerpunkt einerseits auf der wissenschaftlichen Realit\u00e4t des Klimawandels. Dieser Diskurs weitet sich auch auf metaphorische \u00dcberschwemmungen aus, wie z. B. den Aufstieg des Rechtspopulismus und seine oft hetzerische Rhetorik. Auf der anderen Seite wird der Begriff \u201cFlut\u201d auf der rechten Seite h\u00e4ufig verwendet, um einen Zustrom von Migranten zu beschreiben, der oft als Bedrohung f\u00fcr die kulturelle und wirtschaftliche Stabilit\u00e4t dargestellt wird. Er wird auch metaphorisch verwendet, um den wachsenden Einfluss fortschrittlicher Ideologien zu beschreiben, die als \u00dcberwindung traditioneller Werte und sozialer Normen empfunden werden. Beide Verwendungen des Begriffs vermitteln ein Gef\u00fchl der existenziellen \u00dcberschwemmung - des \u00dcberw\u00e4ltigtwerdens durch Kr\u00e4fte, die sich der Kontrolle entziehen, seien es nat\u00fcrliche oder gesellschaftliche.<\/p>\n<p>Apokalyptische Argumente finden sich im gesamten politischen Spektrum. Die Warnungen der Umweltsch\u00fctzer vor dem \u00f6kologischen Kollaps beruhen zwar auf wissenschaftlichen Erkenntnissen, spiegeln aber die Erz\u00e4hlungen der Rechten \u00fcber den gesellschaftlichen und wirtschaftlichen Zusammenbruch wider. Jede Seite neigt dazu, die andere als Vorbote von Chaos und Unordnung zu betrachten, was zu einem sich gegenseitig verst\u00e4rkenden Kreislauf von Angst und Schuldzuweisungen f\u00fchrt. Diese Dynamik wurde w\u00e4hrend der COVID-19-Pandemie besonders deutlich, als beide Seiten ihre Rhetorik versch\u00e4rften und sich gegenseitig beschuldigten, den Weg f\u00fcr Autoritarismus oder Katastrophen zu ebnen.<\/p>\n<p>Aus meiner pers\u00f6nlichen Erfahrung heraus habe ich eine verbl\u00fcffende \u00c4hnlichkeit zwischen Gruppen, die sich als Rationalisten bezeichnen, und denen, die man als \u201cVerr\u00fcckte\u201d abtun k\u00f6nnte, festgestellt. Beide leben oft in der gleichen emotionalen Landschaft von Angst und Wut, getrieben von der Wahrnehmung, dass die Welt am Rande des Zusammenbruchs steht. Diese Erkenntnis f\u00fchrte mich zu der biografischen Entscheidung, mich von diesen polarisierenden Emotionen zu l\u00f6sen und stattdessen ein Energiefeld zu kultivieren, das von Hoffnung, Freude und Humor angetrieben wird - eine bewusste Absage an die bin\u00e4re Logik, die dem apokalyptischen Denken so oft zugrunde liegt.<\/p>\n<p><a href=\"mailto:info@lovelab.berlin?subject=Limited%20Edition%20Print%20Inquiry&amp;body=I%20am%20interested%20in%20purchasing%20a%20copy%20of%20the%20limited%20edition%20print%20THE%20LAST%20GENERATION.\"><em>Erkundigen Sie sich nach dieser limitierten Auflage von sieben St\u00fcck.<\/em><br \/>\n<\/a><\/p>\n\n\t<div class=\"clearboth\"><\/div>\n<\/div>\n\n\t<\/div>\n<\/div>\n\n<div class=\"vc_col-sm-4 wpb_column column_container  jupiter-donut- _ jupiter-donut-height-full\">\n\t<\/div>\n\t<\/div>\n\n<\/div>","protected":false},"excerpt":{"rendered":"<p>\u201cDie letzte Generation\u201d enth\u00e4lt fantastische Elemente, die an Hieronymus Boschs surreale Darstellungen der existenziellen K\u00e4mpfe der Menschheit erinnern.<\/p>","protected":false},"author":1,"featured_media":1821,"parent":0,"menu_order":0,"comment_status":"closed","ping_status":"closed","template":"","meta":{"footnotes":""},"categories":[131],"tags":[],"class_list":["post-1816","page","type-page","status-publish","has-post-thumbnail","hentry","category-editions"],"aioseo_notices":[],"_links":{"self":[{"href":"https:\/\/lovelab.berlin\/de\/wp-json\/wp\/v2\/pages\/1816","targetHints":{"allow":["GET"]}}],"collection":[{"href":"https:\/\/lovelab.berlin\/de\/wp-json\/wp\/v2\/pages"}],"about":[{"href":"https:\/\/lovelab.berlin\/de\/wp-json\/wp\/v2\/types\/page"}],"author":[{"embeddable":true,"href":"https:\/\/lovelab.berlin\/de\/wp-json\/wp\/v2\/users\/1"}],"replies":[{"embeddable":true,"href":"https:\/\/lovelab.berlin\/de\/wp-json\/wp\/v2\/comments?post=1816"}],"version-history":[{"count":8,"href":"https:\/\/lovelab.berlin\/de\/wp-json\/wp\/v2\/pages\/1816\/revisions"}],"predecessor-version":[{"id":2249,"href":"https:\/\/lovelab.berlin\/de\/wp-json\/wp\/v2\/pages\/1816\/revisions\/2249"}],"wp:featuredmedia":[{"embeddable":true,"href":"https:\/\/lovelab.berlin\/de\/wp-json\/wp\/v2\/media\/1821"}],"wp:attachment":[{"href":"https:\/\/lovelab.berlin\/de\/wp-json\/wp\/v2\/media?parent=1816"}],"wp:term":[{"taxonomy":"category","embeddable":true,"href":"https:\/\/lovelab.berlin\/de\/wp-json\/wp\/v2\/categories?post=1816"},{"taxonomy":"post_tag","embeddable":true,"href":"https:\/\/lovelab.berlin\/de\/wp-json\/wp\/v2\/tags?post=1816"}],"curies":[{"name":"wp","href":"https:\/\/api.w.org\/{rel}","templated":true}]}}