{"id":1788,"date":"2024-09-03T15:50:17","date_gmt":"2024-09-03T13:50:17","guid":{"rendered":"https:\/\/lovelab.berlin\/?page_id=1788"},"modified":"2026-02-21T11:39:23","modified_gmt":"2026-02-21T10:39:23","slug":"wie-im-jahr-1999","status":"publish","type":"page","link":"https:\/\/lovelab.berlin\/de\/like-its-1999\/","title":{"rendered":"Like it's 1999 | No Underground"},"content":{"rendered":"<div class=\"wpb-content-wrapper\">\n<div  data-mk-stretch-content=\"true\" class=\"wpb_row vc_row vc_row-fluid jupiter-donut- mk-fullwidth-false  attched-false     js-master-row  mk-grid\">\n\t\t\t\t\n<div class=\"vc_col-sm-6 wpb_column column_container  jupiter-donut- _ jupiter-donut-height-full\">\n\t\n\t<div  class=\"wpb_single_image wpb_content_element vc_align_center wpb_content_element\">\n\t\t\n\t\t<figure class=\"wpb_wrapper vc_figure\">\n\t\t\t<div class=\"vc_single_image-wrapper   vc_box_border_grey\"><img loading=\"lazy\" decoding=\"async\" width=\"1024\" height=\"1024\" src=\"https:\/\/lovelab.berlin\/wp-content\/uploads\/2024\/09\/free-transform-1200x1200-1-1024x1024.jpg\" class=\"vc_single_image-img attachment-large\" alt=\"\" title=\"free-transform-1200x1200\" srcset=\"https:\/\/lovelab.berlin\/wp-content\/uploads\/2024\/09\/free-transform-1200x1200-1-1024x1024.jpg 1024w, https:\/\/lovelab.berlin\/wp-content\/uploads\/2024\/09\/free-transform-1200x1200-1-300x300.jpg 300w, https:\/\/lovelab.berlin\/wp-content\/uploads\/2024\/09\/free-transform-1200x1200-1-150x150.jpg 150w, https:\/\/lovelab.berlin\/wp-content\/uploads\/2024\/09\/free-transform-1200x1200-1-768x768.jpg 768w, https:\/\/lovelab.berlin\/wp-content\/uploads\/2024\/09\/free-transform-1200x1200-1-266x266.jpg 266w, https:\/\/lovelab.berlin\/wp-content\/uploads\/2024\/09\/free-transform-1200x1200-1-600x600.jpg 600w, https:\/\/lovelab.berlin\/wp-content\/uploads\/2024\/09\/free-transform-1200x1200-1.jpg 1200w\" sizes=\"auto, (max-width: 1024px) 100vw, 1024px\" itemprop=\"image\" \/><\/div>\n\t\t<\/figure>\n\t<\/div>\n<\/div>\n\n<div class=\"vc_col-sm-6 wpb_column column_container  jupiter-donut- _ jupiter-donut-height-full\">\n\t\n\t<div  class=\"wpb_single_image wpb_content_element vc_align_center wpb_content_element\">\n\t\t\n\t\t<figure class=\"wpb_wrapper vc_figure\">\n\t\t\t<div class=\"vc_single_image-wrapper   vc_box_border_grey\"><img loading=\"lazy\" decoding=\"async\" width=\"1024\" height=\"1024\" src=\"https:\/\/lovelab.berlin\/wp-content\/uploads\/2024\/09\/golden-child-1200x1200-1-1024x1024.jpg\" class=\"vc_single_image-img attachment-large\" alt=\"\" title=\"golden-child-1200x1200\" srcset=\"https:\/\/lovelab.berlin\/wp-content\/uploads\/2024\/09\/golden-child-1200x1200-1-1024x1024.jpg 1024w, https:\/\/lovelab.berlin\/wp-content\/uploads\/2024\/09\/golden-child-1200x1200-1-300x300.jpg 300w, https:\/\/lovelab.berlin\/wp-content\/uploads\/2024\/09\/golden-child-1200x1200-1-150x150.jpg 150w, https:\/\/lovelab.berlin\/wp-content\/uploads\/2024\/09\/golden-child-1200x1200-1-768x768.jpg 768w, https:\/\/lovelab.berlin\/wp-content\/uploads\/2024\/09\/golden-child-1200x1200-1-600x600.jpg 600w, https:\/\/lovelab.berlin\/wp-content\/uploads\/2024\/09\/golden-child-1200x1200-1.jpg 1200w\" sizes=\"auto, (max-width: 1024px) 100vw, 1024px\" itemprop=\"image\" \/><\/div>\n\t\t<\/figure>\n\t<\/div>\n<\/div>\n\t<\/div>\n\n<div  data-mk-stretch-content=\"true\" class=\"wpb_row vc_row vc_row-fluid jupiter-donut- mk-fullwidth-false  attched-false     js-master-row  mk-grid\">\n\t\t\t\t\n<div class=\"vc_col-sm-12 wpb_column column_container  jupiter-donut- _ jupiter-donut-height-full\">\n\t<style>#mk-title-box-4 {font-family: \"Roboto\"}<\/style>\n<h3  id=\"mk-title-box-4\" class=\"mk-title-box jupiter-donut-clearfix  jupiter-donut-\">\n\t<span>\n<h1 style=\"text-align: center;\"><strong>Like it&#8217;s 1999<\/strong><\/h1>\n<h4 style=\"text-align: center;\"><em>25 years of No Underground<br \/>\n<\/em><\/h4>\n<\/span>\n<\/h3>\n\n<\/div>\n\t<\/div>\n\n<div  data-mk-stretch-content=\"true\" class=\"wpb_row vc_row vc_row-fluid jupiter-donut- mk-fullwidth-false  attched-false     js-master-row  mk-grid\">\n\t\t\t\t\n<div class=\"vc_col-sm-4 wpb_column column_container  jupiter-donut- _ jupiter-donut-height-full\">\n\t\t<div class=\" vc_custom_1725375664878\">\n\n<div id=\"text-block-6\" class=\"mk-text-block  jupiter-donut- \">\n\n\t\n\t<p>On a scorching hot Wednesday 25 years ago, Markus \u201cFels\u201d Fesl and I walked into our weekly dance-impro session with Chilly Gonzales and Raz Ohara at Maria am Ostbahnhof. We were celebrating the release party of our first record as \u201cNo Underground\u201d: Free Transform. Now, a quarter of a century later, the album released back then on Arne Gesemann&#8217;s Noisolution is finally available again on all digital platforms as Lovelab Release 002.<\/p>\n<p>On the roof of a former postal administration building, a four-storey building that had been converted into a club, the word \u201cPop\u201d shone in neon letters. Every Wednesday, the second floor was home to the \u201cFlittchen Bar\u201d (floozie bar) by the legendary feminist band the Lassie Singers. Downstairs, on a rocked-out sofa at the edge of the dance floor, the four of us played eight-hour jam sessions as the Nightline City Cruisers (NCC), named after the night train of the German bahn, until the early hours of the morning in front of a swirling hall of raving dancers. Initially, we were paid 200, later 400 marks band fee, a hundred each \u2013 and starring Peaches on her first live gig right after her arrival in the city.<\/p>\n<p>One joint followed the next, while Raz poured his Prince-esque vocals onto the dance floor, and Gonzales (then under the name \u201cWolf\u201d) seemed to be playing for his life a synth module featuring classic keyboard sounds. As a disciple of P-Funk and Paul McCartney Fels grooved with a grim face on the bass, while I laid down seventies loops with Gen 1 Pioneer C-DJ players and controlled the mix (mainly louder and louder). From time to time, I shouted lower pitched vocals into the mike with my VT-1 effects unit. The energy was electric. For a year, the cannabinoid-induced euphoria drove us to musical extremes &#8211; every Wednesday. Like there was no tomorrow.<\/p>\n<p>Free Transform is an eclectic mix of jazzed-up groove tracks, simple pop songs with sixties quotes and rudimentary hip-hop &#8211; a hybrid of my nightly stoned compositions, tracks by Fels, guest appearances by Chilly Gonzales and Sebastian Schoenian as well as recordings by the philosopher band \u201cWohnung\u201d (apartment) with Sandra Klein (keys), Reimund Spitzer (guitar), T\u00f6ns Wieth\u00fcchter (drums), Fels and me &#8211; one of the nuclei of the Berlin living room scene.<\/p>\n<p>In the press, Berlin\u2019s living room scene with its illegal parties in private apartments was celebrated as a cozy alternative to the technoid mainstream, but in fact it was the musically untamed bastard of techno, born of the same anarchic attitude that characterized the Berlin underground and the Maria sessions a pleasurable alternative to the disillusionment in late capitalism of Generation X, which found expression in West German discourse pop and the apocalyptic pop exegesis of the Cologne spex magazine of the time. It was a time in which Berlin became a pulsating cultural metropolis thanks to countless vacancies, low rents and largely absent authorities. While the underground was declared a fig leaf of the mainstream by West German thinkers, the city was bubbling with untamed creativity.<\/p>\n<div class=\"lyte-wrapper fourthree\" title=\"Wohnung \/ No Underground | City Boy\" style=\"width:420px;max-width:100%;margin:5px;\">\n<div class=\"lyMe\" id=\"WYL_i-BjF_wcioE\" itemprop=\"video\" itemscope itemtype=\"https:\/\/schema.org\/VideoObject\">\n<div><meta itemprop=\"thumbnailUrl\" content=\"https:\/\/i.ytimg.com\/vi\/i-BjF_wcioE\/hqdefault.jpg\" \/><meta itemprop=\"embedURL\" content=\"https:\/\/www.youtube.com\/embed\/i-BjF_wcioE\" \/><meta itemprop=\"duration\" content=\"PT4M48S\" \/><meta itemprop=\"uploadDate\" content=\"2016-07-16T12:42:14Z\" \/><\/div>\n<div id=\"lyte_i-BjF_wcioE\" data-src=\"https:\/\/i.ytimg.com\/vi\/i-BjF_wcioE\/hqdefault.jpg\" class=\"pL\">\n<div class=\"tC\">\n<div class=\"tT\" itemprop=\"name\">Wohnung \/ No Underground | City Boy<\/div>\n<\/div>\n<div class=\"play\"><\/div>\n<div class=\"ctrl\">\n<div class=\"Lctrl\"><\/div>\n<div class=\"Rctrl\"><\/div>\n<\/div>\n<\/div>\n<p><noscript><a href=\"https:\/\/youtu.be\/i-BjF_wcioE\" rel=\"nofollow\"><img loading=\"lazy\" decoding=\"async\" src=\"https:\/\/i.ytimg.com\/vi\/i-BjF_wcioE\/0.jpg\" alt=\"Wohnung \/ No Underground | City Boy\" width=\"420\" height=\"295\" \/><br \/>Dieses Video auf YouTube ansehen<\/a><\/noscript><meta itemprop=\"description\" content=\"1995 entstand in einem Friedrichshainer Punk-Keller, besetztes Haus, Ratten in den W\u00e4nden, City Boy. Im Radio 1998\/99 heftig rotierend, lief das Trash-Video auf MTV immerhin einmal: Wegen des darin gezeigten Ecstasy-Schokoriegels wurde es von London umgehend abgesetzt, auch in Deutschland. Mit: Sandra Klein (keys), Robert Defcon (vox), Ben Skerka (vox), Markus Fesl (bs\/gtr), Reimund Spitzer (gtr), T\u00f6ns Wieth\u00fcchter (dr). Gedreht von Martin Kleppel, feat. Claudia Thewalt als City Girl.\"><\/div>\n<\/div>\n<div class=\"lL\" style=\"max-width:100%;width:420px;margin:5px;\"><\/div>\n\n\t<div class=\"clearboth\"><\/div>\n<\/div>\n\n\t<\/div>\n<\/div>\n\n<div class=\"vc_col-sm-4 wpb_column column_container  jupiter-donut- _ jupiter-donut-height-full\">\n\t\t<div class=\" vc_custom_1725375695598\">\n\n<div id=\"text-block-8\" class=\"mk-text-block  jupiter-donut- \">\n\n\t\n\t<div class=\"lyte-wrapper fourthree\" title=\"No Underground | Live @ MTV\" style=\"width:420px;max-width:100%;margin:5px;\">\n<div class=\"lyMe\" id=\"WYL_C-08J9SiRx8\" itemprop=\"video\" itemscope itemtype=\"https:\/\/schema.org\/VideoObject\">\n<div><meta itemprop=\"thumbnailUrl\" content=\"https:\/\/i.ytimg.com\/vi\/C-08J9SiRx8\/hqdefault.jpg\" \/><meta itemprop=\"embedURL\" content=\"https:\/\/www.youtube.com\/embed\/C-08J9SiRx8\" \/><meta itemprop=\"duration\" content=\"PT4M29S\" \/><meta itemprop=\"uploadDate\" content=\"2016-07-15T16:53:09Z\" \/><\/div>\n<div id=\"lyte_C-08J9SiRx8\" data-src=\"https:\/\/i.ytimg.com\/vi\/C-08J9SiRx8\/hqdefault.jpg\" class=\"pL\">\n<div class=\"tC\">\n<div class=\"tT\" itemprop=\"name\">No Underground | Live @ MTV<\/div>\n<\/div>\n<div class=\"play\"><\/div>\n<div class=\"ctrl\">\n<div class=\"Lctrl\"><\/div>\n<div class=\"Rctrl\"><\/div>\n<\/div>\n<\/div>\n<p><noscript><a href=\"https:\/\/youtu.be\/C-08J9SiRx8\" rel=\"nofollow\"><img loading=\"lazy\" decoding=\"async\" src=\"https:\/\/i.ytimg.com\/vi\/C-08J9SiRx8\/0.jpg\" alt=\"No Underground | Live @ MTV\" width=\"420\" height=\"295\" \/><br \/>Dieses Video auf YouTube ansehen<\/a><\/noscript><meta itemprop=\"description\" content=\"Improvisiertes Medley Money\/Shotgun Man, 1999 bei MTV live aus Berlin. Jojo &quot;Effekt&quot; B\u00fcld an den Keys, Markus &quot;Dr. Phelbs&quot; Fesl am Bass, Robert Defcon am Mike und den Pioneers. Der F\u00fcnfmin\u00fcter ist der einzige Mitschnitt von hunderten Stunden von No Underground bei Gigs improvisierter Live-Musik.\"><\/div>\n<\/div>\n<div class=\"lL\" style=\"max-width:100%;width:420px;margin:5px;\"><\/div>\n<p>And we were right in the middle of it. The single \u201cCity Boy\u201d, a recording by the band Wohnung, was on heavy rotation on German radio. We played live in the newly opened MTV studios in Berlin, while our trash video with ecstasy chocolate, Gonzales cameo and police intervention was immediately pulled from circulation by the London MTV headquarters. With Fels on guitar and bass and me on mike, PC tower and CD turntables, No Underground finally went on a Germany-wide improv tour, first with Chilly Gonzales on keys &#8211; ironically in front of completely empty venues &#8211; and later with Johannes \u201cJojo\u201d B\u00fcld on Moog Prodigy, Rhodes, Hammond and electronics. At our peak, we played an endless house dance set in front of a thousand dancing and euphorically screaming people in Chemnitz&#8217;s Atomino, surrounded by aroused fans who stayed on our trail until we reached the 5-star hotel where Jan Kummer from the Atomino had booked two suites for us.<\/p>\n<p>The live recordings made during the tour formed the basis for an album that I still consider to be one of the best I&#8217;ve had the pleasure to work on. It was a groovy mixture of dance, electronica, pop and hip-hop, lyrically strong and musical at the same time, full of depth, lust and darkness, despair and spirituality, crowned by the bizarrely suicidal music video for \u201cDonna\u201d by Oliver P\u00e4\u00dfler, which we shot illegally in the cemetery on Prenzlauer Allee with Lia Baron as the main actress.<\/p>\n<div class=\"lyte-wrapper fourthree\" title=\"No Underground | Donna\" style=\"width:420px;max-width:100%;margin:5px;\">\n<div class=\"lyMe\" id=\"WYL_2MJQiB_RRHE\" itemprop=\"video\" itemscope itemtype=\"https:\/\/schema.org\/VideoObject\">\n<div><meta itemprop=\"thumbnailUrl\" content=\"https:\/\/i.ytimg.com\/vi\/2MJQiB_RRHE\/hqdefault.jpg\" \/><meta itemprop=\"embedURL\" content=\"https:\/\/www.youtube.com\/embed\/2MJQiB_RRHE\" \/><meta itemprop=\"duration\" content=\"PT3M54S\" \/><meta itemprop=\"uploadDate\" content=\"2009-11-04T20:35:42Z\" \/><\/div>\n<div id=\"lyte_2MJQiB_RRHE\" data-src=\"https:\/\/i.ytimg.com\/vi\/2MJQiB_RRHE\/hqdefault.jpg\" class=\"pL\">\n<div class=\"tC\">\n<div class=\"tT\" itemprop=\"name\">No Underground | Donna<\/div>\n<\/div>\n<div class=\"play\"><\/div>\n<div class=\"ctrl\">\n<div class=\"Lctrl\"><\/div>\n<div class=\"Rctrl\"><\/div>\n<\/div>\n<\/div>\n<p><noscript><a href=\"https:\/\/youtu.be\/2MJQiB_RRHE\" rel=\"nofollow\"><img loading=\"lazy\" decoding=\"async\" src=\"https:\/\/i.ytimg.com\/vi\/2MJQiB_RRHE\/0.jpg\" alt=\"No Underground | Donna\" width=\"420\" height=\"295\" \/><br \/>Dieses Video auf YouTube ansehen<\/a><\/noscript><meta itemprop=\"description\" content=\"Clip by Oliver Paessler \/w Robert Defcon -vs- Lia Baron. From album &quot;Burn my Body&quot; (2001) \/ No Underground.\"><\/div>\n<\/div>\n<div class=\"lL\" style=\"max-width:100%;width:420px;margin:5px;\"><\/div>\n<p>The video for \u201cTruck Drivin&#8217; Devil\u201d followed 20 years later, a melancholy, dreamy love song &#8211; and the only German-language track that No Underground have released. This album is now finally available again under the title Golden Child (Lovelab 003).<\/p>\n<div class=\"lyte-wrapper fourthree\" title=\"Truck Drivin Devil | Tim Ra \/ No Underground &#091;2001&#093;\" style=\"width:420px;max-width:100%;margin:5px;\">\n<div class=\"lyMe\" id=\"WYL_EdDHIaPDCJU\" itemprop=\"video\" itemscope itemtype=\"https:\/\/schema.org\/VideoObject\">\n<div><meta itemprop=\"thumbnailUrl\" content=\"https:\/\/i.ytimg.com\/vi\/EdDHIaPDCJU\/hqdefault.jpg\" \/><meta itemprop=\"embedURL\" content=\"https:\/\/www.youtube.com\/embed\/EdDHIaPDCJU\" \/><meta itemprop=\"duration\" content=\"PT4M23S\" \/><meta itemprop=\"uploadDate\" content=\"2018-10-06T08:04:25Z\" \/><\/div>\n<div id=\"lyte_EdDHIaPDCJU\" data-src=\"https:\/\/i.ytimg.com\/vi\/EdDHIaPDCJU\/hqdefault.jpg\" class=\"pL\">\n<div class=\"tC\">\n<div class=\"tT\" itemprop=\"name\">Truck Drivin Devil | Tim Ra \/ No Underground [2001]<\/div>\n<\/div>\n<div class=\"play\"><\/div>\n<div class=\"ctrl\">\n<div class=\"Lctrl\"><\/div>\n<div class=\"Rctrl\"><\/div>\n<\/div>\n<\/div>\n<p><noscript><a href=\"https:\/\/youtu.be\/EdDHIaPDCJU\" rel=\"nofollow\"><img loading=\"lazy\" decoding=\"async\" src=\"https:\/\/i.ytimg.com\/vi\/EdDHIaPDCJU\/0.jpg\" alt=\"Truck Drivin Devil | Tim Ra \/ No Underground &#091;2001&#093;\" width=\"420\" height=\"295\" \/><br \/>Dieses Video auf YouTube ansehen<\/a><\/noscript><meta itemprop=\"description\" content=\"\u00bbFahr \u00fcber Wiesen und durch W\u00e4lder und wohins mir gef\u00e4llt\u00ab Webseite | https:\/lovelab.berlin Truck Drivin Devil | von: &quot;Golden Child&quot; | No Underground | 2001 Komposition: Johannes B\u00fcld, Markus Fesl &amp; Tim Ra\"><\/div>\n<\/div>\n<div class=\"lL\" style=\"max-width:100%;width:420px;margin:5px;\"><\/div>\n<p>Those were wild and productive years. And blazing success was within reach.<\/p>\n\n\t<div class=\"clearboth\"><\/div>\n<\/div>\n\n\t<\/div>\n<\/div>\n\n<div class=\"vc_col-sm-4 wpb_column column_container  jupiter-donut- _ jupiter-donut-height-full\">\n\t\t<div class=\" vc_custom_1725375278159\">\n\n<div id=\"text-block-10\" class=\"mk-text-block  jupiter-donut- \">\n\n\t\n\t<p><strong>No Underground | Free Transform [Album]<\/strong><\/p>\n<div class=\"BorlabsCookie\">\n<div class=\"_brlbs-content-blocker\">\n<div class=\"_brlbs-default\">\n<p>Click on the button to load the content from music.apple.com.<\/p>\n<p><a class=\"_brlbs-btn\" href=\"#\" data-borlabs-cookie-unblock role=\"button\">Load content<\/a><\/p>\n<\/div>\n<\/div>\n<div class=\"borlabs-hide\" data-borlabs-cookie-type=\"content-blocker\" data-borlabs-cookie-id=\"default\"><script type=\"text\/template\">PGlmcmFtZSBjbGFzcz0id3AtZW1iZWRkZWQtY29udGVudCIgc2FuZGJveD0iYWxsb3ctc2NyaXB0cyIgc2VjdXJpdHk9InJlc3RyaWN0ZWQiIHRpdGxlPSJGcmVlIFRyYW5zZm9ybSIgZnJhbWVib3JkZXI9IjAiIGhlaWdodD0iNzc3IiBzcmM9Imh0dHBzOi8vZW1iZWQubXVzaWMuYXBwbGUuY29tL2RlL2FsYnVtL2ZyZWUtdHJhbnNmb3JtLzE3NjEzNTA0NzQjP3NlY3JldD1QN0J3N2t1N0g5IiBkYXRhLXNlY3JldD0iUDdCdzdrdTdIOSI+PC9pZnJhbWU+<\/script><\/div>\n<\/div>\n<div class=\"lyte-wrapper fourthree\" title=\"Love Machine\" style=\"width:420px;max-width:100%;margin:5px;\">\n<div class=\"lyMe\" id=\"WYL_t0Q5d-CDUY4\" itemprop=\"video\" itemscope itemtype=\"https:\/\/schema.org\/VideoObject\">\n<div><meta itemprop=\"thumbnailUrl\" content=\"https:\/\/i.ytimg.com\/vi\/t0Q5d-CDUY4\/hqdefault.jpg\" \/><meta itemprop=\"embedURL\" content=\"https:\/\/www.youtube.com\/embed\/t0Q5d-CDUY4\" \/><meta itemprop=\"duration\" content=\"PT4M3S\" \/><meta itemprop=\"uploadDate\" content=\"2024-08-11T22:02:42Z\" \/><\/div>\n<div id=\"lyte_t0Q5d-CDUY4\" data-src=\"https:\/\/i.ytimg.com\/vi\/t0Q5d-CDUY4\/hqdefault.jpg\" class=\"pL\">\n<div class=\"tC\">\n<div class=\"tT\" itemprop=\"name\">Love Machine<\/div>\n<\/div>\n<div class=\"play\"><\/div>\n<div class=\"ctrl\">\n<div class=\"Lctrl\"><\/div>\n<div class=\"Rctrl\"><\/div>\n<\/div>\n<\/div>\n<p><noscript><a href=\"https:\/\/youtu.be\/t0Q5d-CDUY4\" rel=\"nofollow\"><img loading=\"lazy\" decoding=\"async\" src=\"https:\/\/i.ytimg.com\/vi\/t0Q5d-CDUY4\/0.jpg\" alt=\"Love Machine\" width=\"420\" height=\"295\" \/><br \/>Dieses Video auf YouTube ansehen<\/a><\/noscript><meta itemprop=\"description\" content=\"Provided to YouTube by Digital Music Marketing Love Machine \u00b7 No Underground Free Transform \u2117 Lovelab Berlin Released on: 1999-09-24 Producer: Markus Fesl Producer: Tim Ra Auto-generated by YouTube.\"><\/div>\n<\/div>\n<div class=\"lL\" style=\"max-width:100%;width:420px;margin:5px;\"><\/div>\n<p><strong>No Underground | Golden Child [Album]<\/strong><\/p>\n<div class=\"BorlabsCookie\">\n<div class=\"_brlbs-content-blocker\">\n<div class=\"_brlbs-default\">\n<p>Click on the button to load the content from music.apple.com.<\/p>\n<p><a class=\"_brlbs-btn\" href=\"#\" data-borlabs-cookie-unblock role=\"button\">Load content<\/a><\/p>\n<\/div>\n<\/div>\n<div class=\"borlabs-hide\" data-borlabs-cookie-type=\"content-blocker\" data-borlabs-cookie-id=\"default\"><script type=\"text\/template\">PGlmcmFtZSBjbGFzcz0id3AtZW1iZWRkZWQtY29udGVudCIgc2FuZGJveD0iYWxsb3ctc2NyaXB0cyIgc2VjdXJpdHk9InJlc3RyaWN0ZWQiIHRpdGxlPSJHb2xkZW4gQ2hpbGQiIGZyYW1lYm9yZGVyPSIwIiBoZWlnaHQ9Ijc3NyIgc3JjPSJodHRwczovL2VtYmVkLm11c2ljLmFwcGxlLmNvbS9kZS9hbGJ1bS9nb2xkZW4tY2hpbGQvMTc2NTA5MTI0NyM\/c2VjcmV0PXFiaElVbElCQzIiIGRhdGEtc2VjcmV0PSJxYmhJVWxJQkMyIj48L2lmcmFtZT4=<\/script><\/div>\n<\/div>\n<div class=\"lyte-wrapper fourthree\" title=\"Pornostaat\" style=\"width:420px;max-width:100%;margin:5px;\">\n<div class=\"lyMe\" id=\"WYL_turYeNw6xJE\" itemprop=\"video\" itemscope itemtype=\"https:\/\/schema.org\/VideoObject\">\n<div><meta itemprop=\"thumbnailUrl\" content=\"https:\/\/i.ytimg.com\/vi\/turYeNw6xJE\/hqdefault.jpg\" \/><meta itemprop=\"embedURL\" content=\"https:\/\/www.youtube.com\/embed\/turYeNw6xJE\" \/><meta itemprop=\"duration\" content=\"PT4M42S\" \/><meta itemprop=\"uploadDate\" content=\"2024-08-11T22:01:00Z\" \/><\/div>\n<div id=\"lyte_turYeNw6xJE\" data-src=\"https:\/\/i.ytimg.com\/vi\/turYeNw6xJE\/hqdefault.jpg\" class=\"pL\">\n<div class=\"tC\">\n<div class=\"tT\" itemprop=\"name\">Pornostaat<\/div>\n<\/div>\n<div class=\"play\"><\/div>\n<div class=\"ctrl\">\n<div class=\"Lctrl\"><\/div>\n<div class=\"Rctrl\"><\/div>\n<\/div>\n<\/div>\n<p><noscript><a href=\"https:\/\/youtu.be\/turYeNw6xJE\" rel=\"nofollow\"><img loading=\"lazy\" decoding=\"async\" src=\"https:\/\/i.ytimg.com\/vi\/turYeNw6xJE\/0.jpg\" alt=\"Pornostaat\" width=\"420\" height=\"295\" \/><br \/>Dieses Video auf YouTube ansehen<\/a><\/noscript><meta itemprop=\"description\" content=\"Provided to YouTube by Digital Music Marketing Pornostaat \u00b7 No Underground Golden Child \u2117 Lovelab Berlin Released on: 2001-06-07 Auto-generated by YouTube.\"><\/div>\n<\/div>\n<div class=\"lL\" style=\"max-width:100%;width:420px;margin:5px;\"><\/div>\n<p><\/p>\n\n\t<div class=\"clearboth\"><\/div>\n<\/div>\n\n\t<\/div>\n<\/div>\n\t<\/div>\n\n<\/div>","protected":false},"excerpt":{"rendered":"<p>Wiederver\u00f6ffentlichung der legend\u00e4ren No Underground-Alben \u201cFree Transform\u201d und \u201cGolden Child\u201d.<\/p>","protected":false},"author":1,"featured_media":1807,"parent":0,"menu_order":0,"comment_status":"closed","ping_status":"closed","template":"","meta":{"footnotes":""},"categories":[130],"tags":[],"class_list":["post-1788","page","type-page","status-publish","has-post-thumbnail","hentry","category-label"],"aioseo_notices":[],"_links":{"self":[{"href":"https:\/\/lovelab.berlin\/de\/wp-json\/wp\/v2\/pages\/1788","targetHints":{"allow":["GET"]}}],"collection":[{"href":"https:\/\/lovelab.berlin\/de\/wp-json\/wp\/v2\/pages"}],"about":[{"href":"https:\/\/lovelab.berlin\/de\/wp-json\/wp\/v2\/types\/page"}],"author":[{"embeddable":true,"href":"https:\/\/lovelab.berlin\/de\/wp-json\/wp\/v2\/users\/1"}],"replies":[{"embeddable":true,"href":"https:\/\/lovelab.berlin\/de\/wp-json\/wp\/v2\/comments?post=1788"}],"version-history":[{"count":10,"href":"https:\/\/lovelab.berlin\/de\/wp-json\/wp\/v2\/pages\/1788\/revisions"}],"predecessor-version":[{"id":2188,"href":"https:\/\/lovelab.berlin\/de\/wp-json\/wp\/v2\/pages\/1788\/revisions\/2188"}],"wp:featuredmedia":[{"embeddable":true,"href":"https:\/\/lovelab.berlin\/de\/wp-json\/wp\/v2\/media\/1807"}],"wp:attachment":[{"href":"https:\/\/lovelab.berlin\/de\/wp-json\/wp\/v2\/media?parent=1788"}],"wp:term":[{"taxonomy":"category","embeddable":true,"href":"https:\/\/lovelab.berlin\/de\/wp-json\/wp\/v2\/categories?post=1788"},{"taxonomy":"post_tag","embeddable":true,"href":"https:\/\/lovelab.berlin\/de\/wp-json\/wp\/v2\/tags?post=1788"}],"curies":[{"name":"wp","href":"https:\/\/api.w.org\/{rel}","templated":true}]}}