{"id":1735,"date":"2026-01-15T17:39:30","date_gmt":"2026-01-15T16:39:30","guid":{"rendered":"https:\/\/lovelab.berlin\/?page_id=1735"},"modified":"2026-02-21T11:29:44","modified_gmt":"2026-02-21T10:29:44","slug":"die-morder-von-cadiz","status":"publish","type":"page","link":"https:\/\/lovelab.berlin\/de\/killers-of-cadiz\/","title":{"rendered":"Killers of Cadiz | Tim Ra"},"content":{"rendered":"<div class=\"wpb-content-wrapper\">\n<div  data-mk-stretch-content=\"true\" class=\"wpb_row vc_row vc_row-fluid jupiter-donut- mk-fullwidth-false  attched-false     js-master-row  mk-grid\">\n\t\t\t\t\n<div class=\"vc_col-sm-12 wpb_column column_container  jupiter-donut- _ jupiter-donut-height-full\">\n\t\n<div id=\"padding-2\" class=\"mk-padding-divider jupiter-donut-hidden-sm  jupiter-donut-clearfix\"><\/div>\n\n\n\t<div  class=\"wpb_single_image wpb_content_element vc_align_center wpb_content_element\">\n\t\t\n\t\t<figure class=\"wpb_wrapper vc_figure\">\n\t\t\t<div class=\"vc_single_image-wrapper   vc_box_border_grey\"><img loading=\"lazy\" decoding=\"async\" width=\"1024\" height=\"1024\" src=\"https:\/\/lovelab.berlin\/wp-content\/uploads\/2026\/01\/killers-of-cadiz-2000x2000-1-1024x1024.jpg\" class=\"vc_single_image-img attachment-large\" alt=\"\" title=\"killers-of-cadiz-2000x2000\" srcset=\"https:\/\/lovelab.berlin\/wp-content\/uploads\/2026\/01\/killers-of-cadiz-2000x2000-1-1024x1024.jpg 1024w, https:\/\/lovelab.berlin\/wp-content\/uploads\/2026\/01\/killers-of-cadiz-2000x2000-1-300x300.jpg 300w, https:\/\/lovelab.berlin\/wp-content\/uploads\/2026\/01\/killers-of-cadiz-2000x2000-1-150x150.jpg 150w, https:\/\/lovelab.berlin\/wp-content\/uploads\/2026\/01\/killers-of-cadiz-2000x2000-1-768x768.jpg 768w, https:\/\/lovelab.berlin\/wp-content\/uploads\/2026\/01\/killers-of-cadiz-2000x2000-1-1536x1536.jpg 1536w, https:\/\/lovelab.berlin\/wp-content\/uploads\/2026\/01\/killers-of-cadiz-2000x2000-1-266x266.jpg 266w, https:\/\/lovelab.berlin\/wp-content\/uploads\/2026\/01\/killers-of-cadiz-2000x2000-1-600x600.jpg 600w, https:\/\/lovelab.berlin\/wp-content\/uploads\/2026\/01\/killers-of-cadiz-2000x2000-1.jpg 2000w\" sizes=\"auto, (max-width: 1024px) 100vw, 1024px\" itemprop=\"image\" \/><\/div>\n\t\t<\/figure>\n\t<\/div>\n<style>#mk-title-box-3 {font-family: \"Roboto\"}<\/style>\n<h3  id=\"mk-title-box-3\" class=\"mk-title-box jupiter-donut-clearfix  jupiter-donut-\">\n\t<span>\n<h1 style=\"text-align: center;\"><strong>Tim Ra's \u201cKiller von Cadiz\u201d<\/strong><\/h1>\n<h4 style=\"text-align: center;\"><em>Eine Noir-Odyssee<\/em><\/h4>\n<\/span>\n<\/h3>\n\n<\/div>\n\t<\/div>\n\n<div  data-mk-stretch-content=\"true\" class=\"wpb_row vc_row vc_row-fluid jupiter-donut- mk-fullwidth-false  attched-false     js-master-row  mk-grid\">\n\t\t\t\t\n<div class=\"vc_col-sm-3 wpb_column column_container  jupiter-donut- _ jupiter-donut-height-full\">\n\t<\/div>\n\n<div class=\"vc_col-sm-3 wpb_column column_container  jupiter-donut- _ jupiter-donut-height-full\">\n\t\t<div class=\"vc_custom_1769860812339\">\n\n<div id=\"text-block-6\" class=\"mk-text-block  jupiter-donut-\">\n\n\t\n\t<p>Mit Killers of C\u00e1diz taucht Tim Ra tief in das Zwielicht des Noir ein und l\u00e4sst sich dabei von der afroamerikanischen und europ\u00e4ischen Jazzmoderne der sp\u00e4ten 1950er Jahre inspirieren. Ausgedehnte orchestrale Texturen legen sich wie Schatten \u00fcber iberische Harmonien, Melodien tauchen auf und verschwinden wieder, w\u00e4hrend eine suchende, eindringliche Trompete als fragile Erz\u00e4hlstimme die sich entfaltenden Szenen leitet.<\/p>\n<p>Die Musik erz\u00e4hlt von einer Welt, die nach au\u00dfen hin gl\u00e4nzt, w\u00e4hrend unter ihr ein Abgrund g\u00e4hnt. Illusion und Hybris regieren und widersetzen sich allem, was geerdet und substantiell ist. Doch letztlich durchdringen funkige Grooves die Dunkelheit, pulsieren durch den K\u00f6rper, verankern den Abgrund und bringen ihn in Bewegung.<\/p>\n<p>Killers of C\u00e1diz ist eine Hommage an die Tradition des Noir Jazz, eine Tradition, die Ambivalenz, Unruhe, Dunkelheit und immense musikalische Freiheit umarmte und gleichzeitig ein Fenster zu einer zerbrochenen, sp\u00e4tkapitalistischen Gegenwart \u00f6ffnet, in der alte Gewissheiten zusammenbrechen, um Platz f\u00fcr falsche Idole zu machen. Das Album ist kein Nostalgietrip - es ist die Fortsetzung einer kritischen Tradition, die sich in dystopischen Zeiten dringender denn je anf\u00fchlt, indem sie unbequemen, verschatteten Wahrheiten eine Stimme verleiht und so den Widerstand in musikalische Form bringt.<\/p>\n<p><a href=\"https:\/\/tim-ra.bandcamp.com\/album\/killers-of-cadiz\">https:\/\/tim-ra.bandcamp.com\/album\/killers-of-cadiz<\/a><\/p>\n\n\t<div class=\"clearboth\"><\/div>\n<\/div>\n\n\t<\/div>\n<\/div>\n\n<div class=\"vc_col-sm-3 wpb_column column_container  jupiter-donut- _ jupiter-donut-height-full\">\n\t<div  class=\"vc_wp_text wpb_content_element\"><div class=\"widget widget_text\">\t\t\t<div class=\"textwidget\"><p><iframe style=\"border: 0; width:100%; height: 120px;\" src=\"https:\/\/bandcamp.com\/EmbeddedPlayer\/album=2112738770\/size=large\/bgcol=ffffff\/linkcol=0687f5\/tracklist=false\/artwork=small\/transparent=true\/\" seamless=\"\"><a href=\"https:\/\/tim-ra.bandcamp.com\/album\/killers-of-cadiz\">KILLERS OF CADIZ von Tim Ra<\/a><\/iframe><\/p>\n<\/div>\n\t\t<\/div><\/div><\/div>\n\n<div class=\"vc_col-sm-3 wpb_column column_container  jupiter-donut- _ jupiter-donut-height-full\">\n\t<\/div>\n\t<\/div>\n\n<\/div>","protected":false},"excerpt":{"rendered":"<p>Mit Killers of C\u00e1diz taucht Tim Ra tief in das Zwielicht des Noir ein und l\u00e4sst sich dabei von der afroamerikanischen und europ\u00e4ischen Jazzmoderne der sp\u00e4ten 1950er Jahre inspirieren. Ausgedehnte orchestrale Texturen legen sich wie Schatten \u00fcber iberische Harmonien, Melodien tauchen auf und verschwinden wieder, w\u00e4hrend eine suchende, eindringliche Trompete als fragile Erz\u00e4hlstimme die sich entfaltenden Szenen leitet.<\/p>","protected":false},"author":1,"featured_media":2052,"parent":0,"menu_order":0,"comment_status":"closed","ping_status":"closed","template":"","meta":{"footnotes":""},"categories":[130],"tags":[],"class_list":["post-1735","page","type-page","status-publish","has-post-thumbnail","hentry","category-label"],"aioseo_notices":[],"_links":{"self":[{"href":"https:\/\/lovelab.berlin\/de\/wp-json\/wp\/v2\/pages\/1735","targetHints":{"allow":["GET"]}}],"collection":[{"href":"https:\/\/lovelab.berlin\/de\/wp-json\/wp\/v2\/pages"}],"about":[{"href":"https:\/\/lovelab.berlin\/de\/wp-json\/wp\/v2\/types\/page"}],"author":[{"embeddable":true,"href":"https:\/\/lovelab.berlin\/de\/wp-json\/wp\/v2\/users\/1"}],"replies":[{"embeddable":true,"href":"https:\/\/lovelab.berlin\/de\/wp-json\/wp\/v2\/comments?post=1735"}],"version-history":[{"count":10,"href":"https:\/\/lovelab.berlin\/de\/wp-json\/wp\/v2\/pages\/1735\/revisions"}],"predecessor-version":[{"id":2179,"href":"https:\/\/lovelab.berlin\/de\/wp-json\/wp\/v2\/pages\/1735\/revisions\/2179"}],"wp:featuredmedia":[{"embeddable":true,"href":"https:\/\/lovelab.berlin\/de\/wp-json\/wp\/v2\/media\/2052"}],"wp:attachment":[{"href":"https:\/\/lovelab.berlin\/de\/wp-json\/wp\/v2\/media?parent=1735"}],"wp:term":[{"taxonomy":"category","embeddable":true,"href":"https:\/\/lovelab.berlin\/de\/wp-json\/wp\/v2\/categories?post=1735"},{"taxonomy":"post_tag","embeddable":true,"href":"https:\/\/lovelab.berlin\/de\/wp-json\/wp\/v2\/tags?post=1735"}],"curies":[{"name":"wp","href":"https:\/\/api.w.org\/{rel}","templated":true}]}}