{"id":1688,"date":"2023-10-18T15:15:02","date_gmt":"2023-10-18T13:15:02","guid":{"rendered":"https:\/\/lovelab.berlin\/?page_id=1688"},"modified":"2026-03-03T14:39:39","modified_gmt":"2026-03-03T13:39:39","slug":"ai-experiment-365","status":"publish","type":"page","link":"https:\/\/lovelab.berlin\/de\/ai-experiment-365\/","title":{"rendered":"Dream 00: KI-Experiment"},"content":{"rendered":"<div class=\"wpb-content-wrapper\">\n<div  data-mk-full-width=\"true\" data-mk-full-width-init=\"false\" data-mk-stretch-content=\"true\" class=\"wpb_row vc_row vc_row-fluid jupiter-donut- mk-fullwidth-true  attched-false     js-master-row  mk-full-content-true\">\n\t\t\t\t\n<div class=\"vc_col-sm-12 wpb_column column_container  jupiter-donut- _ jupiter-donut-height-full\">\n\t\n<div class=\"mk-slideshow mk-flexslider mk-slider js-el  mk-swipe-slideshow-lazyload\"\n\tstyle=\"max-width:3840px; margin-top:0px; margin-bottom:0px;\"\n\tdata-mk-component='SwipeSlideshow'\n\tdata-swipeslideshow-config='{\t\t\"effect\" : \"fade\",\t\t\"displayTime\" : \"7000\",\t\t\"transitionTime\" : \"700\",\t\t\"nav\" : \"#flex-direction-nav-2\",\t\t\"hasNav\" : \"true\",\t\t\"pauseOnHover\" : false,\t\t\"fluidHeight\" :  true}' >\n\n\t<div class=\"mk-swiper-wrapper mk-slider-holder\">\n\n\t\t\t\t\t<div class=\"mk-slider-slide\">\n\t\t\t\t<img decoding=\"async\" class=\"swiper-slide-image\" src=\"https:\/\/lovelab.berlin\/wp-content\/uploads\/bfi_thumb\/dummy-transparent-rjkt18bjukayu603iab3kfbk1whjxkkiicxg55oegw.png\"\n\t\t\t\tdata-mk-image-src-set='{\"default\":\"https:\/\/lovelab.berlin\/wp-content\/uploads\/bfi_thumb\/147-the-last-generation-80x54-1-scaled-qbg4xl9o9q0d4hufr68pd460nvlz2l7283n3hqf5mo.jpg\",\"2x\":false,\"mobile\":\"https:\/\/lovelab.berlin\/wp-content\/uploads\/bfi_thumb\/147-the-last-generation-80x54-1-scaled-qbg4xl8mggohnjeifyjp9hn2bvlpsps3l8mz40lfpk.jpg\",\"responsive\":\"true\"}'\t\t\t\talt=\"\" \/>\n\t\t\t<\/div>\n\n\t\t\t\t\t<div class=\"mk-slider-slide\">\n\t\t\t\t<img decoding=\"async\" class=\"swiper-slide-image\" src=\"https:\/\/lovelab.berlin\/wp-content\/uploads\/bfi_thumb\/dummy-transparent-rjkt18bjukayu603iab3kfbk1whjxkkiicxg55oegw.png\"\n\t\t\t\tdata-mk-image-src-set='{\"default\":\"https:\/\/lovelab.berlin\/wp-content\/uploads\/bfi_thumb\/146-tensions-80x40cm-qbg4xct4k7os806q4kl28oavbero5b9h6xrq68rp6o.jpg\",\"2x\":false,\"mobile\":\"https:\/\/lovelab.berlin\/wp-content\/uploads\/bfi_thumb\/146-tensions-80x40cm-qbg4xcs2qycwr1qstcw251rwzerevfuik2rlsixz9k.jpg\",\"responsive\":\"true\"}'\t\t\t\talt=\"\" \/>\n\t\t\t<\/div>\n\n\t\t\t\t\t<div class=\"mk-slider-slide\">\n\t\t\t\t<img decoding=\"async\" class=\"swiper-slide-image\" src=\"https:\/\/lovelab.berlin\/wp-content\/uploads\/bfi_thumb\/dummy-transparent-rjkt18bjukayu603iab3kfbk1whjxkkiicxg55oegw.png\"\n\t\t\t\tdata-mk-image-src-set='{\"default\":\"https:\/\/lovelab.berlin\/wp-content\/uploads\/bfi_thumb\/150-in-dreams-75x50-1-qbg4xp11125iexoz57v7n37v1f3fxdlzkm91eu9kxs.jpg\",\"2x\":false,\"mobile\":\"https:\/\/lovelab.berlin\/wp-content\/uploads\/bfi_thumb\/150-in-dreams-75x50-1-qbg4xozz7stmxz91u067jgowpf36ni70xr8x14fv0o.jpg\",\"responsive\":\"true\"}'\t\t\t\talt=\"\" \/>\n\t\t\t<\/div>\n\n\t\t\t\t\t<div class=\"mk-slider-slide\">\n\t\t\t\t<img decoding=\"async\" class=\"swiper-slide-image\" src=\"https:\/\/lovelab.berlin\/wp-content\/uploads\/bfi_thumb\/dummy-transparent-rjkt18bjukayu603iab3kfbk1whjxkkiicxg55oegw.png\"\n\t\t\t\tdata-mk-image-src-set='{\"default\":\"https:\/\/lovelab.berlin\/wp-content\/uploads\/bfi_thumb\/151-the-invention-of-hysteria-80x40cm-qbg4xssdseanpdjij9hpx29peykws60wx4uzby408w.jpg\",\"2x\":false,\"mobile\":\"https:\/\/lovelab.berlin\/wp-content\/uploads\/bfi_thumb\/151-the-invention-of-hysteria-80x40cm-qbg4xsrbz4ys8f3l81sptfqr2yknialya9uuy8aabs.jpg\",\"responsive\":\"true\"}'\t\t\t\talt=\"\" \/>\n\t\t\t<\/div>\n\n\t\t\t\t\t<div class=\"mk-slider-slide\">\n\t\t\t\t<img decoding=\"async\" class=\"swiper-slide-image\" src=\"https:\/\/lovelab.berlin\/wp-content\/uploads\/bfi_thumb\/dummy-transparent-rjkt18bjukayu603iab3kfbk1whjxkkiicxg55oegw.png\"\n\t\t\t\tdata-mk-image-src-set='{\"default\":\"https:\/\/lovelab.berlin\/wp-content\/uploads\/bfi_thumb\/beyond-the-divide-slide-invite-qbb4proo8co5xdro2rynaamah19afkzrkd4vupz8sg.jpg\",\"2x\":false,\"mobile\":\"https:\/\/lovelab.berlin\/wp-content\/uploads\/bfi_thumb\/beyond-the-divide-slide-invite-qbb4prnmf3cagfbqrk9n6o3c51915pksxi4rh05ivc.jpg\",\"responsive\":\"true\"}'\t\t\t\talt=\"\" \/>\n\t\t\t<\/div>\n\n\t\t\t\t\t<div class=\"mk-slider-slide\">\n\t\t\t\t<img decoding=\"async\" class=\"swiper-slide-image\" src=\"https:\/\/lovelab.berlin\/wp-content\/uploads\/bfi_thumb\/dummy-transparent-rjkt18bjukayu603iab3kfbk1whjxkkiicxg55oegw.png\"\n\t\t\t\tdata-mk-image-src-set='{\"default\":\"https:\/\/lovelab.berlin\/wp-content\/uploads\/bfi_thumb\/devinefemine-slide-invite-qbb4mntvn2f1jsa57xm1jkufs6klzlnpgzi3qsl3cw.jpg\",\"2x\":false,\"mobile\":\"https:\/\/lovelab.berlin\/wp-content\/uploads\/bfi_thumb\/devinefemine-slide-invite-qbb4mnsttt362tu7wpx1fybhg6kcpq8qu4hzd2rdfs.jpg\",\"responsive\":\"true\"}'\t\t\t\talt=\"\" \/>\n\t\t\t<\/div>\n\n\t\t\t\t\t<div class=\"mk-slider-slide\">\n\t\t\t\t<img decoding=\"async\" class=\"swiper-slide-image\" src=\"https:\/\/lovelab.berlin\/wp-content\/uploads\/bfi_thumb\/dummy-transparent-rjkt18bjukayu603iab3kfbk1whjxkkiicxg55oegw.png\"\n\t\t\t\tdata-mk-image-src-set='{\"default\":\"https:\/\/lovelab.berlin\/wp-content\/uploads\/bfi_thumb\/future-love-fb-qbcsd8ok76ecpsg1cj79bvyo6yn31db4hd55vnwf9c.jpg\",\"2x\":false,\"mobile\":\"https:\/\/lovelab.berlin\/wp-content\/uploads\/bfi_thumb\/future-love-fb-qbcsd8nidx2h8u041bi989fpuymtrhw5ui51hy2pc8.jpg\",\"responsive\":\"true\"}'\t\t\t\talt=\"\" \/>\n\t\t\t<\/div>\n\n\t\t\t\t\t<div class=\"mk-slider-slide\">\n\t\t\t\t<img decoding=\"async\" class=\"swiper-slide-image\" src=\"https:\/\/lovelab.berlin\/wp-content\/uploads\/bfi_thumb\/dummy-transparent-rjkt18bjukayu603iab3kfbk1whjxkkiicxg55oegw.png\"\n\t\t\t\tdata-mk-image-src-set='{\"default\":\"https:\/\/lovelab.berlin\/wp-content\/uploads\/bfi_thumb\/076-onna-oyabun-slide-qbcmfpofo23faqlu78g9wrr25v3cgnm94i0b6si0qo.jpg\",\"2x\":false,\"mobile\":\"https:\/\/lovelab.berlin\/wp-content\/uploads\/bfi_thumb\/076-onna-oyabun-slide-qbcmfpndusrjts5ww0r9t583tv336s7ahn06t2oatk.jpg\",\"responsive\":\"true\"}'\t\t\t\talt=\"\" \/>\n\t\t\t<\/div>\n\n\t\t\t\t\t<div class=\"mk-slider-slide\">\n\t\t\t\t<img decoding=\"async\" class=\"swiper-slide-image\" src=\"https:\/\/lovelab.berlin\/wp-content\/uploads\/bfi_thumb\/dummy-transparent-rjkt18bjukayu603iab3kfbk1whjxkkiicxg55oegw.png\"\n\t\t\t\tdata-mk-image-src-set='{\"default\":\"https:\/\/lovelab.berlin\/wp-content\/uploads\/bfi_thumb\/111-black-lotus-warriors-hahnemuehle-slide-qbcn92711u9psfz6tx4xrd55uyfwsg4jtra2lszigw.jpg\",\"2x\":false,\"mobile\":\"https:\/\/lovelab.berlin\/wp-content\/uploads\/bfi_thumb\/111-black-lotus-warriors-hahnemuehle-slide-qbcn925z8kxubhj9ipfxnqm7iyfnikpl6w9y835sjs.jpg\",\"responsive\":\"true\"}'\t\t\t\talt=\"\" \/>\n\t\t\t<\/div>\n\n\t\t\n\t\t<!-- empty PNG to stretch slider and make it responsive outside of js as the slider adjusts height and width to container sizes  -->\n\t\t<img decoding=\"async\" src=\"https:\/\/lovelab.berlin\/wp-content\/uploads\/bfi_thumb\/dummy-transparent-rjkt18bjukayu603iab3kfbk1whjxkkiicxg55oegw.png\" style=\"visibility: hidden;\" \/>\n\n\t<\/div>\n\n\t\t<ul id=\"flex-direction-nav-2\" class=\"flex-direction-nav\">\n\t\t<li><a class=\"flex-prev\" href=\"#\"  data-direction=\"prev\"><svg  class=\"mk-svg-icon\" data-name=\"mk-jupiter-icon-arrow-left\" data-cacheid=\"icon-69dee851437d3\" xmlns=\"http:\/\/www.w3.org\/2000\/svg\" viewbox=\"0 0 512 512\"><path d=\"M368 505.6c-8 0-16-3.2-22.4-8l-240-225.6c-6.4-6.4-9.6-14.4-9.6-24 0-8 3.2-16 9.6-22.4l240-224c12.8-11.2 33.6-11.2 44.8 1.6 12.8 12.8 11.2 32-1.6 44.8l-214.4 201.6 216 203.2c12.8 11.2 12.8 32 0 44.8-4.8 4.8-14.4 8-22.4 8z\"\/><\/svg><\/a><\/li>\n\t\t<li><a class=\"flex-next\" href=\"#\"  data-direction=\"next\"><svg  class=\"mk-svg-icon\" data-name=\"mk-jupiter-icon-arrow-right\" data-cacheid=\"icon-69dee8514381b\" xmlns=\"http:\/\/www.w3.org\/2000\/svg\" viewbox=\"0 0 512 512\"><path d=\"M144 505.6c8 0 16-3.2 22.4-8l240-225.6c6.4-6.4 9.6-14.4 9.6-22.4s-3.2-16-9.6-22.4l-240-224c-12.8-12.8-32-12.8-44.8 0s-11.2 32 1.6 44.8l214.4 201.6-216 203.2c-12.8 11.2-12.8 32 0 44.8 6.4 4.8 14.4 8 22.4 8z\"\/><\/svg><\/a><\/li>\n\t<\/ul>\n\t<\/div>\n\n\n<div id=\"padding-3\" class=\"mk-padding-divider jupiter-donut-  jupiter-donut-clearfix\"><\/div>\n\n<\/div>\n\t<\/div>\n<div class=\"vc_row-full-width vc_clearfix\"><\/div>\n<div  data-mk-stretch-content=\"true\" class=\"wpb_row vc_row vc_row-fluid jupiter-donut- mk-fullwidth-false  attched-false     js-master-row  mk-grid\">\n\t\t\t\t\n<div class=\"vc_col-sm-12 wpb_column column_container  jupiter-donut- _ jupiter-donut-height-full\">\n\t\t<div class=\"vc_custom_1772545127455\">\n\n<div id=\"text-block-5\" class=\"mk-text-block  jupiter-donut-\">\n\n\t\n\t<h1 style=\"text-align: center;\"><strong>Traum 00: Tim Ra's \u201cAI Experiment\u201d<\/strong><\/h1>\n<h4 style=\"text-align: center;\"><em>365 Tage lang in AI eintauchen<\/em><\/h4>\n\n\t<div class=\"clearboth\"><\/div>\n<\/div>\n\n\t<\/div>\n<\/div>\n\t<\/div>\n\n<div  data-mk-stretch-content=\"true\" class=\"wpb_row vc_row vc_row-fluid jupiter-donut- mk-fullwidth-false  attched-false     js-master-row  mk-grid\">\n\t\t\t\t\n<div class=\"vc_col-sm-6 wpb_column column_container  jupiter-donut- _ jupiter-donut-height-full\">\n\t\n<div id=\"padding-7\" class=\"mk-padding-divider jupiter-donut-  jupiter-donut-clearfix\"><\/div>\n\n\t<div class=\"vc_custom_1698867501605\">\n\n<div id=\"text-block-8\" class=\"mk-text-block  jupiter-donut-\">\n\n\t\n\t<p><em><strong>Vielen Dank f\u00fcr so viel k\u00fcnstlerische Inspiration: Ihre Arbeit ist gro\u00dfartig! Herzlichen Gl\u00fcckwunsch, dass Sie die neue Technologie wirklich in spektakul\u00e4re Kunst verwandelt haben!<\/strong><br \/>\nMark Batson (4xGrammy-Produzent, Dr. Dre, Eminem, Alicia Keys, Beyonc\u00e9, JayZ, Nas, LeannRimes, 50cent)<\/em><\/p>\n<p>Als ich am 9. September 2022 meine ersten Worte in die Text-Bild-KI Dall-E 2 eintippte, ahnte ich noch nicht, wie sehr k\u00fcnstliche Intelligenz mein Leben ver\u00e4ndern w\u00fcrde - ein grundlegender Wandel, \u00e4hnlich wie bei der Geburt meines Sohnes zwei Jahre zuvor.<\/p>\n<p>Mein erster Satz lautete: \u201cSiebdruck, der einen blonden zweij\u00e4hrigen Jungen mit blauen Augen darstellt, der Kopfh\u00f6rer tr\u00e4gt\u201d - frei nach einer Idee des Stra\u00dfenk\u00fcnstlers Txus Parras, der mich w\u00e4hrend meiner Zeit im Kunsthaus Tacheles in den Siebdruck eingef\u00fchrt hatte, ein paar Jahre bevor ich meine ersten Ausstellungen zeitgen\u00f6ssischer visueller und Videokunst in den Defcon Labs in Berlin veranstaltete.<\/p>\n<p>Als ich die ersten von Dall-E erzeugten Bilder sah, war ich \u00fcberw\u00e4ltigt. Sofort wurde mir klar, dass wir Zeugen einer technologischen Revolution sind, die alle Bereiche der menschlichen Produktivit\u00e4t radikal ver\u00e4ndern wird. Eine m\u00e4chtige, aber auch eine gef\u00e4hrliche Technologie. Ich beschloss, ein Jahr lang mit den neuen Werkzeugen zu experimentieren.<\/p>\n<p>Im Netz suchte und fand ich die ersten spezialisierten Gemeinschaften, die nun wie Pilze aus dem Boden schossen und innerhalb weniger Monate von einigen Hundert auf Hunderttausende von Mitgliedern anwuchsen - und die ersten Stars des neuen Genres hervorbrachten. Bald erreichten unsere Postings Millionen, w\u00e4hrend sich die KI-Kunst ihren Weg in private Sammlungen, Galerien und Museen bahnte.<\/p>\n<p>Die neuen KI-Systeme, Dall-E, Midjourney, Stable Diffusion und ChatGPT, wurden meine t\u00e4glichen Begleiter. Morgens, nach Beginn der Kinderbetreuung, nutzte ich sie, um die Tr\u00e4ume, die an die Oberfl\u00e4che gesp\u00fclten Traumata und die Visionen der Nacht zu deuten und zu visualisieren. Die Abende, wenn mein Kleiner nach dem gemeinsamen Spielen m\u00fcde einschlief, verbrachte ich auf meinem Spielplatz in Parallelwelten und den dystopischen und utopischen Szenarien von \u201cWas w\u00e4re wenn\u201d.<\/p>\n\n\t<div class=\"clearboth\"><\/div>\n<\/div>\n\n\t<\/div>\n\t<div class=\"vc_custom_1698867131531\">\n\n<div id=\"text-block-9\" class=\"mk-text-block  jupiter-donut-\">\n\n\t\n\t<a href=\"https:\/\/lovelab.berlin\/wp-content\/uploads\/2023\/11\/the-ai-experiment-final.pdf\" class=\"pdfemb-viewer\" style=\"\" data-width=\"max\" data-height=\"max\" data-toolbar=\"bottom\" data-toolbar-fixed=\"off\">das-ai-experiment-finale<\/a>\n\n\t<div class=\"clearboth\"><\/div>\n<\/div>\n\n\t<\/div>\n\n<div id=\"padding-10\" class=\"mk-padding-divider jupiter-donut-  jupiter-donut-clearfix\"><\/div>\n\n\t<div class=\"vc_custom_1692995463745\">\n\n<div id=\"text-block-11\" class=\"mk-text-block  jupiter-donut-\">\n\n\t\n\t<p><a href=\"http:\/\/youtube.com\/@lovelab.berlin\">Youtube<\/a> | <a href=\"https:\/\/www.facebook.com\/lovelab.berlin\">Facebook<\/a> | <a href=\"http:\/\/instagram.com\/_timra\/\">Instagram<\/a><\/p>\n<p><a href=\"https:\/\/www.facebook.com\/events\/3492360271041634?\">Facebook-Veranstaltung<\/a><\/p>\n<p style=\"text-align: right;\"><strong><em>lovelab.berlin<\/em><\/strong><\/p>\n\n\t<div class=\"clearboth\"><\/div>\n<\/div>\n\n\t<\/div>\n<\/div>\n\n<div class=\"vc_col-sm-6 wpb_column column_container  jupiter-donut- _ jupiter-donut-height-full\">\n\t\n<div id=\"padding-13\" class=\"mk-padding-divider jupiter-donut-  jupiter-donut-clearfix\"><\/div>\n\n<div  class=\"mk-image mk-image-14 jupiter-donut-  mk-image-lazyload align-left simple-frame inside-image\" style=\"margin-bottom:10px\"><div class=\"mk-image-container\" style=\"max-width: 1200px;\"><div  class=\"mk-image-holder\" style=\"max-width: 1200px;\"><div class=\"mk-image-inner\"><img loading=\"lazy\" decoding=\"async\" class=\"lightbox-false\" alt=\"leo\" title=\"leo\" width=\"1200\" height=\"800\" src=\"https:\/\/lovelab.berlin\/wp-content\/uploads\/2023\/08\/leo.jpg\" \/><\/div><\/div><div class=\"clearboth\"><\/div><\/div><\/div>\n<div id=\"padding-15\" class=\"mk-padding-divider jupiter-donut-  jupiter-donut-clearfix\"><\/div>\n\n\t<div class=\"vc_custom_1698867784494\">\n\n<div id=\"text-block-16\" class=\"mk-text-block  jupiter-donut-\">\n\n\t\n\t<p>Schon bald geriet AI unter heftigen Beschuss. Eine Welle bitterer Kritik schwappte durch die KI-Foren und f\u00fchrte zu heftigen, teilweise giftigen Kontroversen. Sicherlich hatten die Kritiker in vielen Punkten Recht: \u00dcber Nacht hatte sich eine Clique von Tech-Feudalisten das kollektive sch\u00f6pferische Erbe der Menschheit angeeignet - ohne einen Cent daf\u00fcr zu bezahlen oder auch nur einen Moment lang \u00fcber die disruptiven Folgen der neuen Technologie nachzudenken.<\/p>\n<p>K\u00fcnstliche Intelligenz hat zweifelsohne das Potenzial, das Leben der Menschen einfacher, sch\u00f6ner, ja besser zu machen. Aber wenn sie unkontrolliert bleibt, kann sie auch katastrophale Folgen haben. Nicht nur durch die Vernichtung von Millionen von Arbeitspl\u00e4tzen. Der Einsatz von KI in der Politik, in der Kriegsf\u00fchrung, in der \u00dcberwachung und in der Biotechnologie erh\u00f6ht die Zerst\u00f6rungskraft der menschlichen Technologie, wie es sonst nur die Atombombe im Jahr 1945 tat.<\/p>\n<p>Nach einem Jahr meines Experiments steht ein Ergebnis fest: Auf das erste Jahr, in dem die kreativen M\u00f6glichkeiten fast st\u00fcndlich zunehmen, wird ein weiteres Jahr KI-infizierter Arbeit folgen. Begleitet wird dies von KI-Workshops, Stammesversammlungen und Ausstellungen, die die transformative Natur der KI im physischen Raum manifestieren - und die \u00d6ffentlichkeit mit Schl\u00fcsselpositionen der neuen globalen Kunstbewegung bekannt machen.<\/p>\n<p>W\u00e4hrend ich diese Zeilen schreibe, vermischt sich das Lachen meines Sohnes mit den digitalen Motiven, die \u00fcber den Bildschirm tanzen, und erinnert mich an das sch\u00f6ne Nebeneinander von Organischem und K\u00fcnstlichem. Das Aufkommen der k\u00fcnstlichen Intelligenz hat die T\u00fcren zu einem Bereich voller unendlicher M\u00f6glichkeiten aufgesto\u00dfen, und es liegt an uns, diesen Bereich verantwortungsvoll zu steuern und sein Potenzial zum Wohle k\u00fcnftiger Generationen zu nutzen.<\/p>\n<p>Mit Liebe,<br \/>\nTim Ra<\/p>\n<p><strong>\u00dcber Tim Ra<\/strong><br \/>\nDer in Ann Arbor, Michigan, geborene Tim Ra arbeitet seit 25 Jahren an der Schnittstelle von Musik, Kunst und Technologie. Mit einem Werk, das Club-, Pop- und Hip-Hop-Ver\u00f6ffentlichungen, Buchver\u00f6ffentlichungen mit Max Dax sowie zeitgen\u00f6ssische visuelle und Videokunst umfasst, zeigt er sich nun als Reisender in der Welt der KI.<\/p>\n<p><strong>Katalog herunterladen:<\/strong><br \/>\n<a href=\"https:\/\/lovelab.berlin\/wp-content\/uploads\/2023\/11\/the-ai-experiment-final.pdf\">Das KI Experiment<\/a><\/p>\n\n\t<div class=\"clearboth\"><\/div>\n<\/div>\n\n\t<\/div>\n<\/div>\n\t<\/div>\n\n<\/div>","protected":false},"excerpt":{"rendered":"<p>In den vergangenen 365 Tagen hat sich Tim Ra auf eine fantastische Reise in die k\u00fcnstliche Intelligenz begeben, um das \u00e4sthetische, kulturelle und soziale Gef\u00fcge der KI-Kunst zu erforschen und Millionen von Menschen in den sozialen Medien mit herausfordernden und ermutigenden Botschaften zu erreichen.<\/p>","protected":false},"author":1,"featured_media":1692,"parent":0,"menu_order":0,"comment_status":"closed","ping_status":"closed","template":"","meta":{"footnotes":""},"categories":[92],"tags":[],"class_list":["post-1688","page","type-page","status-publish","has-post-thumbnail","hentry","category-events"],"aioseo_notices":[],"_links":{"self":[{"href":"https:\/\/lovelab.berlin\/de\/wp-json\/wp\/v2\/pages\/1688","targetHints":{"allow":["GET"]}}],"collection":[{"href":"https:\/\/lovelab.berlin\/de\/wp-json\/wp\/v2\/pages"}],"about":[{"href":"https:\/\/lovelab.berlin\/de\/wp-json\/wp\/v2\/types\/page"}],"author":[{"embeddable":true,"href":"https:\/\/lovelab.berlin\/de\/wp-json\/wp\/v2\/users\/1"}],"replies":[{"embeddable":true,"href":"https:\/\/lovelab.berlin\/de\/wp-json\/wp\/v2\/comments?post=1688"}],"version-history":[{"count":7,"href":"https:\/\/lovelab.berlin\/de\/wp-json\/wp\/v2\/pages\/1688\/revisions"}],"predecessor-version":[{"id":2342,"href":"https:\/\/lovelab.berlin\/de\/wp-json\/wp\/v2\/pages\/1688\/revisions\/2342"}],"wp:featuredmedia":[{"embeddable":true,"href":"https:\/\/lovelab.berlin\/de\/wp-json\/wp\/v2\/media\/1692"}],"wp:attachment":[{"href":"https:\/\/lovelab.berlin\/de\/wp-json\/wp\/v2\/media?parent=1688"}],"wp:term":[{"taxonomy":"category","embeddable":true,"href":"https:\/\/lovelab.berlin\/de\/wp-json\/wp\/v2\/categories?post=1688"},{"taxonomy":"post_tag","embeddable":true,"href":"https:\/\/lovelab.berlin\/de\/wp-json\/wp\/v2\/tags?post=1688"}],"curies":[{"name":"wp","href":"https:\/\/api.w.org\/{rel}","templated":true}]}}