{"id":1597,"date":"2023-08-20T22:21:46","date_gmt":"2023-08-20T20:21:46","guid":{"rendered":"https:\/\/lovelab.berlin\/?page_id=1597"},"modified":"2023-08-23T23:49:08","modified_gmt":"2023-08-23T21:49:08","slug":"psychonauts","status":"publish","type":"page","link":"https:\/\/lovelab.berlin\/de\/psychonauts\/","title":{"rendered":"Psychonauts"},"content":{"rendered":"<div class=\"wpb-content-wrapper\">\n<div  data-mk-full-width=\"true\" data-mk-full-width-init=\"false\" data-mk-stretch-content=\"true\" class=\"wpb_row vc_row vc_row-fluid jupiter-donut- mk-fullwidth-true  attched-false     js-master-row  mk-full-content-true\">\n\t\t\t\t\n<div class=\"vc_col-sm-2 wpb_column column_container  jupiter-donut- _ jupiter-donut-height-full\">\n\t<\/div>\n\n<div class=\"vc_col-sm-8 wpb_column column_container  jupiter-donut- _ jupiter-donut-height-full\">\n\t\n<div class=\"mk-slideshow mk-flexslider mk-slider js-el  mk-swipe-slideshow-lazyload\"\n\tstyle=\"max-width:1920px; margin-top:0px; margin-bottom:0px;\"\n\tdata-mk-component='SwipeSlideshow'\n\tdata-swipeslideshow-config='{\t\t\"effect\" : \"fade\",\t\t\"displayTime\" : \"4500\",\t\t\"transitionTime\" : \"900\",\t\t\"nav\" : \"#flex-direction-nav-3\",\t\t\"hasNav\" : \"true\",\t\t\"pauseOnHover\" : true,\t\t\"fluidHeight\" :  true}' >\n\n\t<div class=\"mk-swiper-wrapper mk-slider-holder\">\n\n\t\t\t\t\t<div class=\"mk-slider-slide\">\n\t\t\t\t<img decoding=\"async\" class=\"swiper-slide-image\" src=\"https:\/\/lovelab.berlin\/wp-content\/uploads\/bfi_thumb\/dummy-transparent-rjkt18awgjtw6f91s5zyo73wetbcejikibhxqcq2vq.png\"\n\t\t\t\tdata-mk-image-src-set='{\"default\":\"https:\/\/lovelab.berlin\/wp-content\/uploads\/bfi_thumb\/psychonauts-1-qbcnsn5c1klp08s4r9jzt717quqzmetain4q4izx92.jpg\",\"2x\":\"https:\/\/lovelab.berlin\/wp-content\/uploads\/bfi_thumb\/psychonauts-1-qbcnsn5zfla15n5khm6rbueepaii1hqk3tzr8jrlt8.jpg\",\"mobile\":\"https:\/\/lovelab.berlin\/wp-content\/uploads\/bfi_thumb\/psychonauts-1-7b5ilyfdc9j5983wkho8o26uoibs3m4ay6hh4uw57bk.jpg\",\"responsive\":\"true\"}'\t\t\t\talt=\"\" \/>\n\t\t\t<\/div>\n\n\t\t\t\t\t<div class=\"mk-slider-slide\">\n\t\t\t\t<img decoding=\"async\" class=\"swiper-slide-image\" src=\"https:\/\/lovelab.berlin\/wp-content\/uploads\/bfi_thumb\/dummy-transparent-rjkt18awgjtw6f91s5zyo73wetbcejikibhxqcq2vq.png\"\n\t\t\t\tdata-mk-image-src-set='{\"default\":\"https:\/\/lovelab.berlin\/wp-content\/uploads\/bfi_thumb\/psychonauts-2-qbcnstq7deup9iikouedsndfwjuk4ajevjp4hgq61i.jpg\",\"2x\":\"https:\/\/lovelab.berlin\/wp-content\/uploads\/bfi_thumb\/psychonauts-2-qbcnstqurfj1eww0f715baqmuzm2jdgogqk5lhhulo.jpg\",\"mobile\":\"https:\/\/lovelab.berlin\/wp-content\/uploads\/bfi_thumb\/psychonauts-2-7b5im0961jxnbst8ztgojwq8y3arskxk5rj54g9fn80.jpg\",\"responsive\":\"true\"}'\t\t\t\talt=\"\" \/>\n\t\t\t<\/div>\n\n\t\t\t\t\t<div class=\"mk-slider-slide\">\n\t\t\t\t<img decoding=\"async\" class=\"swiper-slide-image\" src=\"https:\/\/lovelab.berlin\/wp-content\/uploads\/bfi_thumb\/dummy-transparent-rjkt18awgjtw6f91s5zyo73wetbcejikibhxqcq2vq.png\"\n\t\t\t\tdata-mk-image-src-set='{\"default\":\"https:\/\/lovelab.berlin\/wp-content\/uploads\/bfi_thumb\/psychonauts-3-qbcnsig53ef9e6yyipiuyq7wrxe5jxamtzvaq56w46.jpg\",\"2x\":\"https:\/\/lovelab.berlin\/wp-content\/uploads\/bfi_thumb\/psychonauts-3-qbcnsigshf3ljlce925mhdl3qd5nz07wf6qbu5ykoc.jpg\",\"mobile\":\"https:\/\/lovelab.berlin\/wp-content\/uploads\/bfi_thumb\/psychonauts-3-7b5ilx4dertcx3lsu43xblipmt27qx94dc0uuv22vyo.jpg\",\"responsive\":\"true\"}'\t\t\t\talt=\"\" \/>\n\t\t\t<\/div>\n\n\t\t\t\t\t<div class=\"mk-slider-slide\">\n\t\t\t\t<img decoding=\"async\" class=\"swiper-slide-image\" src=\"https:\/\/lovelab.berlin\/wp-content\/uploads\/bfi_thumb\/dummy-transparent-rjkt18awgjtw6f91s5zyo73wetbcejikibhxqcq2vq.png\"\n\t\t\t\tdata-mk-image-src-set='{\"default\":\"https:\/\/lovelab.berlin\/wp-content\/uploads\/bfi_thumb\/psychonauts-4-qbcnseosc2a43r4f4nwcor62edwop4vphh9ct1cgt2.jpg\",\"2x\":\"https:\/\/lovelab.berlin\/wp-content\/uploads\/bfi_thumb\/psychonauts-4-qbcnsepfq2yg95huv0j47ej9cto747sz2o4dx245d8.jpg\",\"mobile\":\"https:\/\/lovelab.berlin\/wp-content\/uploads\/bfi_thumb\/psychonauts-4-7b5ilw2rv6fxg77bg7no8ts771nd2dcz3uurfnzmmvk.jpg\",\"responsive\":\"true\"}'\t\t\t\talt=\"\" \/>\n\t\t\t<\/div>\n\n\t\t\t\t\t<div class=\"mk-slider-slide\">\n\t\t\t\t<img decoding=\"async\" class=\"swiper-slide-image\" src=\"https:\/\/lovelab.berlin\/wp-content\/uploads\/bfi_thumb\/dummy-transparent-rjkt18awgjtw6f91s5zyo73wetbcejikibhxqcq2vq.png\"\n\t\t\t\tdata-mk-image-src-set='{\"default\":\"https:\/\/lovelab.berlin\/wp-content\/uploads\/bfi_thumb\/psychonauts-5-qbcnsaxfkq4ytb9vqm9ues480uf7ucgs4ynevxi1hy.jpg\",\"2x\":\"https:\/\/lovelab.berlin\/wp-content\/uploads\/bfi_thumb\/psychonauts-5-qbcnsay2yqtaypnbgywlxfheza6q9fe1q5ifzy9q24.jpg\",\"mobile\":\"https:\/\/lovelab.berlin\/wp-content\/uploads\/bfi_thumb\/psychonauts-5-7b5ilv16bl2hzasu2b7f621ora8idtgtudoo0gx6dsg.jpg\",\"responsive\":\"true\"}'\t\t\t\talt=\"\" \/>\n\t\t\t<\/div>\n\n\t\t\t\t\t<div class=\"mk-slider-slide\">\n\t\t\t\t<img decoding=\"async\" class=\"swiper-slide-image\" src=\"https:\/\/lovelab.berlin\/wp-content\/uploads\/bfi_thumb\/dummy-transparent-rjkt18awgjtw6f91s5zyo73wetbcejikibhxqcq2vq.png\"\n\t\t\t\tdata-mk-image-src-set='{\"default\":\"https:\/\/lovelab.berlin\/wp-content\/uploads\/bfi_thumb\/psychonauts-6-qbcnsyfebl14vkbqxefin46qvh7e6s22k6yjvuj76e.jpg\",\"2x\":\"https:\/\/lovelab.berlin\/wp-content\/uploads\/bfi_thumb\/psychonauts-6-qbcnsyg1plph0yp6nr2a5rjxtwywluzc5dtkzvavqk.jpg\",\"mobile\":\"https:\/\/lovelab.berlin\/wp-content\/uploads\/bfi_thumb\/psychonauts-6-7b5im1k5z1nfnxbcq70zwdedzskc59sqqlzreg3hykw.jpg\",\"responsive\":\"true\"}'\t\t\t\talt=\"\" \/>\n\t\t\t<\/div>\n\n\t\t\n\t\t<!-- empty PNG to stretch slider and make it responsive outside of js as the slider adjusts height and width to container sizes  -->\n\t\t<img decoding=\"async\" src=\"https:\/\/lovelab.berlin\/wp-content\/uploads\/bfi_thumb\/dummy-transparent-rjkt18awgjtw6f91s5zyo73wetbcejikibhxqcq2vq.png\" style=\"visibility: hidden;\" \/>\n\n\t<\/div>\n\n\t\t<ul id=\"flex-direction-nav-3\" class=\"flex-direction-nav\">\n\t\t<li><a class=\"flex-prev\" href=\"#\"  data-direction=\"prev\"><svg  class=\"mk-svg-icon\" data-name=\"mk-jupiter-icon-arrow-left\" data-cacheid=\"icon-69e4a858c5c96\" xmlns=\"http:\/\/www.w3.org\/2000\/svg\" viewbox=\"0 0 512 512\"><path d=\"M368 505.6c-8 0-16-3.2-22.4-8l-240-225.6c-6.4-6.4-9.6-14.4-9.6-24 0-8 3.2-16 9.6-22.4l240-224c12.8-11.2 33.6-11.2 44.8 1.6 12.8 12.8 11.2 32-1.6 44.8l-214.4 201.6 216 203.2c12.8 11.2 12.8 32 0 44.8-4.8 4.8-14.4 8-22.4 8z\"\/><\/svg><\/a><\/li>\n\t\t<li><a class=\"flex-next\" href=\"#\"  data-direction=\"next\"><svg  class=\"mk-svg-icon\" data-name=\"mk-jupiter-icon-arrow-right\" data-cacheid=\"icon-69e4a858c5cdc\" xmlns=\"http:\/\/www.w3.org\/2000\/svg\" viewbox=\"0 0 512 512\"><path d=\"M144 505.6c8 0 16-3.2 22.4-8l240-225.6c6.4-6.4 9.6-14.4 9.6-22.4s-3.2-16-9.6-22.4l-240-224c-12.8-12.8-32-12.8-44.8 0s-11.2 32 1.6 44.8l214.4 201.6-216 203.2c-12.8 11.2-12.8 32 0 44.8 6.4 4.8 14.4 8 22.4 8z\"\/><\/svg><\/a><\/li>\n\t<\/ul>\n\t<\/div>\n\n<\/div>\n\n<div class=\"vc_col-sm-2 wpb_column column_container  jupiter-donut- _ jupiter-donut-height-full\">\n\t<\/div>\n\t<\/div>\n<div class=\"vc_row-full-width vc_clearfix\"><\/div>\n<div  data-mk-stretch-content=\"true\" class=\"wpb_row vc_row vc_row-fluid jupiter-donut- mk-fullwidth-false  attched-false     js-master-row  mk-grid\">\n\t\t\t\t\n<div class=\"vc_col-sm-4 wpb_column column_container  jupiter-donut- _ jupiter-donut-height-full\">\n\t<\/div>\n\n<div class=\"vc_col-sm-4 wpb_column column_container  jupiter-donut- _ jupiter-donut-height-full\">\n\t<style>#mk-title-box-7 {font-family: \"Roboto\"}<\/style>\n<h3  id=\"mk-title-box-7\" class=\"mk-title-box jupiter-donut-clearfix  jupiter-donut-\">\n\t<span><strong>Psychonauts | Tim Ra<br \/>\n<\/strong><\/span>\n<\/h3>\n\n\t<div class=\"vc_custom_1692822958634\">\n\n<div id=\"text-block-8\" class=\"mk-text-block  jupiter-donut-\">\n\n\t\n\t<p>Am Rande eines Atomkriegs begibt sich eine Gruppe erfahrener Psychonauten auf eine bizarre Mission, um die Struktur der Realit\u00e4t selbst zu ver\u00e4ndern - und durchquert in einem gl\u00e4nzenden Glasschiff die geheimnisvollen Tiefen der Unterwasserwelt. Schamanen, Biotechnologen und vision\u00e4re Pasajeros, Menschen aus allen Ecken der Welt, sind durch ein einziges Ziel vereint: die Menschheit vor ihrer eigenen drohenden Selbstzerst\u00f6rung zu retten.<\/p>\n<p>Jahrelange Hingabe an schamanische Praktiken haben ihren Geist und K\u00f6rper f\u00fcr diese ehrfurchtgebietende Aufgabe gesch\u00e4rft. Ausgestattet mit modernster Biotechnologie, angetrieben durch die starke Kraft der Pflanzenmedizin, verf\u00fcgen sie \u00fcber die Mittel, die F\u00e4higkeiten und die Weisheit, das scheinbar Unm\u00f6gliche zu erreichen: die \u00d6ffnung eines interdimensionalen Wirbels, der unsere Realit\u00e4t mit einer parallelen Dimension verschmilzt.<\/p>\n<p>Unter der Anleitung der Schamanen tauchen die Psychonauten in eine kollektive Trance ein, ihre Sinne sind gesch\u00e4rft, w\u00e4hrend sie in die tiefsten Abgr\u00fcnde der menschlichen Psyche reisen. Sie werden mit den schlimmsten Traumata konfrontiert, die die menschliche Ethnie geplagt haben, und werden Zeugen der dunkelsten Aspekte der menschlichen Vergangenheit und Gegenwart.<\/p>\n<p>Inmitten der Dunkelheit entfaltet sich vor ihren Augen eine atemberaubende Vision eines Neuanfangs. Voller Hoffnung und Zielstrebigkeit treten die Psychonauten in den interdimensionalen Wirbel ein und entfesseln eine Kraft, die tausend Sonnen gleicht.<\/p>\n<p><em>Dieses Storyboard basiert auf einem intensiven Traum \u00fcber einen Atomkrieg, den ich vor einigen Monaten hatte, wahrscheinlich ausgel\u00f6st durch die Angst, dass der Krieg in Osteuropa au\u00dfer Kontrolle ger\u00e4t. Obwohl mein Traum komplizierter und d\u00fcsterer war als die daraus resultierende Visualisierung, fand ich es ungemein befriedigend, die Handlung auf das Wesentliche zu reduzieren und dabei mit zahllosen Spr\u00fcchen und Bildern zu experimentieren, einen visuellen Stil zu entwickeln und einige meiner Lieblingsmusik- und Filmikonen heranzuziehen, um ein Gef\u00fchl der Zusammengeh\u00f6rigkeit zu schaffen. <\/em><\/p>\n<p style=\"text-align: right;\">-Tim Ra<\/p>\n\n\t<div class=\"clearboth\"><\/div>\n<\/div>\n\n\t<\/div>\n<\/div>\n\n<div class=\"vc_col-sm-4 wpb_column column_container  jupiter-donut- _ jupiter-donut-height-full\">\n\t<\/div>\n\t<\/div>\n\n<\/div>","protected":false},"excerpt":{"rendered":"<p>Am Rande eines Atomkriegs begibt sich eine Gruppe erfahrener Psychonauten auf eine bizarre Mission, um die Struktur der Realit\u00e4t selbst zu ver\u00e4ndern.<\/p>","protected":false},"author":1,"featured_media":1606,"parent":0,"menu_order":0,"comment_status":"closed","ping_status":"closed","template":"","meta":{"footnotes":""},"categories":[124],"tags":[],"class_list":["post-1597","page","type-page","status-publish","has-post-thumbnail","hentry","category-works"],"aioseo_notices":[],"_links":{"self":[{"href":"https:\/\/lovelab.berlin\/de\/wp-json\/wp\/v2\/pages\/1597","targetHints":{"allow":["GET"]}}],"collection":[{"href":"https:\/\/lovelab.berlin\/de\/wp-json\/wp\/v2\/pages"}],"about":[{"href":"https:\/\/lovelab.berlin\/de\/wp-json\/wp\/v2\/types\/page"}],"author":[{"embeddable":true,"href":"https:\/\/lovelab.berlin\/de\/wp-json\/wp\/v2\/users\/1"}],"replies":[{"embeddable":true,"href":"https:\/\/lovelab.berlin\/de\/wp-json\/wp\/v2\/comments?post=1597"}],"version-history":[{"count":6,"href":"https:\/\/lovelab.berlin\/de\/wp-json\/wp\/v2\/pages\/1597\/revisions"}],"predecessor-version":[{"id":1630,"href":"https:\/\/lovelab.berlin\/de\/wp-json\/wp\/v2\/pages\/1597\/revisions\/1630"}],"wp:featuredmedia":[{"embeddable":true,"href":"https:\/\/lovelab.berlin\/de\/wp-json\/wp\/v2\/media\/1606"}],"wp:attachment":[{"href":"https:\/\/lovelab.berlin\/de\/wp-json\/wp\/v2\/media?parent=1597"}],"wp:term":[{"taxonomy":"category","embeddable":true,"href":"https:\/\/lovelab.berlin\/de\/wp-json\/wp\/v2\/categories?post=1597"},{"taxonomy":"post_tag","embeddable":true,"href":"https:\/\/lovelab.berlin\/de\/wp-json\/wp\/v2\/tags?post=1597"}],"curies":[{"name":"wp","href":"https:\/\/api.w.org\/{rel}","templated":true}]}}