{"id":1583,"date":"2023-08-21T21:48:25","date_gmt":"2023-08-21T19:48:25","guid":{"rendered":"https:\/\/lovelab.berlin\/?page_id=1583"},"modified":"2023-08-23T23:49:21","modified_gmt":"2023-08-23T21:49:21","slug":"schwarze-lotuskriegerinnen","status":"publish","type":"page","link":"https:\/\/lovelab.berlin\/de\/black-lotus-warriors\/","title":{"rendered":"Schwarzer Lotus-Kriegerinnen"},"content":{"rendered":"<div class=\"wpb-content-wrapper\">\n<div  data-mk-full-width=\"true\" data-mk-full-width-init=\"false\" data-mk-stretch-content=\"true\" class=\"wpb_row vc_row vc_row-fluid jupiter-donut- mk-fullwidth-true  attched-false     js-master-row  mk-full-content-true\">\n\t\t\t\t\n<div class=\"vc_col-sm-12 wpb_column column_container  jupiter-donut- _ jupiter-donut-height-full\">\n\t\n<div class=\"mk-slideshow mk-flexslider mk-slider js-el  mk-swipe-slideshow-lazyload\"\n\tstyle=\"max-width:4096px; margin-top:0px; margin-bottom:0px;\"\n\tdata-mk-component='SwipeSlideshow'\n\tdata-swipeslideshow-config='{\t\t\"effect\" : \"fade\",\t\t\"displayTime\" : \"3000\",\t\t\"transitionTime\" : \"700\",\t\t\"nav\" : \"#flex-direction-nav-2\",\t\t\"hasNav\" : \"true\",\t\t\"pauseOnHover\" : false,\t\t\"fluidHeight\" :  true}' >\n\n\t<div class=\"mk-swiper-wrapper mk-slider-holder\">\n\n\t\t\t\t\t<div class=\"mk-slider-slide\">\n\t\t\t\t<img decoding=\"async\" class=\"swiper-slide-image\" src=\"https:\/\/lovelab.berlin\/wp-content\/uploads\/bfi_thumb\/dummy-transparent-rjkt18bmyu2vi1r5bospcymm3c2tm6ruf4kmw2sdb4.png\"\n\t\t\t\tdata-mk-image-src-set='{\"default\":\"https:\/\/lovelab.berlin\/wp-content\/uploads\/bfi_thumb\/113-black-lotus-warriors-hahnemuehle-slide-qbcn8la0r3egncete4b9b0px7gckmigpo76ipqskf4.jpg\",\"2x\":false,\"mobile\":\"https:\/\/lovelab.berlin\/wp-content\/uploads\/bfi_thumb\/113-black-lotus-warriors-hahnemuehle-slide-213j4jv0oel9w73zsnc76irhdbdghdhjybi4220j1c88.jpg\",\"responsive\":\"true\"}'\t\t\t\talt=\"\" \/>\n\t\t\t<\/div>\n\n\t\t\t\t\t<div class=\"mk-slider-slide\">\n\t\t\t\t<img decoding=\"async\" class=\"swiper-slide-image\" src=\"https:\/\/lovelab.berlin\/wp-content\/uploads\/bfi_thumb\/dummy-transparent-rjkt18bmyu2vi1r5bospcymm3c2tm6ruf4kmw2sdb4.png\"\n\t\t\t\tdata-mk-image-src-set='{\"default\":\"https:\/\/lovelab.berlin\/wp-content\/uploads\/bfi_thumb\/112-black-lotus-warriors-hahnemuehle-slide-qbcn8uoenfrbvg15v8dizycj5b28rhi11hpdiiemow.jpg\",\"2x\":false,\"mobile\":\"https:\/\/lovelab.berlin\/wp-content\/uploads\/bfi_thumb\/112-black-lotus-warriors-hahnemuehle-slide-213j4kl4n0flmxm1vavhhg0w69ersfavlwfcflx8bne0.jpg\",\"responsive\":\"true\"}'\t\t\t\talt=\"\" \/>\n\t\t\t<\/div>\n\n\t\t\t\t\t<div class=\"mk-slider-slide\">\n\t\t\t\t<img decoding=\"async\" class=\"swiper-slide-image\" src=\"https:\/\/lovelab.berlin\/wp-content\/uploads\/bfi_thumb\/dummy-transparent-rjkt18bmyu2vi1r5bospcymm3c2tm6ruf4kmw2sdb4.png\"\n\t\t\t\tdata-mk-image-src-set='{\"default\":\"https:\/\/lovelab.berlin\/wp-content\/uploads\/bfi_thumb\/111-black-lotus-warriors-hahnemuehle-slide-qbcn9274641mgbq8nbmjjwg7we16h2bvqix9cq3hb4.jpg\",\"2x\":false,\"mobile\":\"https:\/\/lovelab.berlin\/wp-content\/uploads\/bfi_thumb\/111-black-lotus-warriors-hahnemuehle-slide-213j4l60lwb28bm3j0wiizfmf0n0u2cqj5yqc1ulcp48.jpg\",\"responsive\":\"true\"}'\t\t\t\talt=\"\" \/>\n\t\t\t<\/div>\n\n\t\t\t\t\t<div class=\"mk-slider-slide\">\n\t\t\t\t<img decoding=\"async\" class=\"swiper-slide-image\" src=\"https:\/\/lovelab.berlin\/wp-content\/uploads\/bfi_thumb\/dummy-transparent-rjkt18bmyu2vi1r5bospcymm3c2tm6ruf4kmw2sdb4.png\"\n\t\t\t\tdata-mk-image-src-set='{\"default\":\"https:\/\/lovelab.berlin\/wp-content\/uploads\/bfi_thumb\/153-black-lotus-warriors-slide-qbcn97u5b49cdzi1qe2ayv0zgp9dr8y9rau68dv49s.jpg\",\"2x\":false,\"mobile\":\"https:\/\/lovelab.berlin\/wp-content\/uploads\/bfi_thumb\/153-black-lotus-warriors-slide-213j4llol27nod44rtfab4zo3l27man4q449rdsm4hew.jpg\",\"responsive\":\"true\"}'\t\t\t\talt=\"\" \/>\n\t\t\t<\/div>\n\n\t\t\n\t\t<!-- empty PNG to stretch slider and make it responsive outside of js as the slider adjusts height and width to container sizes  -->\n\t\t<img decoding=\"async\" src=\"https:\/\/lovelab.berlin\/wp-content\/uploads\/bfi_thumb\/dummy-transparent-rjkt18bmyu2vi1r5bospcymm3c2tm6ruf4kmw2sdb4.png\" style=\"visibility: hidden;\" \/>\n\n\t<\/div>\n\n\t\t<ul id=\"flex-direction-nav-2\" class=\"flex-direction-nav\">\n\t\t<li><a class=\"flex-prev\" href=\"#\"  data-direction=\"prev\"><svg  class=\"mk-svg-icon\" data-name=\"mk-jupiter-icon-arrow-left\" data-cacheid=\"icon-69e0891337ecf\" xmlns=\"http:\/\/www.w3.org\/2000\/svg\" viewbox=\"0 0 512 512\"><path d=\"M368 505.6c-8 0-16-3.2-22.4-8l-240-225.6c-6.4-6.4-9.6-14.4-9.6-24 0-8 3.2-16 9.6-22.4l240-224c12.8-11.2 33.6-11.2 44.8 1.6 12.8 12.8 11.2 32-1.6 44.8l-214.4 201.6 216 203.2c12.8 11.2 12.8 32 0 44.8-4.8 4.8-14.4 8-22.4 8z\"\/><\/svg><\/a><\/li>\n\t\t<li><a class=\"flex-next\" href=\"#\"  data-direction=\"next\"><svg  class=\"mk-svg-icon\" data-name=\"mk-jupiter-icon-arrow-right\" data-cacheid=\"icon-69e0891337f1d\" xmlns=\"http:\/\/www.w3.org\/2000\/svg\" viewbox=\"0 0 512 512\"><path d=\"M144 505.6c8 0 16-3.2 22.4-8l240-225.6c6.4-6.4 9.6-14.4 9.6-22.4s-3.2-16-9.6-22.4l-240-224c-12.8-12.8-32-12.8-44.8 0s-11.2 32 1.6 44.8l214.4 201.6-216 203.2c-12.8 11.2-12.8 32 0 44.8 6.4 4.8 14.4 8 22.4 8z\"\/><\/svg><\/a><\/li>\n\t<\/ul>\n\t<\/div>\n\n<\/div>\n\t<\/div>\n<div class=\"vc_row-full-width vc_clearfix\"><\/div>\n<div  data-mk-stretch-content=\"true\" class=\"wpb_row vc_row vc_row-fluid jupiter-donut- mk-fullwidth-false  attched-false     js-master-row  mk-grid\">\n\t\t\t\t\n<div class=\"vc_col-sm-4 wpb_column column_container  jupiter-donut- _ jupiter-donut-height-full\">\n\t<\/div>\n\n<div class=\"vc_col-sm-4 wpb_column column_container  jupiter-donut- _ jupiter-donut-height-full\">\n\t<style>#mk-title-box-5 {font-family: \"Roboto\"}<\/style>\n<h3  id=\"mk-title-box-5\" class=\"mk-title-box jupiter-donut-clearfix  jupiter-donut-\">\n\t<span><strong>Schwarzer Lotus-Kriegerinnen | Tim Ra<br \/>\n<\/strong><\/span>\n<\/h3>\n\n\t<div class=\"vc_custom_1692821045930\">\n\n<div id=\"text-block-6\" class=\"mk-text-block  jupiter-donut-\">\n\n\t\n\t<p>Die Black Lotus Warriors sind unterwegs und sch\u00e4rfen ihre Klingen, um die Stra\u00dfen von Tokio zu bewachen. Als Nachfahren von Yasuke, dem ersten schwarzen Samurai, patrouillieren sie mit h\u00f6chster Wachsamkeit durch die Stadt - und wenn n\u00f6tig mit t\u00f6dlicher Gewalt. Niemand, der sich mit den Kriegern des Schwarzen Lotus anlegt, \u00fcberlebt die Geschichte. Sie sind Besch\u00fctzer, immer bereit zuzuschlagen.<\/p>\n<p><em>*W\u00e4hrend Yasuke, der im Japan des 16. Jahrhunderts lebte, eine dokumentierte historische Figur ist, sind die Black Lotus Warriors ein Werk der Fiktion. <\/em><\/p>\n<p><em>**Diese Serie ist eine beispielhafte Manifestation des sozialen Gef\u00fcges der KI-Kunst. Sie portr\u00e4tiert eine fiktive Gruppe afro-asiatischer Samurai-Krieger, die als Nachkommen von Yasuke, dem ersten schwarzen Samurai, einer realen historischen Figur, vorgestellt werden. Die Botschaft des weiblichen Empowerments erreichte Millionen von Menschen und l\u00f6ste eine intensive Debatte \u00fcber kulturelle Identit\u00e4t aus.<\/em><\/p>\n<p><em>Auf Afrofuturism Central, wo ich regelm\u00e4\u00dfig Beitr\u00e4ge schreibe, wurde die Geschichte von Yasuke, der einer Interpretation zufolge im Japan des 16. Jahrhunderts vom Sklaven zum Samurai aufstieg, der vielschichtigen Geschichte von Afrikanern gegen\u00fcbergestellt, die als H\u00e4ndler, Ingenieure, Diplomaten und Wissenschaftler die Welt bereisten. Niemand soll Yasuke einen Sklaven nennen! Die Serie inspirierte auch zahlreiche K\u00fcnstler zu Neuinterpretationen, Umbenennungen und kreativen Wiederaneignungen. Eine Interpretation sah in den Afrikanern sogar die wahren Urheber der asiatischen Kultur - eine k\u00fchne Behauptung, die in der asiatischen Gemeinschaft f\u00fcr Kopfsch\u00fctteln sorgte.<\/em><\/p>\n<p><em>Menschen aus aller Welt dankten mir daf\u00fcr, dass ich gesehen wurde - darunter auch viele Frauen aus der afro-asiatischen Gemeinschaft. Es war, als ob die Kunst selbst gesprochen und die Welt zugeh\u00f6rt h\u00e4tte - und ich f\u00fchlte mich bereichert, aufgekl\u00e4rt und sensibilisiert f\u00fcr Unterschiede, die einen Unterschied machen.<\/em><\/p>\n\n\t<div class=\"clearboth\"><\/div>\n<\/div>\n\n\t<\/div>\n<\/div>\n\n<div class=\"vc_col-sm-4 wpb_column column_container  jupiter-donut- _ jupiter-donut-height-full\">\n\t<\/div>\n\t<\/div>\n\n<\/div>","protected":false},"excerpt":{"rendered":"<p>The Black Lotus Warriors are on the move, sharpening their blades guarding the streets of Tokyo. Descendants of Yasuke, the first black Samurai, they patrol the city with acute alertness &#8211; and deadly force when necessary. <\/p>","protected":false},"author":1,"featured_media":1592,"parent":0,"menu_order":0,"comment_status":"closed","ping_status":"closed","template":"","meta":{"footnotes":""},"categories":[124],"tags":[],"class_list":["post-1583","page","type-page","status-publish","has-post-thumbnail","hentry","category-works"],"aioseo_notices":[],"_links":{"self":[{"href":"https:\/\/lovelab.berlin\/de\/wp-json\/wp\/v2\/pages\/1583","targetHints":{"allow":["GET"]}}],"collection":[{"href":"https:\/\/lovelab.berlin\/de\/wp-json\/wp\/v2\/pages"}],"about":[{"href":"https:\/\/lovelab.berlin\/de\/wp-json\/wp\/v2\/types\/page"}],"author":[{"embeddable":true,"href":"https:\/\/lovelab.berlin\/de\/wp-json\/wp\/v2\/users\/1"}],"replies":[{"embeddable":true,"href":"https:\/\/lovelab.berlin\/de\/wp-json\/wp\/v2\/comments?post=1583"}],"version-history":[{"count":6,"href":"https:\/\/lovelab.berlin\/de\/wp-json\/wp\/v2\/pages\/1583\/revisions"}],"predecessor-version":[{"id":1631,"href":"https:\/\/lovelab.berlin\/de\/wp-json\/wp\/v2\/pages\/1583\/revisions\/1631"}],"wp:featuredmedia":[{"embeddable":true,"href":"https:\/\/lovelab.berlin\/de\/wp-json\/wp\/v2\/media\/1592"}],"wp:attachment":[{"href":"https:\/\/lovelab.berlin\/de\/wp-json\/wp\/v2\/media?parent=1583"}],"wp:term":[{"taxonomy":"category","embeddable":true,"href":"https:\/\/lovelab.berlin\/de\/wp-json\/wp\/v2\/categories?post=1583"},{"taxonomy":"post_tag","embeddable":true,"href":"https:\/\/lovelab.berlin\/de\/wp-json\/wp\/v2\/tags?post=1583"}],"curies":[{"name":"wp","href":"https:\/\/api.w.org\/{rel}","templated":true}]}}