{"id":1568,"date":"2023-08-20T20:18:06","date_gmt":"2023-08-20T18:18:06","guid":{"rendered":"https:\/\/lovelab.berlin\/?page_id=1568"},"modified":"2026-02-21T11:59:26","modified_gmt":"2026-02-21T10:59:26","slug":"kosmischer-goldstaub","status":"publish","type":"page","link":"https:\/\/lovelab.berlin\/de\/cosmic-golddust\/","title":{"rendered":"Kosmischer Goldstaub | Str\u00fcver &amp; Ra"},"content":{"rendered":"<div class=\"wpb-content-wrapper\">\n<div  data-mk-stretch-content=\"true\" class=\"wpb_row vc_row vc_row-fluid jupiter-donut- mk-fullwidth-false  attched-false     js-master-row  mk-grid\">\n\t\t\t\t\n<div class=\"vc_col-sm-8 wpb_column column_container  jupiter-donut- _ jupiter-donut-height-full\">\n\t<div class=\"wpb_video_widget  jupiter-donut-\">\n\t<div class=\"wpb_wrapper\">\n\t\t\t\t<div id=\"video-container-2\" class=\"video-container\" data-id=\"2\" data-source=\"social_hosted\" data-autoplay=\"0\" data-loop=\"0\" data-target=\"lightbox\" itemprop=\"video\" itemtype=\"https:\/\/schema.org\/VideoObject\" >\n\t\t\t<div id=\"video-player-2\" class=\"video-player\">\n\t\t\t<div class=\"BorlabsCookie\"><div class=\"_brlbs-content-blocker\"> <div class=\"_brlbs-embed _brlbs-video-youtube\"> <img decoding=\"async\" class=\"_brlbs-thumbnail\" src=\"https:\/\/lovelab.berlin\/wp-content\/plugins\/borlabs-cookie\/images\/cb-no-thumbnail.png\" alt=\"YouTube\"> <div class=\"_brlbs-caption\"> <p>Durch das Laden des Videos erkl\u00e4ren Sie sich mit den Datenschutzbestimmungen von YouTube einverstanden.<br><a href=\"https:\/\/policies.google.com\/privacy?hl=en&amp;gl=en\" target=\"_blank\" rel=\"nofollow noopener noreferrer\">Mehr erfahren<\/a><\/p> <p><a class=\"_brlbs-btn _brlbs-icon-play-white\" href=\"#\" data-borlabs-cookie-unblock role=\"button\">Video laden<\/a><\/p> <p><label><input type=\"checkbox\" name=\"unblockAll\" value=\"1\" checked> <small>YouTube immer entsperren<\/small><\/label><\/p> <\/div> <\/div> <\/div><div class=\"borlabs-hide\" data-borlabs-cookie-type=\"content-blocker\" data-borlabs-cookie-id=\"youtube\"><script type=\"text\/template\">PGlmcmFtZSB0aXRsZT0iQW1iaWVudCBBc3Ryb25hdXRzIHwgQ29zbWljIEdvbGRkdXN0IiB3aWR0aD0iMTE0MCIgaGVpZ2h0PSI2NDEiIHNyYz0iaHR0cHM6Ly93d3cueW91dHViZS1ub2Nvb2tpZS5jb20vZW1iZWQvT0E0dGRDYVBlQzg\/ZmVhdHVyZT1vZW1iZWQiIGZyYW1lYm9yZGVyPSIwIiBhbGxvdz0iYWNjZWxlcm9tZXRlcjsgYXV0b3BsYXk7IGNsaXBib2FyZC13cml0ZTsgZW5jcnlwdGVkLW1lZGlhOyBneXJvc2NvcGU7IHBpY3R1cmUtaW4tcGljdHVyZTsgd2ViLXNoYXJlIiByZWZlcnJlcnBvbGljeT0ic3RyaWN0LW9yaWdpbi13aGVuLWNyb3NzLW9yaWdpbiIgYWxsb3dmdWxsc2NyZWVuPjwvaWZyYW1lPg==<\/script><\/div><\/div>\t\t\t<\/div>\n\t\t\t\t\t<\/div>\n\t<\/div>\n<\/div>\n<\/div>\n\n<div class=\"vc_col-sm-4 wpb_column column_container  jupiter-donut- _ jupiter-donut-height-full\">\n\t\n<h3  id=\"mk-title-box-4\" class=\"mk-title-box jupiter-donut-clearfix  jupiter-donut-\">\n\t<span>Kosmischer Goldstaub | Str\u00fcver &amp; Ra<\/span>\n<\/h3>\n\n\t<div class=\"vc_custom_1692825740404\">\n\n<div id=\"text-block-5\" class=\"mk-text-block  jupiter-donut-\">\n\n\t\n\t<p>Jens \u201cPlankton\u201d Str\u00fcver und Tim Ra sind Ambient-Astronauten, die uns auf eine wundersame Odyssee durch die kosmischen Annalen f\u00fchren, von der explosiven Geburt des Universums bis hin zu einer fernen Zukunft, in der alles unaufhaltsam in den Schlund eines schwarzen Lochs gezogen wird, nur um von neuem geboren zu werden. Diese atemberaubende Reise wird durch die lebhafte optische Vorstellungskraft von AI und eine epische 25-min\u00fctige Audiokomposition mit der Bassposaunistin Maxine Troglauer, dem Cellisten Hugo Apruzzese sowie Str\u00fcver und Ra an den Synthesizern zum Leben erweckt, die die atemberaubende Sch\u00f6nheit und Majest\u00e4t des Kosmos einfangen.<\/p>\n<p>Komposition und Synthesizer: Jens Str\u00fcver &amp; Tim Ra<br \/>\nBassposaune: Maxine Troglauer<br \/>\nCello: Hugo Apruzzese<\/p>\n<p>Weltpremiere am 23. Sept. 2023 | 12-20h | lovelab.berlin<\/p>\n<p>Griebenowstra\u00dfe 23 | 10435 Berlin<\/p>\n\n\t<div class=\"clearboth\"><\/div>\n<\/div>\n\n\t<\/div>\n<\/div>\n\t<\/div>\n\n<\/div>","protected":false},"excerpt":{"rendered":"<p>Jens \u201cPlankton\u201d Str\u00fcver und Tim Ra sind Ambient-Astronauten, die uns auf eine wundersame Odyssee durch die kosmischen Annalen f\u00fchren, von der explosiven Geburt des Universums bis hin zu einer fernen Zukunft, in der alles unaufhaltsam in den Schlund eines schwarzen Lochs gezogen wird, nur um von neuem geboren zu werden.<\/p>","protected":false},"author":1,"featured_media":1571,"parent":0,"menu_order":0,"comment_status":"closed","ping_status":"closed","template":"","meta":{"footnotes":""},"categories":[130],"tags":[],"class_list":["post-1568","page","type-page","status-publish","has-post-thumbnail","hentry","category-label"],"aioseo_notices":[],"_links":{"self":[{"href":"https:\/\/lovelab.berlin\/de\/wp-json\/wp\/v2\/pages\/1568","targetHints":{"allow":["GET"]}}],"collection":[{"href":"https:\/\/lovelab.berlin\/de\/wp-json\/wp\/v2\/pages"}],"about":[{"href":"https:\/\/lovelab.berlin\/de\/wp-json\/wp\/v2\/types\/page"}],"author":[{"embeddable":true,"href":"https:\/\/lovelab.berlin\/de\/wp-json\/wp\/v2\/users\/1"}],"replies":[{"embeddable":true,"href":"https:\/\/lovelab.berlin\/de\/wp-json\/wp\/v2\/comments?post=1568"}],"version-history":[{"count":10,"href":"https:\/\/lovelab.berlin\/de\/wp-json\/wp\/v2\/pages\/1568\/revisions"}],"predecessor-version":[{"id":2200,"href":"https:\/\/lovelab.berlin\/de\/wp-json\/wp\/v2\/pages\/1568\/revisions\/2200"}],"wp:featuredmedia":[{"embeddable":true,"href":"https:\/\/lovelab.berlin\/de\/wp-json\/wp\/v2\/media\/1571"}],"wp:attachment":[{"href":"https:\/\/lovelab.berlin\/de\/wp-json\/wp\/v2\/media?parent=1568"}],"wp:term":[{"taxonomy":"category","embeddable":true,"href":"https:\/\/lovelab.berlin\/de\/wp-json\/wp\/v2\/categories?post=1568"},{"taxonomy":"post_tag","embeddable":true,"href":"https:\/\/lovelab.berlin\/de\/wp-json\/wp\/v2\/tags?post=1568"}],"curies":[{"name":"wp","href":"https:\/\/api.w.org\/{rel}","templated":true}]}}