{"id":1239,"date":"2020-06-07T11:09:39","date_gmt":"2020-06-07T09:09:39","guid":{"rendered":"https:\/\/lovelab.berlin\/?page_id=1239"},"modified":"2020-06-07T11:09:39","modified_gmt":"2020-06-07T09:09:39","slug":"fruehlingsgefuehle","status":"publish","type":"page","link":"https:\/\/lovelab.berlin\/de\/fruehlingsgefuehle\/","title":{"rendered":"Lontano | Fr\u00fchlingsgef\u00fchle"},"content":{"rendered":"<div class=\"wpb-content-wrapper\">\n<div  data-mk-full-width=\"true\" data-mk-full-width-init=\"false\" data-mk-stretch-content=\"true\" class=\"wpb_row vc_row vc_row-fluid jupiter-donut- mk-fullwidth-true  attched-false     js-master-row  mk-full-content-true\">\n\t\t\t\t\n<div class=\"vc_col-sm-12 wpb_column column_container  jupiter-donut- _ jupiter-donut-height-full\">\n\t\t<div class=\" vc_custom_1591520710692\">\n\n<div id=\"text-block-2\" class=\"mk-text-block  jupiter-donut- \">\n\n\t\n\t<p>[iframe id=&#8221;https:\/\/www.youtube.com\/embed\/8V_1xOtqPNE?showinfo=0&amp;modestbranding=1&amp;autoplay=1&amp;controls=0&amp;fs=0&amp;rel=0&#8243; align=&#8221;center&#8221; mode=&#8221;normal&#8221; autoplay=&#8221;yes&#8221; aspect_ratio=&#8221;16:9&#8243; maxwidth=&#8221;4096&#8243; grow=&#8221;yes&#8221;]<\/p>\n\n\t<div class=\"clearboth\"><\/div>\n<\/div>\n\n\t<\/div>\n<\/div>\n\t<\/div>\n<div class=\"vc_row-full-width vc_clearfix\"><\/div>\n<div  data-mk-stretch-content=\"true\" class=\"wpb_row vc_row vc_row-fluid jupiter-donut- mk-fullwidth-false  attched-false     js-master-row  mk-grid\">\n\t\t\t\t\n<div class=\"vc_col-sm-4 wpb_column column_container  jupiter-donut- _ jupiter-donut-height-full\">\n\t<\/div>\n\n<div class=\"vc_col-sm-4 wpb_column column_container  jupiter-donut- _ jupiter-donut-height-full\">\n\t\n<h3  id=\"mk-title-box-5\" class=\"mk-title-box jupiter-donut-clearfix  jupiter-donut-\">\n\t<span>liebende<\/span>\n<\/h3>\n\n\t<div class=\" vc_custom_1591520931525\">\n\n<div id=\"text-block-6\" class=\"mk-text-block  jupiter-donut- \">\n\n\t\n\t<p>Fr\u00fchling kommt und die Zeiten \u00e4ndern sich. Rainer Volkenborn (Bandoneon) und Tim Ra (iPad) improvisieren sich in die H\u00f6he.<\/p>\n\n\t<div class=\"clearboth\"><\/div>\n<\/div>\n\n\t<\/div>\n<\/div>\n\n<div class=\"vc_col-sm-4 wpb_column column_container  jupiter-donut- _ jupiter-donut-height-full\">\n\t<\/div>\n\t<\/div>\n\n<\/div>","protected":false},"excerpt":{"rendered":"<p>Der Fr\u00fchling kommt und die Zeiten \u00e4ndern sich. Rainer Volkenborn (Bandoneon) und Tim Ra (iPad) improvisieren sich in die H\u00f6he. <\/p>","protected":false},"author":1,"featured_media":1240,"parent":0,"menu_order":0,"comment_status":"closed","ping_status":"closed","template":"","meta":{"footnotes":""},"categories":[123],"tags":[],"class_list":["post-1239","page","type-page","status-publish","has-post-thumbnail","hentry","category-lontano"],"aioseo_notices":[],"_links":{"self":[{"href":"https:\/\/lovelab.berlin\/de\/wp-json\/wp\/v2\/pages\/1239","targetHints":{"allow":["GET"]}}],"collection":[{"href":"https:\/\/lovelab.berlin\/de\/wp-json\/wp\/v2\/pages"}],"about":[{"href":"https:\/\/lovelab.berlin\/de\/wp-json\/wp\/v2\/types\/page"}],"author":[{"embeddable":true,"href":"https:\/\/lovelab.berlin\/de\/wp-json\/wp\/v2\/users\/1"}],"replies":[{"embeddable":true,"href":"https:\/\/lovelab.berlin\/de\/wp-json\/wp\/v2\/comments?post=1239"}],"version-history":[{"count":1,"href":"https:\/\/lovelab.berlin\/de\/wp-json\/wp\/v2\/pages\/1239\/revisions"}],"predecessor-version":[{"id":1241,"href":"https:\/\/lovelab.berlin\/de\/wp-json\/wp\/v2\/pages\/1239\/revisions\/1241"}],"wp:featuredmedia":[{"embeddable":true,"href":"https:\/\/lovelab.berlin\/de\/wp-json\/wp\/v2\/media\/1240"}],"wp:attachment":[{"href":"https:\/\/lovelab.berlin\/de\/wp-json\/wp\/v2\/media?parent=1239"}],"wp:term":[{"taxonomy":"category","embeddable":true,"href":"https:\/\/lovelab.berlin\/de\/wp-json\/wp\/v2\/categories?post=1239"},{"taxonomy":"post_tag","embeddable":true,"href":"https:\/\/lovelab.berlin\/de\/wp-json\/wp\/v2\/tags?post=1239"}],"curies":[{"name":"wp","href":"https:\/\/api.w.org\/{rel}","templated":true}]}}